{"id":17191,"date":"2022-11-10T14:41:10","date_gmt":"2022-11-10T14:41:10","guid":{"rendered":"https:\/\/schweizercasinoclub.com\/?page_id=17191"},"modified":"2022-11-10T14:43:12","modified_gmt":"2022-11-10T14:43:12","slug":"plan-du-site","status":"publish","type":"page","link":"https:\/\/schweizercasinoclub.com\/fr\/plan-du-site\/","title":{"rendered":"Plan du Site"},"content":{"rendered":"\n<ul><li><a href=\"https:\/\/schweizercasinoclub.com\/fr\/blackjack-en-ligne\/\">Blackjack en ligne Suisse<\/a><\/li>\n<li><a href=\"https:\/\/schweizercasinoclub.com\/fr\/1-euro-deposit\/\">Casino d\u00e9p\u00f4t minimum 1 euro<\/a><\/li>\n<li><a href=\"https:\/\/schweizercasinoclub.com\/fr\/casino-en-argent-reel\/\">Casino en ligne argent r\u00e9el Suisse<\/a><\/li>\n<li><a href=\"https:\/\/schweizercasinoclub.com\/fr\/10-euro-deposit\/\">Casino en ligne avec un d\u00e9p\u00f4t de 10 euros<\/a><\/li>\n<li><a href=\"https:\/\/schweizercasinoclub.com\/fr\/mobile-casino\/\">Casino Mobile Suisse<\/a><\/li>\n<li><a href=\"https:\/\/schweizercasinoclub.com\/fr\/5-euro-deposit\/\">Casinos \u00e0 D\u00e9p\u00f4t de 5 euros pour 2022<\/a><\/li>\n<li><a href=\"https:\/\/schweizercasinoclub.com\/fr\/\">Casinos en Ligne Suisse<\/a><\/li>\n<li><a href=\"https:\/\/schweizercasinoclub.com\/fr\/jeux-de-casino\/\">Jeux de casino en ligne en Suisses<\/a><\/li>\n<li><a href=\"https:\/\/schweizercasinoclub.com\/fr\/jeux-de-casino-gratuits\/\">Jeux de Casino en Ligne Gratuit<\/a><\/li>\n<li><a href=\"https:\/\/schweizercasinoclub.com\/fr\/casino-en-ligne-legal\/\">Jouez sur un Casino en Ligne L\u00e9gal en Suisse<\/a><\/li>\n<li><a href=\"https:\/\/schweizercasinoclub.com\/fr\/bonus-casino\/\">Les meilleurs bonus de casino en ligne en Suisse 2023<\/a>\n<ul class='children'>\n\t<li><a href=\"https:\/\/schweizercasinoclub.com\/fr\/bonus-casino\/bienvenue-bonus\/\">Bonus de Bienvenue pour les Machines \u00e0 Sous en ligne Casinos<\/a><\/li>\n\t<li><a href=\"https:\/\/schweizercasinoclub.com\/fr\/bonus-casino\/free-spins\/\">bonus de tours gratuits<\/a><\/li>\n\t<li><a href=\"https:\/\/schweizercasinoclub.com\/fr\/bonus-casino\/sans-depot\/\">Casino en Ligne Bonus sans Depot<\/a><\/li>\n<\/ul>\n<\/li>\n<li><a href=\"https:\/\/schweizercasinoclub.com\/fr\/paiements\/\">Les Meilleurs Moyens de Paiement pour les Casinos en ligne<\/a><\/li>\n<li><a href=\"https:\/\/schweizercasinoclub.com\/fr\/casino-live\/\">Les Meilleurs Sites de Live Casino en Suisse 2022<\/a><\/li>\n<li><a href=\"https:\/\/schweizercasinoclub.com\/fr\/machines-a-sous\/\">Machines \u00e0 Sous en Ligne 2023 Suisse<\/a><\/li>\n<li><a href=\"https:\/\/schweizercasinoclub.com\/fr\/poker\/\">Meilleurs Casinos de Poker en Argent R\u00e9el de Suisse<\/a><\/li>\n<li><a href=\"https:\/\/schweizercasinoclub.com\/fr\/nouveaux-casinos-en-ligne\/\">Nouveau Casino en Ligne Suisse<\/a><\/li>\n<li><a href=\"https:\/\/schweizercasinoclub.com\/fr\/roulette\/\">Roulette<\/a><\/li>\n<\/ul>\n","protected":false},"excerpt":{"rendered":"","protected":false},"author":12,"featured_media":0,"parent":0,"menu_order":0,"comment_status":"closed","ping_status":"closed","template":"","meta":{"inline_featured_image":false},"yoast_head":"<!-- This site is optimized with the Yoast SEO plugin v18.2 - https:\/\/yoast.com\/wordpress\/plugins\/seo\/ -->\n<title>Plan du Site - SchweizerCasinoClub<\/title>\n<meta name=\"robots\" content=\"index, follow, max-snippet:-1, max-image-preview:large, max-video-preview:-1\" \/>\n<link rel=\"canonical\" href=\"https:\/\/schweizercasinoclub.com\/fr\/plan-du-site\/\" \/>\n<meta property=\"og:locale\" content=\"fr_FR\" \/>\n<meta property=\"og:type\" content=\"article\" \/>\n<meta property=\"og:title\" content=\"Plan du Site - SchweizerCasinoClub\" \/>\n<meta property=\"og:url\" content=\"https:\/\/schweizercasinoclub.com\/fr\/plan-du-site\/\" \/>\n<meta property=\"og:site_name\" content=\"SchweizerCasinoClub\" \/>\n<meta property=\"article:modified_time\" content=\"2022-11-10T14:43:12+00:00\" \/>\n<meta name=\"twitter:card\" content=\"summary_large_image\" \/>\n<meta name=\"twitter:label1\" content=\"Est. reading time\" \/>\n\t<meta name=\"twitter:data1\" content=\"1 minute\" \/>\n<script type=\"application\/ld+json\" class=\"yoast-schema-graph\">{\"@context\":\"https:\/\/schema.org\",\"@graph\":[{\"@type\":\"WebSite\",\"@id\":\"https:\/\/schweizercasinoclub.com\/#website\",\"url\":\"https:\/\/schweizercasinoclub.com\/\",\"name\":\"SchweizerCasinoClub\",\"description\":\"\",\"potentialAction\":[{\"@type\":\"SearchAction\",\"target\":{\"@type\":\"EntryPoint\",\"urlTemplate\":\"https:\/\/schweizercasinoclub.com\/?s={search_term_string}\"},\"query-input\":\"required name=search_term_string\"}],\"inLanguage\":\"fr-CA\"},{\"@type\":\"WebPage\",\"@id\":\"https:\/\/schweizercasinoclub.com\/fr\/plan-du-site\/#webpage\",\"url\":\"https:\/\/schweizercasinoclub.com\/fr\/plan-du-site\/\",\"name\":\"Plan du Site - SchweizerCasinoClub\",\"isPartOf\":{\"@id\":\"https:\/\/schweizercasinoclub.com\/#website\"},\"datePublished\":\"2022-11-10T14:41:10+00:00\",\"dateModified\":\"2022-11-10T14:43:12+00:00\",\"breadcrumb\":{\"@id\":\"https:\/\/schweizercasinoclub.com\/fr\/plan-du-site\/#breadcrumb\"},\"inLanguage\":\"fr-CA\",\"potentialAction\":[{\"@type\":\"ReadAction\",\"target\":[\"https:\/\/schweizercasinoclub.com\/fr\/plan-du-site\/\"]}]},{\"@type\":\"BreadcrumbList\",\"@id\":\"https:\/\/schweizercasinoclub.com\/fr\/plan-du-site\/#breadcrumb\",\"itemListElement\":[{\"@type\":\"ListItem\",\"position\":1,\"name\":\"Online Casinos\",\"item\":\"https:\/\/schweizercasinoclub.com\/fr\/\"},{\"@type\":\"ListItem\",\"position\":2,\"name\":\"Plan du Site\"}]}]}<\/script>\n<!-- \/ Yoast SEO plugin. -->","yoast_head_json":{"title":"Plan du Site - SchweizerCasinoClub","robots":{"index":"index","follow":"follow","max-snippet":"max-snippet:-1","max-image-preview":"max-image-preview:large","max-video-preview":"max-video-preview:-1"},"canonical":"https:\/\/schweizercasinoclub.com\/fr\/plan-du-site\/","og_locale":"fr_FR","og_type":"article","og_title":"Plan du Site - SchweizerCasinoClub","og_url":"https:\/\/schweizercasinoclub.com\/fr\/plan-du-site\/","og_site_name":"SchweizerCasinoClub","article_modified_time":"2022-11-10T14:43:12+00:00","twitter_card":"summary_large_image","twitter_misc":{"Est. reading time":"1 minute"},"schema":{"@context":"https:\/\/schema.org","@graph":[{"@type":"WebSite","@id":"https:\/\/schweizercasinoclub.com\/#website","url":"https:\/\/schweizercasinoclub.com\/","name":"SchweizerCasinoClub","description":"","potentialAction":[{"@type":"SearchAction","target":{"@type":"EntryPoint","urlTemplate":"https:\/\/schweizercasinoclub.com\/?s={search_term_string}"},"query-input":"required name=search_term_string"}],"inLanguage":"fr-CA"},{"@type":"WebPage","@id":"https:\/\/schweizercasinoclub.com\/fr\/plan-du-site\/#webpage","url":"https:\/\/schweizercasinoclub.com\/fr\/plan-du-site\/","name":"Plan du Site - SchweizerCasinoClub","isPartOf":{"@id":"https:\/\/schweizercasinoclub.com\/#website"},"datePublished":"2022-11-10T14:41:10+00:00","dateModified":"2022-11-10T14:43:12+00:00","breadcrumb":{"@id":"https:\/\/schweizercasinoclub.com\/fr\/plan-du-site\/#breadcrumb"},"inLanguage":"fr-CA","potentialAction":[{"@type":"ReadAction","target":["https:\/\/schweizercasinoclub.com\/fr\/plan-du-site\/"]}]},{"@type":"BreadcrumbList","@id":"https:\/\/schweizercasinoclub.com\/fr\/plan-du-site\/#breadcrumb","itemListElement":[{"@type":"ListItem","position":1,"name":"Online Casinos","item":"https:\/\/schweizercasinoclub.com\/fr\/"},{"@type":"ListItem","position":2,"name":"Plan du Site"}]}]}},"_links":{"self":[{"href":"https:\/\/schweizercasinoclub.com\/fr\/wp-json\/wp\/v2\/pages\/17191"}],"collection":[{"href":"https:\/\/schweizercasinoclub.com\/fr\/wp-json\/wp\/v2\/pages"}],"about":[{"href":"https:\/\/schweizercasinoclub.com\/fr\/wp-json\/wp\/v2\/types\/page"}],"author":[{"embeddable":true,"href":"https:\/\/schweizercasinoclub.com\/fr\/wp-json\/wp\/v2\/users\/12"}],"replies":[{"embeddable":true,"href":"https:\/\/schweizercasinoclub.com\/fr\/wp-json\/wp\/v2\/comments?post=17191"}],"version-history":[{"count":6,"href":"https:\/\/schweizercasinoclub.com\/fr\/wp-json\/wp\/v2\/pages\/17191\/revisions"}],"predecessor-version":[{"id":17197,"href":"https:\/\/schweizercasinoclub.com\/fr\/wp-json\/wp\/v2\/pages\/17191\/revisions\/17197"}],"wp:attachment":[{"href":"https:\/\/schweizercasinoclub.com\/fr\/wp-json\/wp\/v2\/media?parent=17191"}],"curies":[{"name":"wp","href":"https:\/\/api.w.org\/{rel}","templated":true}]}}