{"id":16883,"date":"2022-11-02T12:50:01","date_gmt":"2022-11-02T12:50:01","guid":{"rendered":"https:\/\/schweizercasinoclub.com\/?page_id=16883"},"modified":"2023-01-03T15:03:00","modified_gmt":"2023-01-03T15:03:00","slug":"roulette","status":"publish","type":"page","link":"https:\/\/schweizercasinoclub.com\/fr\/roulette\/","title":{"rendered":"Roulette"},"content":{"rendered":"\n\n\n\n\n<p>L\u2019un des jeux&nbsp;phares des casinos, que ce soit un casino terrestre ou sur Internet, c\u2019est la roulette. Ce jeu qui n\u00e9cessite une table, une roue et une bille est autant populaire, pour la simple et bonne raison qu\u2019il est assez facile d\u2019y faire des gains. Cela est d\u00fb \u00e0 la multitude des types de paris que les jeux en ligne argent r\u00e9el proposent, et la diversit\u00e9 des variantes de ce jeu de casino.<\/p>\n\n\n\n<h2><span id=\"_Comment_nous_testons_les_casinos_en_ligne_de_roulettenbsp\">\ud83d\udd0e Comment nous testons les casinos en ligne de roulette&nbsp;?<\/span><\/h2>\n\n\n\n<div id=\"toc_container\" class=\"toc_wrap_right no_bullets\"><p class=\"toc_title\">Inhaltsverzeichnis<\/p><ol class=\"toc_list\"><li><a href=\"#_Comment_nous_testons_les_casinos_en_ligne_de_roulettenbsp\">\ud83d\udd0e Comment nous testons les casinos en ligne de roulette&nbsp;?<\/a><\/li><li><a href=\"#_Variations_de_la_roulette\">\u2b07\ufe0f Variations de la roulette<\/a><\/li><li><a href=\"#_Applications_mobiles_pour_roulette\">\ud83e\udd33 Applications mobiles pour roulette<\/a><\/li><li><a href=\"#_Methodes_de_depot_de_casino\">\ud83d\udd27 M\u00e9thodes de d\u00e9p\u00f4t de casino<\/a><\/li><li><a href=\"#_Conseils_de_roulette\">\ud83d\udca1 Conseils de roulette<\/a><\/li><li><a href=\"#_Regles_pour_jouer_a_la_roulette\">\ud83d\udccb R\u00e8gles pour jouer \u00e0 la roulette<\/a><\/li><li><a href=\"#_FAQ\">\u2753 FAQ: <\/a><\/li><\/ol><\/div>\n\n\n\n\n<div class=\"wp-block-image\"><figure class=\"alignleft is-resized\"><img src=\"https:\/\/schweizercasinoclub.com\/wp-content\/uploads\/2022\/05\/roulette.png\" alt=\"roulette\" class=\"wp-image-6946\" width=\"130\"\/><\/figure><\/div>\n\n\n\n<p>Comme nous le disions, opter pour un casino de qualit\u00e9 est important, m\u00eame lorsqu\u2019il ne s\u2019agit pas de roulette en ligne. Cela vous permettra de vivre une belle exp\u00e9rience de jeu. Afin de choisir les sites de r\u00e9f\u00e9rence en ligne sur lesquels vous pourrez vous adonner \u00e0 des jeux de casino, nous prenons en compte un certain nombre d\u2019\u00e9l\u00e9ments.<\/p>\n\n\n\n<h3>\ud83c\udf81 Bonus de bienvenue et sans d\u00e9p\u00f4t<\/h3>\n\n\n\n<p>Nous commen\u00e7ons notre check-up pour trouver le meilleur casino par les offres promotionnelles propos\u00e9es. Il va de soi que la plateforme doit proposer de nombreux types de promotions et en premier lieu, <a href=\"https:\/\/schweizercasinoclub.com\/fr\/bonus-casino\/bienvenue-bonus\/\">les bonus de bienvenue<\/a>. Ce type de gratification s\u2019applique aux nouveaux joueurs qui s\u2019inscrivent sur les sites. Ils peuvent \u00eatre un pourcentage et des tours gratuits. Dans la plupart des cas, ils sont \u00e9tal\u00e9s sur plusieurs d\u00e9p\u00f4ts.<\/p>\n\n\n\n<p>Le casino pour lequel vous optez doit \u00e9galement vous proposer des bonus sans d\u00e9p\u00f4t pour les jeux gratuits. Ce genre de prime vous permettra de profiter de divers jeux, notamment jouer \u00e0 la roulette en ligne argent reel. Il faut toutefois vous assurer que les conditions de mises impos\u00e9es par le casino vous conviennent.<\/p>\n\n\n\n<h3>\ud83d\udcb0 Jackpots<\/h3>\n\n\n\n<p>Il est id\u00e9al d\u2019opter pour un casino disposant des jeux avec jackpot fixe, variable et\/ou progressif. En choisissant ce genre de casino, vous pourrez remporter le gros lot, m\u00eame avec la mise minimale.<\/p>\n\n\n\n<h3>\u2655 Programme de fid\u00e9lit\u00e9<\/h3>\n\n\n\n<p>Le programme de fid\u00e9lit\u00e9 est con\u00e7u pour r\u00e9compenser les meilleurs joueurs. A partir d\u2019un moment, si vous jouez r\u00e9guli\u00e8rement, faites de gros paris, le casino peut prendre la d\u00e9cision de vous inscrire \u00e0 ce programme. Vous b\u00e9n\u00e9ficierez ainsi de promotions r\u00e9guli\u00e8res, faites sur mesure pour vous. Nous v\u00e9rifions si le casino choisi dispose d\u2019un tel programme et s\u2019il vous permet de b\u00e9n\u00e9ficier des meilleurs avantages.<\/p>\n\n\n\n<h3>\u2699\ufe0f Logiciel<\/h3>\n\n\n\n<p>Il s\u2019agit d\u2019un crit\u00e8re en rapport avec les jeux propos\u00e9s par les casinos terrestres ou en ligne. Si le casino est en relation avec les meilleurs fournisseurs de logiciels dans le domaine, il vous proposera <a href=\"https:\/\/schweizercasinoclub.com\/fr\/jeux-de-casino\/\">les meilleurs jeux<\/a>. Nous v\u00e9rifions donc si les casinos en ligne proposent des jeux de roulette fournis par les sp\u00e9cialistes dans le domaine.<\/p>\n\n\n\n<h2><span id=\"_Variations_de_la_roulette\">\u2b07\ufe0f Variations de la roulette<\/span><\/h2>\n\n\n\n<div class=\"wp-block-image\"><figure class=\"alignright is-resized\"><img src=\"https:\/\/schweizercasinoclub.com\/wp-content\/uploads\/2022\/05\/roulette-1.png\" alt=\"Variations de la roulette\" class=\"wp-image-6946\" width=\"130\"\/><\/figure><\/div>\n\n\n\n<p>Elle&nbsp;se d\u00e9cline en plusieurs vari\u00e9t\u00e9s. Chacune de ces vari\u00e9t\u00e9s dispose de ses sp\u00e9cificit\u00e9s. La pluralit\u00e9 des variations permet \u00e0 tous les types de joueurs de se retrouver \u00e0 travers ce jeu.<\/p>\n\n\n\n<h3>\ud83d\udd34 Roulette europ\u00e9enne<\/h3>\n\n\n\n<p>Pour votre jeu,&nbsp;il vous est possible d\u2019opter pour l\u2019European roulette. La roulette europ\u00e9enne est sans aucun doute de la vari\u00e9t\u00e9 la plus populaire. Sa popularit\u00e9 est due aux avantages qu\u2019il offre. La roue de cette variante n\u2019est dot\u00e9e que d\u2019une seule case 0. Le joueur a la possibilit\u00e9 de faire plusieurs types de pari sur ce jeu en ligne et surtout, de b\u00e9n\u00e9ficier d\u2019un avantage-maison faible.<\/p>\n\n\n\n<h3>\u26ab Roulette am\u00e9ricaine<\/h3>\n\n\n\n<p>La roulette am\u00e9ricaine a \u00e9t\u00e9 instaur\u00e9e par les promoteurs de roulette casino en ligne. Ces derniers cherchaient un moyen pour ne pas compl\u00e8tement perdre l\u2019avantage au d\u00e9triment des joueurs. Ils ont alors d\u00e9cid\u00e9 de passer au double z\u00e9ro&nbsp;sur l\u2019american roulette. Si vous vous rendez dans un casino terrestre aux USA, c\u2019est la version am\u00e9ricaine que vous rencontrerez. En ligne, vous trouverez les diff\u00e9rentes variations dont nous parlons ici.<\/p>\n\n\n\n<h3>\ud83d\udd34 Roulette fran\u00e7aise<\/h3>\n\n\n\n<p>Cette version poss\u00e8de des points communs avec l\u2019europ\u00e9enne. La diff\u00e9rence se trouve au niveau des paris. Ici, aux mises traditionnelles s\u2019ajoutent les paris externes. Ces paris sont propos\u00e9s de mani\u00e8re exclusive. Il vous faudra un plus grand nombre de jetons pour profiter de cette version.<\/p>\n\n\n\n<h3>\u26ab Roulette anglaise<\/h3>\n\n\n\n<p>La roulette anglaise est l&rsquo;une des options que vous avez sur les sites de jeux roulette en ligne. Il existe des similitudes entre cette variante et celle fran\u00e7aise. Mais le nombre de joueurs est limit\u00e9 dans ce jeu. Chaque participant re\u00e7oit une couleur de jeton et il n\u2019y a qu\u2019un seul croupier.<\/p>\n\n\n\n<p>Vous pourrez par ailleurs trouver la roulette Suisse et russe, m\u00eame si elles sont moins populaires.<\/p>\n\n\n\n<h2><span id=\"_Applications_mobiles_pour_roulette\">\ud83e\udd33 Applications mobiles pour roulette<\/span><\/h2>\n\n\n\n<div class=\"wp-block-image\"><figure class=\"alignleft is-resized\"><img src=\"https:\/\/schweizercasinoclub.com\/wp-content\/uploads\/2022\/04\/smartphone-e1651224144930.png\" alt=\"mobile roulette\" class=\"wp-image-6946\" width=\"130\"\/><\/figure><\/div>\n\n\n\n<p>Vous pouvez, si vous le souhaitez, jouer&nbsp;directement sur mobile. Pour cela, il vous faudra t\u00e9l\u00e9charger une application mobile. Les applications de roulette sont disponibles sur diff\u00e9rents supports mobiles. Si vous disposez d\u2019un Android, vous vous rendrez sur le Play Store pour le t\u00e9l\u00e9chargement de l\u2019appli. Pour les d\u00e9tenteurs d\u2019un iPhone, ils pourront trouver une application de ce jeu sur le Play Store.<\/p>\n\n\n\n<p>Il est important de bien choisir son application. Vous pourrez pour cela vous r\u00e9f\u00e9rer aux avis des utilisateurs et aux revues.<\/p>\n\n\n\n<h2><span id=\"_Methodes_de_depot_de_casino\">\ud83d\udd27 M\u00e9thodes de d\u00e9p\u00f4t de casino<\/span><\/h2>\n\n\n\n<p>Pour le choix du casino sur lequel vous jouerez \u00e0 la roulette en ligne, vous devez v\u00e9rifier les m\u00e9thodes de d\u00e9p\u00f4t disponibles. Elles sont importantes dans le sens o\u00f9 vous ne vous contenterez pas de jouer gratuitement. Vous ferez des d\u00e9p\u00f4ts et des retraits. Voici les options&nbsp;possibles :<\/p>\n\n\n\n<ul><li>options bancaires (VISA, MasterCard, American Express, virements bancaires, etc.)<\/li><li>portefeuilles \u00e9lectroniques (PayPal, <a href=\"https:\/\/schweizercasinoclub.com\/fr\/payments\/neteller\/\">Neteller<\/a>, <a href=\"https:\/\/schweizercasinoclub.com\/fr\/payments\/skrill\/\">Skrill<\/a>, ect.)<\/li><li><a href=\"https:\/\/schweizercasinoclub.com\/fr\/payments\/bitcoin\/\">Bitcoins<\/a><\/li><\/ul>\n\n\n\n<h2><span id=\"_Conseils_de_roulette\">\ud83d\udca1 Conseils de roulette<\/span><\/h2>\n\n\n\n<div class=\"wp-block-image\"><figure class=\"alignright is-resized\"><img loading=\"lazy\" src=\"https:\/\/schweizercasinoclub.com\/wp-content\/uploads\/2020\/11\/online-casino-icon.png\" alt=\"Conseils de roulette\" class=\"wp-image-6946\" width=\"130\" height=\"120\"\/><\/figure><\/div>\n\n\n\n<p>Pour gagner \u00e0 ce jeu roulette en ligne, vous aurez besoin de certaines astuces et strat\u00e9gies. Voici quelques techniques susceptibles de vous int\u00e9resser:<\/p>\n\n\n\n<p>Martingale&nbsp;: il existe plusieurs martingales et la plus populaire est celle qui vous fait \u00e9quilibrer deux pertes successives par un gain \u00e0 la roulette casino en ligne. Il faut miser sur une issue qui offre la cote minimale de 2 (c\u2019est-\u00e0-dire qui vous permette de d\u2019empocher au moins 2 fois votre mise). Autre strat\u00e9gie de Martingale, c\u2019est le fait d\u2019augmenter progressivement votre mise en cas de perte, et de l\u2019\u00e9quilibrer en cas de d\u00e9faite, afin de ne pas le perdre \u00e0 nouveau.<\/p>\n\n\n\n<p>Fibonacci&nbsp;: cette m\u00e9thode vous permet de g\u00e9rer votre bankroll sur la roulette. Elle consiste \u00e0 augmenter sa mise lorsqu\u2019il y a deux pertes successives.<\/p>\n\n\n\n<p>Num\u00e9ro plein&nbsp;: cette strat\u00e9gie se base sur le fait que certains num\u00e9ros ont plus de chances d\u2019apparaitre que d\u2019autres. Il vous faudra ici, faire attention \u00e0 la mani\u00e8re dont le croupier lance la bille, \u00e0 l\u2019inclinaison du jeu. Cette strat\u00e9gie est utilis\u00e9e pour la roulette live ou pour les jeux dans les casinos physiques.<\/p>\n\n\n\n<p>La bonne gestion de votre bankroll&nbsp;: Quelle que soit la strat\u00e9gie de jeu utilis\u00e9e, il faudra bien g\u00e9rer votre argent afin de le garder le plus longtemps possible. Ne misez que ce vous pouvez vous permettre de perdre. Et si vous gagnez, sachez vous arr\u00eater \u00e0 temps.<\/p>\n\n\n\n<h2><span id=\"_Regles_pour_jouer_a_la_roulette\">\ud83d\udccb R\u00e8gles pour jouer \u00e0 la roulette<\/span><\/h2>\n\n\n\n<p>Pour jouer&nbsp;au jeu de roulette, il est important de ma\u00eetriser un certain nombre de d\u00e9tails. Il faudra d\u00e9j\u00e0 par connaitre les types de pari que vous pourrez faire sur le jeu. Les types de pari sont nombreux. <strong>On distingue entre autres&nbsp;:<\/strong><\/p>\n\n\n\n<ul><li>pari direct<\/li><li>pari carr\u00e9<\/li><li>pari partag\u00e9<\/li><li>pari douzaine<\/li><li>pari rouge noir<\/li><li>pari num\u00e9ro pair impair<\/li><li>pari de rue<\/li><\/ul>\n\n\n\n<p>Choisissez donc le type de pari&nbsp;id\u00e9al pour vous. Vous pourrez jouer&nbsp;la version gratuite afin de voir celui qui vous convient le mieux, puis passer plus tard \u00e0 l\u2019argent r\u00e9el.<\/p>\n\n\n\n<p>Apr\u00e8s le choix du pari, le dealer fera tourner la roue. Une fois que le dealer lance la boule, vous ne pouvez plus faire de pari.<\/p>\n\n\n\n<p>D\u00e8s que la bille s\u2019arr\u00eate, les r\u00e9sultats sont annonc\u00e9s. Selon votre pari, vous pourrez gagner ou perdre. Ces sp\u00e9cificit\u00e9s s\u2019appliquent globalement aussi \u00e0 toutes les versions du jeu.<\/p>\n\n\n\n\t<div itemscope itemtype=\"https:\/\/schema.org\/FAQPage\" class=\"faq\">\n\t\t<meta itemprop=\"mainEntityOfPage\" content=\"https:\/\/schweizercasinoclub.com\"><h2 itemprop=\"name\"><span id=\"_FAQ\">\u2753 FAQ: <\/span><\/h2>\t\t<div class=\"faq-items\">\n\t\t\t\n<div data-iterator=\"1\" class=\"faq-item js-faq-block active \">\n\t<div itemscope itemprop=\"mainEntity\" itemtype=\"https:\/\/schema.org\/Question\" class=\"js-faq-question\">\n\t\t<h3 itemprop=\"name\" class=\"faq-item__question\">1\ufe0f\u20e3 Peut-on utiliser un bonus sur un jeu de roulette en ligne ?<\/h3>\n\t\t<div itemscope itemprop=\"acceptedAnswer\" itemtype=\"https:\/\/schema.org\/Answer\">\n\t\t\t<div itemprop=\"text\" class=\"faq-item__answer js-faq-answer active \">\n\t\t\t\t<div class=\"accordeon_item\">\n<div class=\"accordeon_item_info\">\n<p>Oui, si vous vous inscrivez sur un casino en ligne qui offre des bonus de bienvenue sans d\u00e9p\u00f4t, il est tout \u00e0 fait possible de profiter d\u2019un jeu de roulette sans miser de l\u2019argent r\u00e9el. Dans le cas contraire, vous profitez de vos bonus de d\u00e9p\u00f4t.<\/p>\n<\/div>\n<\/div>\n\t\t\t<\/div>\n\t\t<\/div>\n\t<\/div>\n<\/div>\n\n<div data-iterator=\"2\" class=\"faq-item js-faq-block \">\n\t<div itemscope itemprop=\"mainEntity\" itemtype=\"https:\/\/schema.org\/Question\" class=\"js-faq-question\">\n\t\t<h3 itemprop=\"name\" class=\"faq-item__question\">2\ufe0f\u20e3 Pourquoi jouer \u00e0 la roulette en ligne ?<\/h3>\n\t\t<div itemscope itemprop=\"acceptedAnswer\" itemtype=\"https:\/\/schema.org\/Answer\">\n\t\t\t<div itemprop=\"text\" class=\"faq-item__answer js-faq-answer \">\n\t\t\t\t<div class=\"accordeon_item\">\n<div class=\"accordeon_item_info\">\n<p>Deux raisons essentielles peuvent vous motiver \u00e0 jouer \u00e0 la roulette en ligne : la premi\u00e8re est pour l\u2019amour du jeu et la seconde est bien \u00e9videmment l\u2019envie de gagner de l\u2019argent. Quelle que soit votre motivation, vous avez la garantie de vivre les fortes \u00e9motions inh\u00e9rentes \u00e0 ce jeu.<\/p>\n<\/div>\n<\/div>\n<div class=\"accordeon_item\">\n<h6 class=\"accordeon_item_title\"><\/h6>\n<\/div>\n\t\t\t<\/div>\n\t\t<\/div>\n\t<\/div>\n<\/div>\n\n<div data-iterator=\"3\" class=\"faq-item js-faq-block \">\n\t<div itemscope itemprop=\"mainEntity\" itemtype=\"https:\/\/schema.org\/Question\" class=\"js-faq-question\">\n\t\t<h3 itemprop=\"name\" class=\"faq-item__question\">3\ufe0f\u20e3 Puis-je jouer \u00e0 la roulette en ligne depuis un appareil mobile ?<\/h3>\n\t\t<div itemscope itemprop=\"acceptedAnswer\" itemtype=\"https:\/\/schema.org\/Answer\">\n\t\t\t<div itemprop=\"text\" class=\"faq-item__answer js-faq-answer \">\n\t\t\t\t<div class=\"accordeon_item\">\n<div class=\"accordeon_item_info\">\n<p>Bien s\u00fbr. Que ce soit directement via le navigateur de votre t\u00e9l\u00e9phone ou via l\u2019application mobile de votre casino, vous pouvez profiter des jeux de roulette sur un Smartphone. Les fournisseurs de jeux construisent aujourd\u2019hui des logiciels parfaitement adapt\u00e9s aux mobiles.<\/p>\n<\/div>\n<\/div>\n<div class=\"accordeon_item\">\n<h6 class=\"accordeon_item_title\"><\/h6>\n<\/div>\n\t\t\t<\/div>\n\t\t<\/div>\n\t<\/div>\n<\/div>\n\n<div data-iterator=\"4\" class=\"faq-item js-faq-block \">\n\t<div itemscope itemprop=\"mainEntity\" itemtype=\"https:\/\/schema.org\/Question\" class=\"js-faq-question\">\n\t\t<h3 itemprop=\"name\" class=\"faq-item__question\">4\ufe0f\u20e3 O\u00f9 jouer \u00e0 la roulette en ligne gratuitement ?<\/h3>\n\t\t<div itemscope itemprop=\"acceptedAnswer\" itemtype=\"https:\/\/schema.org\/Answer\">\n\t\t\t<div itemprop=\"text\" class=\"faq-item__answer js-faq-answer \">\n\t\t\t\t<div class=\"accordeon\">\n<div class=\"accordeon_item\">\n<div class=\"accordeon_item_info\">\n<p>Il existe de nombreux casinos qui proposent des jeux de roulette en mode d\u00e9mo sans inscription. En plus de ceux-l\u00e0, il y a des bonus sans d\u00e9p\u00f4t dont vous profitez \u00e0 votre inscription pour tester les jeux comme la roulette.<\/p>\n<\/div>\n<\/div>\n<\/div>\n\t\t\t<\/div>\n\t\t<\/div>\n\t<\/div>\n<\/div>\n\t\t<\/div>\n\t<\/div>\n\n","protected":false},"excerpt":{"rendered":"<p>L\u2019un des jeux&nbsp;phares des casinos, que ce soit un casino terrestre ou sur Internet, c\u2019est la roulette. Ce jeu qui n\u00e9cessite une table, une roue et une bille est autant populaire, pour la simple et bonne raison qu\u2019il est assez facile d\u2019y faire des gains. Cela est d\u00fb \u00e0 la multitude des types de paris [&hellip;]<\/p>\n","protected":false},"author":12,"featured_media":0,"parent":0,"menu_order":0,"comment_status":"closed","ping_status":"closed","template":"","meta":{"inline_featured_image":false},"yoast_head":"<!-- This site is optimized with the Yoast SEO plugin v18.2 - https:\/\/yoast.com\/wordpress\/plugins\/seo\/ -->\n<title>Roulette en Ligne - Top Casinos Roulette en Ligne 2026<\/title>\n<meta name=\"description\" content=\"D\u00e9couvrez les meilleurs casinos pour la roulette en ligne suisse. Top des sites de jeux l\u00e9gaux et fiables pour joueurs suisses 2023!\" \/>\n<meta name=\"robots\" content=\"index, follow, max-snippet:-1, max-image-preview:large, max-video-preview:-1\" \/>\n<link rel=\"canonical\" href=\"https:\/\/schweizercasinoclub.com\/fr\/roulette\/\" \/>\n<meta property=\"og:locale\" content=\"fr_FR\" \/>\n<meta property=\"og:type\" content=\"article\" \/>\n<meta property=\"og:title\" content=\"Roulette en Ligne - Top Casinos Roulette en Ligne 2026\" \/>\n<meta property=\"og:description\" content=\"D\u00e9couvrez les meilleurs casinos pour la roulette en ligne suisse. Top des sites de jeux l\u00e9gaux et fiables pour joueurs suisses 2023!\" \/>\n<meta property=\"og:url\" content=\"https:\/\/schweizercasinoclub.com\/fr\/roulette\/\" \/>\n<meta property=\"og:site_name\" content=\"SchweizerCasinoClub\" \/>\n<meta property=\"article:modified_time\" content=\"2023-01-03T15:03:00+00:00\" \/>\n<meta property=\"og:image\" content=\"https:\/\/schweizercasinoclub.com\/wp-content\/uploads\/2022\/05\/roulette.png\" \/>\n<meta name=\"twitter:card\" content=\"summary_large_image\" \/>\n<meta name=\"twitter:label1\" content=\"Est. reading time\" \/>\n\t<meta name=\"twitter:data1\" content=\"7 minutes\" \/>\n<script type=\"application\/ld+json\" class=\"yoast-schema-graph\">{\"@context\":\"https:\/\/schema.org\",\"@graph\":[{\"@type\":\"WebSite\",\"@id\":\"https:\/\/schweizercasinoclub.com\/#website\",\"url\":\"https:\/\/schweizercasinoclub.com\/\",\"name\":\"SchweizerCasinoClub\",\"description\":\"\",\"potentialAction\":[{\"@type\":\"SearchAction\",\"target\":{\"@type\":\"EntryPoint\",\"urlTemplate\":\"https:\/\/schweizercasinoclub.com\/?s={search_term_string}\"},\"query-input\":\"required name=search_term_string\"}],\"inLanguage\":\"fr-CA\"},{\"@type\":\"ImageObject\",\"@id\":\"https:\/\/schweizercasinoclub.com\/fr\/roulette\/#primaryimage\",\"inLanguage\":\"fr-CA\",\"url\":\"https:\/\/schweizercasinoclub.com\/wp-content\/uploads\/2022\/05\/roulette.png\",\"contentUrl\":\"https:\/\/schweizercasinoclub.com\/wp-content\/uploads\/2022\/05\/roulette.png\",\"width\":512,\"height\":512,\"caption\":\"roulette logo 3\"},{\"@type\":\"WebPage\",\"@id\":\"https:\/\/schweizercasinoclub.com\/fr\/roulette\/#webpage\",\"url\":\"https:\/\/schweizercasinoclub.com\/fr\/roulette\/\",\"name\":\"Roulette en Ligne - Top Casinos Roulette en Ligne 2026\",\"isPartOf\":{\"@id\":\"https:\/\/schweizercasinoclub.com\/#website\"},\"primaryImageOfPage\":{\"@id\":\"https:\/\/schweizercasinoclub.com\/fr\/roulette\/#primaryimage\"},\"datePublished\":\"2022-11-02T12:50:01+00:00\",\"dateModified\":\"2023-01-03T15:03:00+00:00\",\"description\":\"D\u00e9couvrez les meilleurs casinos pour la roulette en ligne suisse. Top des sites de jeux l\u00e9gaux et fiables pour joueurs suisses 2023!\",\"breadcrumb\":{\"@id\":\"https:\/\/schweizercasinoclub.com\/fr\/roulette\/#breadcrumb\"},\"inLanguage\":\"fr-CA\",\"potentialAction\":[{\"@type\":\"ReadAction\",\"target\":[\"https:\/\/schweizercasinoclub.com\/fr\/roulette\/\"]}]},{\"@type\":\"BreadcrumbList\",\"@id\":\"https:\/\/schweizercasinoclub.com\/fr\/roulette\/#breadcrumb\",\"itemListElement\":[{\"@type\":\"ListItem\",\"position\":1,\"name\":\"Online Casinos\",\"item\":\"https:\/\/schweizercasinoclub.com\/fr\/\"},{\"@type\":\"ListItem\",\"position\":2,\"name\":\"Roulette\"}]}]}<\/script>\n<!-- \/ Yoast SEO plugin. -->","yoast_head_json":{"title":"Roulette en Ligne - Top Casinos Roulette en Ligne 2026","description":"D\u00e9couvrez les meilleurs casinos pour la roulette en ligne suisse. Top des sites de jeux l\u00e9gaux et fiables pour joueurs suisses 2023!","robots":{"index":"index","follow":"follow","max-snippet":"max-snippet:-1","max-image-preview":"max-image-preview:large","max-video-preview":"max-video-preview:-1"},"canonical":"https:\/\/schweizercasinoclub.com\/fr\/roulette\/","og_locale":"fr_FR","og_type":"article","og_title":"Roulette en Ligne - Top Casinos Roulette en Ligne 2026","og_description":"D\u00e9couvrez les meilleurs casinos pour la roulette en ligne suisse. Top des sites de jeux l\u00e9gaux et fiables pour joueurs suisses 2023!","og_url":"https:\/\/schweizercasinoclub.com\/fr\/roulette\/","og_site_name":"SchweizerCasinoClub","article_modified_time":"2023-01-03T15:03:00+00:00","og_image":[{"url":"https:\/\/schweizercasinoclub.com\/wp-content\/uploads\/2022\/05\/roulette.png"}],"twitter_card":"summary_large_image","twitter_misc":{"Est. reading time":"7 minutes"},"schema":{"@context":"https:\/\/schema.org","@graph":[{"@type":"WebSite","@id":"https:\/\/schweizercasinoclub.com\/#website","url":"https:\/\/schweizercasinoclub.com\/","name":"SchweizerCasinoClub","description":"","potentialAction":[{"@type":"SearchAction","target":{"@type":"EntryPoint","urlTemplate":"https:\/\/schweizercasinoclub.com\/?s={search_term_string}"},"query-input":"required name=search_term_string"}],"inLanguage":"fr-CA"},{"@type":"ImageObject","@id":"https:\/\/schweizercasinoclub.com\/fr\/roulette\/#primaryimage","inLanguage":"fr-CA","url":"https:\/\/schweizercasinoclub.com\/wp-content\/uploads\/2022\/05\/roulette.png","contentUrl":"https:\/\/schweizercasinoclub.com\/wp-content\/uploads\/2022\/05\/roulette.png","width":512,"height":512,"caption":"roulette logo 3"},{"@type":"WebPage","@id":"https:\/\/schweizercasinoclub.com\/fr\/roulette\/#webpage","url":"https:\/\/schweizercasinoclub.com\/fr\/roulette\/","name":"Roulette en Ligne - Top Casinos Roulette en Ligne 2026","isPartOf":{"@id":"https:\/\/schweizercasinoclub.com\/#website"},"primaryImageOfPage":{"@id":"https:\/\/schweizercasinoclub.com\/fr\/roulette\/#primaryimage"},"datePublished":"2022-11-02T12:50:01+00:00","dateModified":"2023-01-03T15:03:00+00:00","description":"D\u00e9couvrez les meilleurs casinos pour la roulette en ligne suisse. Top des sites de jeux l\u00e9gaux et fiables pour joueurs suisses 2023!","breadcrumb":{"@id":"https:\/\/schweizercasinoclub.com\/fr\/roulette\/#breadcrumb"},"inLanguage":"fr-CA","potentialAction":[{"@type":"ReadAction","target":["https:\/\/schweizercasinoclub.com\/fr\/roulette\/"]}]},{"@type":"BreadcrumbList","@id":"https:\/\/schweizercasinoclub.com\/fr\/roulette\/#breadcrumb","itemListElement":[{"@type":"ListItem","position":1,"name":"Online Casinos","item":"https:\/\/schweizercasinoclub.com\/fr\/"},{"@type":"ListItem","position":2,"name":"Roulette"}]}]}},"_links":{"self":[{"href":"https:\/\/schweizercasinoclub.com\/fr\/wp-json\/wp\/v2\/pages\/16883"}],"collection":[{"href":"https:\/\/schweizercasinoclub.com\/fr\/wp-json\/wp\/v2\/pages"}],"about":[{"href":"https:\/\/schweizercasinoclub.com\/fr\/wp-json\/wp\/v2\/types\/page"}],"author":[{"embeddable":true,"href":"https:\/\/schweizercasinoclub.com\/fr\/wp-json\/wp\/v2\/users\/12"}],"replies":[{"embeddable":true,"href":"https:\/\/schweizercasinoclub.com\/fr\/wp-json\/wp\/v2\/comments?post=16883"}],"version-history":[{"count":5,"href":"https:\/\/schweizercasinoclub.com\/fr\/wp-json\/wp\/v2\/pages\/16883\/revisions"}],"predecessor-version":[{"id":16966,"href":"https:\/\/schweizercasinoclub.com\/fr\/wp-json\/wp\/v2\/pages\/16883\/revisions\/16966"}],"wp:attachment":[{"href":"https:\/\/schweizercasinoclub.com\/fr\/wp-json\/wp\/v2\/media?parent=16883"}],"curies":[{"name":"wp","href":"https:\/\/api.w.org\/{rel}","templated":true}]}}