{"id":16700,"date":"2022-10-26T08:04:03","date_gmt":"2022-10-26T08:04:03","guid":{"rendered":"https:\/\/schweizercasinoclub-com.prokit.me\/?page_id=16700"},"modified":"2022-10-26T08:04:04","modified_gmt":"2022-10-26T08:04:04","slug":"bienvenue-bonus","status":"publish","type":"page","link":"https:\/\/schweizercasinoclub.com\/fr\/bonus-casino\/bienvenue-bonus\/","title":{"rendered":"Bonus de Bienvenue pour les Machines \u00e0 Sous en ligne Casinos"},"content":{"rendered":"\n<p>Le casino bonus de bienvenue&nbsp;sans d\u00e9p\u00f4t ont \u00e9t\u00e9 originellement con\u00e7us pour promouvoir le free gambling. Cela a toujours \u00e9t\u00e9 avantageux tant pour les utilisateurs que pour les casinos. Les joueurs peuvent ainsi se familiariser avec les sites sans risquer de l&rsquo;argent ; peu apr\u00e8s, ils ont suffisamment confiance pour effectuer leurs premiers d\u00e9p\u00f4ts.<\/p>\n\n\n\n<ul><li>Comme son nom l\u2019indique, c\u2019est une mesure d\u2019encouragement pour les nouveaux utilisateurs&nbsp;;<\/li><li>Ces bonus peuvent \u00e9galement \u00eatre utilis\u00e9s pour maximiser les vrais profits&nbsp;;<\/li><li>Les tours gratuits sont souvent inclus dans ces bonus et permettent de s\u2019amuser sans risque sur les slot machines.<\/li><\/ul>\n\n\n\n<h2><span id=\"Quels_sont_les_types_de_bonus_offerts_aux_nouveaux_utilisateurs_comme_vous\">Quels sont les types de bonus offerts aux nouveaux utilisateurs comme vous ?<\/span><\/h2>\n\n\n\n<div id=\"toc_container\" class=\"toc_wrap_right no_bullets\"><p class=\"toc_title\">Inhaltsverzeichnis<\/p><ol class=\"toc_list\"><li><a href=\"#Quels_sont_les_types_de_bonus_offerts_aux_nouveaux_utilisateurs_comme_vous\">Quels sont les types de bonus offerts aux nouveaux utilisateurs comme vous ?<\/a><\/li><li><a href=\"#Comment_puis-je_reclamer_un_bonus_de_bienvenuenbsp\">Comment puis-je r\u00e9clamer un bonus de bienvenue&nbsp;?<\/a><\/li><\/ol><\/div>\n\n\n\n\n<p>Chaque ann\u00e9e, de <a href=\"https:\/\/schweizercasinoclub.com\/fr\/nouveaux-casinos-en-ligne\/\">nouveaux casinos<\/a> sont cr\u00e9\u00e9s et de plus en plus d&rsquo;offres promotionnelles apparaissent. On pourrait parler d&rsquo;au moins quatre grands types de bonus (sp\u00e9cialement ceux qu\u2019on trouve sur tout casino suisse), chacun ayant ses propres conditions de d\u00e9blocage et ses propres exigences de mise&nbsp;:<\/p>\n\n\n\n<ul><li>Cr\u00e9dit de d\u00e9part en argent r\u00e9el&nbsp;<\/li><li><a href=\"https:\/\/schweizercasinoclub.com\/fr\/bonus-casino\/free-spins\/\">Tours gratuits<\/a>&nbsp;;<\/li><li>Bonus de d\u00e9p\u00f4t&nbsp;;<\/li><li>Bonus \u00e9ventuels et d\u2019horaires sp\u00e9ciaux.<\/li><\/ul>\n\n\n\n<p>Le casino bonus de bienvenue&nbsp;sans d\u00e9p\u00f4t est le plus important d&rsquo;entre tous, car il est le plus facile et le premier \u00e0 \u00eatre cr\u00e9dit\u00e9. Il correspond \u00e0 un cr\u00e9dit de d\u00e9part qui peut \u00eatre accumul\u00e9 en parall\u00e8le avec votre solde en argent r\u00e9el. Les tours gratuits sont un compl\u00e9ment classique \u00e0 la plupart des bonus cr\u00e9dit\u00e9s en argent r\u00e9el ou en points.<\/p>\n\n\n\n<p>Les bonus de d\u00e9p\u00f4t et les bonus \u00e9ventuels ou d\u2019horaires sp\u00e9ciaux sont des bonus exclusifs. Les bonus de bienvenue casino sont \u00e0 la disposition de tout utilisateur, mais pour b\u00e9n\u00e9ficier de ces bonus exclusifs, vous devez utiliser une des options de paiement et investir de l\u2019argent r\u00e9el sur la plateforme (avec carte pr\u00e9pay\u00e9e par exemple).<\/p>\n\n\n\n<p>Traditionnellement, les casinos en ligne offrent des bonus de 30%, 50% et jusqu&rsquo;\u00e0 100% pour les quatre ou cinq premiers d\u00e9p\u00f4ts (y inclus le d\u00e9p\u00f4t initial) des joueurs. Ces promotions exclusives ont des conditions de d\u00e9p\u00f4t initial et de d\u00e9p\u00f4t minimum.<\/p>\n\n\n\n<p>Il y a tr\u00e8s souvent un montant maximal de cr\u00e9dit pour chaque promotion et on vous exige un d\u00e9p\u00f4t minimum (5, 10 ou 20 dollars selon les diff\u00e9rentes cartes bancaires et portefeuilles \u00e9lectroniques).<\/p>\n\n\n\n<h2><span id=\"Comment_puis-je_reclamer_un_bonus_de_bienvenuenbsp\">Comment puis-je r\u00e9clamer un bonus de bienvenue&nbsp;?<\/span><\/h2>\n\n\n\n<p>Ce qui est particulier dans le bonus de bienvenue, c&rsquo;est qu&rsquo;il n&rsquo;est pas n\u00e9cessaire de suivre un protocole pour le r\u00e9clamer. Ce serait une mauvaise publicit\u00e9 pour un casino en ligne d&rsquo;imposer des conditions pour r\u00e9clamer le bonus d&rsquo;inscription, \u00e9tant la seule option dont disposent les utilisateurs pour jouer gratuitement lors de leur initiation.<\/p>\n\n\n\n<div class=\"wp-block-image\"><figure class=\"alignright is-resized\"><img loading=\"lazy\" src=\"https:\/\/schweizercasinoclub.com\/wp-content\/uploads\/2020\/11\/casino-chips-icon.png\" alt=\"casino-chips-icon\" class=\"wp-image-7830\" width=\"128\" height=\"128\"\/><\/figure><\/div>\n\n\n\n<p>C&rsquo;est un point important. Nous vous recommanderons toujours de choisir des sites de jeu en ligne sans autant de contraintes pour r\u00e9clamer votre bonus, qu&rsquo;il s&rsquo;agisse du bonus de bienvenue ou de tout autre promotion de notre liste ci-dessus.<\/p>\n\n\n\n<ul><li>Inscription r\u00e9guli\u00e8re (beaucoup mieux si elle se fait avec peu ou pas d&rsquo;informations personnelles)&nbsp;;<\/li><li>Chaque casino dispose d&rsquo;une m\u00e9thode de v\u00e9rification, de confirmation ou d&rsquo;activation du compte&nbsp;;<\/li><li>De nombreux casinos pourraient vous inviter \u00e0 faire un profil d\u2019utilisateur personnalis\u00e9&nbsp;;<\/li><li>Quelques instants apr\u00e8s, le casino en ligne bonus de bienvenue devrait \u00eatre cr\u00e9dit\u00e9e de mani\u00e8re automatique&nbsp;;<\/li><li>Si ce n&rsquo;est pas le cas, vous devrez probablement faire une demande par chat priv\u00e9 aupr\u00e8s du service d&rsquo;assistance (ce qui est rare).<\/li><\/ul>\n\n\n\n<p>Il y a encore des casinos qui exigent un code promotionnel pour r\u00e9clamer ce bonus gratuit. Cependant, il est presque une r\u00e8gle g\u00e9n\u00e9rale de pouvoir l&rsquo;encaisser en suivant simplement les pas ci-dessus. Les exceptions sont aujourd\u2019hui tr\u00e8s rares, le code promotionnel est plut\u00f4t une ancienne fa\u00e7on de dispenser ce genre de bonus. Le protocole n&rsquo;a pourtant jamais \u00e9t\u00e9 compliqu\u00e9.<\/p>\n\n\n\n<h3>Comment utiliser le bonus gratuit\u00a0?<\/h3>\n\n\n\n<p>Voil\u00e0 la finalisation de la proc\u00e9dure. Comme vous pouvez le constater, cette demande d\u2019accr\u00e9ditation de bonus n&rsquo;a rien de particulier. Cependant, son utilisation est un peu limit\u00e9e. Certains casinos offrent plus de libert\u00e9 d&rsquo;utilisation que d&rsquo;autres, mais ce bonus de bienvenue est g\u00e9n\u00e9ralement r\u00e9serv\u00e9 aux paris gratuits.<\/p>\n\n\n\n<h3>Puis-je retirer le bonus de bienvenue imm\u00e9diatement&nbsp;?<\/h3>\n\n\n\n<p>Vous trouverez m\u00eame des salles de jeu r\u00e9serv\u00e9es au free gambling, id\u00e9ales pour pratiquer avec votre bonus de bienvenue. Et Important ! Vous ne pouvez pas retirer votre bonus de bienvenue. Cela peut changer selon les conditions de chaque site de paris. Les joueurs peuvent souvent le retirer apr\u00e8s avoir r\u00e9pondu \u00e0 des conditions de mise et effectu\u00e9 des d\u00e9p\u00f4ts.<\/p>\n\n\n\n<p>Enfin, nous vous recommandons de rechercher tous les avantages d\u00e9coulant de votre inscription sur un casino en ligne. Il est important de conna\u00eetre les promotions d\u00e8s le d\u00e9but et de conna\u00eetre les limites autour des bonus de bienvenue. Et plus important encore&nbsp;! N\u2019oubliez pas de lire attentivement les conditions de mise et d&rsquo;utilisation de ces bonus.<\/p>\n","protected":false},"excerpt":{"rendered":"<p>Le casino bonus de bienvenue&nbsp;sans d\u00e9p\u00f4t ont \u00e9t\u00e9 originellement con\u00e7us pour promouvoir le free gambling. Cela a toujours \u00e9t\u00e9 avantageux tant pour les utilisateurs que pour les casinos. Les joueurs peuvent ainsi se familiariser avec les sites sans risquer de l&rsquo;argent ; peu apr\u00e8s, ils ont suffisamment confiance pour effectuer leurs premiers d\u00e9p\u00f4ts. Comme son [&hellip;]<\/p>\n","protected":false},"author":12,"featured_media":0,"parent":14855,"menu_order":0,"comment_status":"closed","ping_status":"closed","template":"","meta":{"inline_featured_image":false},"yoast_head":"<!-- This site is optimized with the Yoast SEO plugin v18.2 - https:\/\/yoast.com\/wordpress\/plugins\/seo\/ -->\n<title>Bonus de Bienvenue Casino en Ligne \u2192 TOP Casinos Avec Bonus de Bienvenue<\/title>\n<meta name=\"description\" content=\"Vous recherchez le tr\u00e8s gros bonus de bienvenue casino? Voici quelques bonus de casino en ligne de bienvenue sans d\u00e9p\u00f4t en Suisse! \u2705 Les meilleurs bonus pour les nouveaux joueurs que vous attendez. \u2b50 Ressentez l&#039;excitation du jeu. \u2728\" \/>\n<meta name=\"robots\" content=\"index, follow, max-snippet:-1, max-image-preview:large, max-video-preview:-1\" \/>\n<link rel=\"canonical\" href=\"https:\/\/schweizercasinoclub.com\/fr\/bonus-casino\/bienvenue-bonus\/\" \/>\n<meta property=\"og:locale\" content=\"fr_FR\" \/>\n<meta property=\"og:type\" content=\"article\" \/>\n<meta property=\"og:title\" content=\"Bonus de Bienvenue Casino en Ligne \u2192 TOP Casinos Avec Bonus de Bienvenue\" \/>\n<meta property=\"og:description\" content=\"Vous recherchez le tr\u00e8s gros bonus de bienvenue casino? Voici quelques bonus de casino en ligne de bienvenue sans d\u00e9p\u00f4t en Suisse! \u2705 Les meilleurs bonus pour les nouveaux joueurs que vous attendez. \u2b50 Ressentez l&#039;excitation du jeu. \u2728\" \/>\n<meta property=\"og:url\" content=\"https:\/\/schweizercasinoclub.com\/fr\/bonus-casino\/bienvenue-bonus\/\" \/>\n<meta property=\"og:site_name\" content=\"SchweizerCasinoClub\" \/>\n<meta property=\"article:modified_time\" content=\"2022-10-26T08:04:04+00:00\" \/>\n<meta property=\"og:image\" content=\"https:\/\/schweizercasinoclub.com\/wp-content\/uploads\/2020\/11\/casino-chips-icon.png\" \/>\n<meta name=\"twitter:card\" content=\"summary_large_image\" \/>\n<meta name=\"twitter:label1\" content=\"Est. reading time\" \/>\n\t<meta name=\"twitter:data1\" content=\"4 minutes\" \/>\n<script type=\"application\/ld+json\" class=\"yoast-schema-graph\">{\"@context\":\"https:\/\/schema.org\",\"@graph\":[{\"@type\":\"WebSite\",\"@id\":\"https:\/\/schweizercasinoclub.com\/#website\",\"url\":\"https:\/\/schweizercasinoclub.com\/\",\"name\":\"SchweizerCasinoClub\",\"description\":\"\",\"potentialAction\":[{\"@type\":\"SearchAction\",\"target\":{\"@type\":\"EntryPoint\",\"urlTemplate\":\"https:\/\/schweizercasinoclub.com\/?s={search_term_string}\"},\"query-input\":\"required name=search_term_string\"}],\"inLanguage\":\"fr-CA\"},{\"@type\":\"ImageObject\",\"@id\":\"https:\/\/schweizercasinoclub.com\/fr\/bonus-casino\/bienvenue-bonus\/#primaryimage\",\"inLanguage\":\"fr-CA\",\"url\":\"https:\/\/schweizercasinoclub.com\/wp-content\/uploads\/2020\/11\/casino-chips-icon.png\",\"contentUrl\":\"https:\/\/schweizercasinoclub.com\/wp-content\/uploads\/2020\/11\/casino-chips-icon.png\",\"width\":512,\"height\":512,\"caption\":\"casino-chips-icon\"},{\"@type\":\"WebPage\",\"@id\":\"https:\/\/schweizercasinoclub.com\/fr\/bonus-casino\/bienvenue-bonus\/#webpage\",\"url\":\"https:\/\/schweizercasinoclub.com\/fr\/bonus-casino\/bienvenue-bonus\/\",\"name\":\"Bonus de Bienvenue Casino en Ligne \u2192 TOP Casinos Avec Bonus de Bienvenue\",\"isPartOf\":{\"@id\":\"https:\/\/schweizercasinoclub.com\/#website\"},\"primaryImageOfPage\":{\"@id\":\"https:\/\/schweizercasinoclub.com\/fr\/bonus-casino\/bienvenue-bonus\/#primaryimage\"},\"datePublished\":\"2022-10-26T08:04:03+00:00\",\"dateModified\":\"2022-10-26T08:04:04+00:00\",\"description\":\"Vous recherchez le tr\u00e8s gros bonus de bienvenue casino? Voici quelques bonus de casino en ligne de bienvenue sans d\u00e9p\u00f4t en Suisse! \u2705 Les meilleurs bonus pour les nouveaux joueurs que vous attendez. \u2b50 Ressentez l'excitation du jeu. \u2728\",\"breadcrumb\":{\"@id\":\"https:\/\/schweizercasinoclub.com\/fr\/bonus-casino\/bienvenue-bonus\/#breadcrumb\"},\"inLanguage\":\"fr-CA\",\"potentialAction\":[{\"@type\":\"ReadAction\",\"target\":[\"https:\/\/schweizercasinoclub.com\/fr\/bonus-casino\/bienvenue-bonus\/\"]}]},{\"@type\":\"BreadcrumbList\",\"@id\":\"https:\/\/schweizercasinoclub.com\/fr\/bonus-casino\/bienvenue-bonus\/#breadcrumb\",\"itemListElement\":[{\"@type\":\"ListItem\",\"position\":1,\"name\":\"Online Casinos\",\"item\":\"https:\/\/schweizercasinoclub.com\/fr\/\"},{\"@type\":\"ListItem\",\"position\":2,\"name\":\"Bonus\",\"item\":\"https:\/\/schweizercasinoclub.com\/fr\/bonus-casino\/\"},{\"@type\":\"ListItem\",\"position\":3,\"name\":\"Bonus de Bienvenue pour les Machines \u00e0 Sous en ligne Casinos\"}]}]}<\/script>\n<!-- \/ Yoast SEO plugin. -->","yoast_head_json":{"title":"Bonus de Bienvenue Casino en Ligne \u2192 TOP Casinos Avec Bonus de Bienvenue","description":"Vous recherchez le tr\u00e8s gros bonus de bienvenue casino? Voici quelques bonus de casino en ligne de bienvenue sans d\u00e9p\u00f4t en Suisse! \u2705 Les meilleurs bonus pour les nouveaux joueurs que vous attendez. \u2b50 Ressentez l'excitation du jeu. \u2728","robots":{"index":"index","follow":"follow","max-snippet":"max-snippet:-1","max-image-preview":"max-image-preview:large","max-video-preview":"max-video-preview:-1"},"canonical":"https:\/\/schweizercasinoclub.com\/fr\/bonus-casino\/bienvenue-bonus\/","og_locale":"fr_FR","og_type":"article","og_title":"Bonus de Bienvenue Casino en Ligne \u2192 TOP Casinos Avec Bonus de Bienvenue","og_description":"Vous recherchez le tr\u00e8s gros bonus de bienvenue casino? Voici quelques bonus de casino en ligne de bienvenue sans d\u00e9p\u00f4t en Suisse! \u2705 Les meilleurs bonus pour les nouveaux joueurs que vous attendez. \u2b50 Ressentez l'excitation du jeu. \u2728","og_url":"https:\/\/schweizercasinoclub.com\/fr\/bonus-casino\/bienvenue-bonus\/","og_site_name":"SchweizerCasinoClub","article_modified_time":"2022-10-26T08:04:04+00:00","og_image":[{"url":"https:\/\/schweizercasinoclub.com\/wp-content\/uploads\/2020\/11\/casino-chips-icon.png"}],"twitter_card":"summary_large_image","twitter_misc":{"Est. reading time":"4 minutes"},"schema":{"@context":"https:\/\/schema.org","@graph":[{"@type":"WebSite","@id":"https:\/\/schweizercasinoclub.com\/#website","url":"https:\/\/schweizercasinoclub.com\/","name":"SchweizerCasinoClub","description":"","potentialAction":[{"@type":"SearchAction","target":{"@type":"EntryPoint","urlTemplate":"https:\/\/schweizercasinoclub.com\/?s={search_term_string}"},"query-input":"required name=search_term_string"}],"inLanguage":"fr-CA"},{"@type":"ImageObject","@id":"https:\/\/schweizercasinoclub.com\/fr\/bonus-casino\/bienvenue-bonus\/#primaryimage","inLanguage":"fr-CA","url":"https:\/\/schweizercasinoclub.com\/wp-content\/uploads\/2020\/11\/casino-chips-icon.png","contentUrl":"https:\/\/schweizercasinoclub.com\/wp-content\/uploads\/2020\/11\/casino-chips-icon.png","width":512,"height":512,"caption":"casino-chips-icon"},{"@type":"WebPage","@id":"https:\/\/schweizercasinoclub.com\/fr\/bonus-casino\/bienvenue-bonus\/#webpage","url":"https:\/\/schweizercasinoclub.com\/fr\/bonus-casino\/bienvenue-bonus\/","name":"Bonus de Bienvenue Casino en Ligne \u2192 TOP Casinos Avec Bonus de Bienvenue","isPartOf":{"@id":"https:\/\/schweizercasinoclub.com\/#website"},"primaryImageOfPage":{"@id":"https:\/\/schweizercasinoclub.com\/fr\/bonus-casino\/bienvenue-bonus\/#primaryimage"},"datePublished":"2022-10-26T08:04:03+00:00","dateModified":"2022-10-26T08:04:04+00:00","description":"Vous recherchez le tr\u00e8s gros bonus de bienvenue casino? Voici quelques bonus de casino en ligne de bienvenue sans d\u00e9p\u00f4t en Suisse! \u2705 Les meilleurs bonus pour les nouveaux joueurs que vous attendez. \u2b50 Ressentez l'excitation du jeu. \u2728","breadcrumb":{"@id":"https:\/\/schweizercasinoclub.com\/fr\/bonus-casino\/bienvenue-bonus\/#breadcrumb"},"inLanguage":"fr-CA","potentialAction":[{"@type":"ReadAction","target":["https:\/\/schweizercasinoclub.com\/fr\/bonus-casino\/bienvenue-bonus\/"]}]},{"@type":"BreadcrumbList","@id":"https:\/\/schweizercasinoclub.com\/fr\/bonus-casino\/bienvenue-bonus\/#breadcrumb","itemListElement":[{"@type":"ListItem","position":1,"name":"Online Casinos","item":"https:\/\/schweizercasinoclub.com\/fr\/"},{"@type":"ListItem","position":2,"name":"Bonus","item":"https:\/\/schweizercasinoclub.com\/fr\/bonus-casino\/"},{"@type":"ListItem","position":3,"name":"Bonus de Bienvenue pour les Machines \u00e0 Sous en ligne Casinos"}]}]}},"_links":{"self":[{"href":"https:\/\/schweizercasinoclub.com\/fr\/wp-json\/wp\/v2\/pages\/16700"}],"collection":[{"href":"https:\/\/schweizercasinoclub.com\/fr\/wp-json\/wp\/v2\/pages"}],"about":[{"href":"https:\/\/schweizercasinoclub.com\/fr\/wp-json\/wp\/v2\/types\/page"}],"author":[{"embeddable":true,"href":"https:\/\/schweizercasinoclub.com\/fr\/wp-json\/wp\/v2\/users\/12"}],"replies":[{"embeddable":true,"href":"https:\/\/schweizercasinoclub.com\/fr\/wp-json\/wp\/v2\/comments?post=16700"}],"version-history":[{"count":2,"href":"https:\/\/schweizercasinoclub.com\/fr\/wp-json\/wp\/v2\/pages\/16700\/revisions"}],"predecessor-version":[{"id":16702,"href":"https:\/\/schweizercasinoclub.com\/fr\/wp-json\/wp\/v2\/pages\/16700\/revisions\/16702"}],"up":[{"embeddable":true,"href":"https:\/\/schweizercasinoclub.com\/fr\/wp-json\/wp\/v2\/pages\/14855"}],"wp:attachment":[{"href":"https:\/\/schweizercasinoclub.com\/fr\/wp-json\/wp\/v2\/media?parent=16700"}],"curies":[{"name":"wp","href":"https:\/\/api.w.org\/{rel}","templated":true}]}}