{"id":16693,"date":"2022-10-26T07:57:53","date_gmt":"2022-10-26T07:57:53","guid":{"rendered":"https:\/\/schweizercasinoclub-com.prokit.me\/?page_id=16693"},"modified":"2022-10-26T07:58:20","modified_gmt":"2022-10-26T07:58:20","slug":"a-propos-de-nous","status":"publish","type":"page","link":"https:\/\/schweizercasinoclub.com\/fr\/a-propos-de-nous\/","title":{"rendered":"\u00c0 propos du SchweizerCasinoClub"},"content":{"rendered":"\n<p>Pas de panique. Nous savons exactement \u00e0 quel point il est difficile de distinguer les d\u00e9veloppeurs de bonne r\u00e9putation des fabricants de qualit\u00e9 inf\u00e9rieure, de choisir un jeu ou de trouver un casino en ligne dont la fiabilit\u00e9 est garantie. L&rsquo;objectif de notre \u00e9quipe est de r\u00e9sumer notre exp\u00e9rience sp\u00e9cialement pour vous, afin de vous faire gagner quelques heures de recherche. Nous sommes une \u00e9quipe de passionn\u00e9s de jeux d&rsquo;argent qui se consacre \u00e0 vous aider \u00e0 tirer le meilleur parti de votre exp\u00e9rience de jeu.<\/p>\n\n\n\n<p>Casinos en ligne pour Suisses : comment sont cr\u00e9\u00e9es nos revues informatives<br>Notre portail comprend de nombreuses revues informatives sur les casinos en ligne les plus populaires ainsi que des articles consacr\u00e9s aux diff\u00e9rentes machines \u00e0 sous vid\u00e9o et m\u00eame aux jeux de table et de cartes classiques. Notre plateforme a \u00e9t\u00e9 cr\u00e9\u00e9e pour aider les joueurs \u00e0 faire preuve d&rsquo;intelligence sans avoir \u00e0 chercher eux-m\u00eames des informations.<\/p>\n\n\n\n<h2>Les crit\u00e8res utilis\u00e9s pour \u00e9valuer les sites web des casinos en ligne<\/h2>\n\n\n\n<p>L&rsquo;\u00e9ventail des primes offertes. Les bonnes biblioth\u00e8ques de jeux r\u00e9compensent leurs clients par des primes. Parmi les outils de marketing efficaces, citons les primes de bienvenue pour les clients nouvellement inscrits, les primes sans d\u00e9p\u00f4t et les offres de bonus qui sont propos\u00e9es r\u00e9guli\u00e8rement, y compris les tours gratuits. La forme des primes n&rsquo;est pas la seule chose que nous consid\u00e9rons sans exception. Tout aussi importantes sont les conditions de bonus qui doivent \u00eatre remplies pour que les gains r\u00e9alis\u00e9s soient vers\u00e9s.<br>Le choix des jeux. Les casinos populaires se distinguent par leur portefeuille de jeux large et vari\u00e9 pour tout le monde, qu&rsquo;il s&rsquo;agisse de d\u00e9butants ou de professionnels. Les palettes standard comprennent des machines \u00e0 sous vid\u00e9o traditionnelles et modernes, diff\u00e9rentes variantes de jeux de table et de cartes classiques, et des paris sportifs. Nous sommes attentifs non seulement \u00e0 la vari\u00e9t\u00e9 mais aussi \u00e0 la qualit\u00e9. Cela signifie que le gameplay et les graphismes r\u00e9alistes ne sont pas les plus importants.<br>La compatibilit\u00e9. Le casino en ligne offre-t-il une application pour les smartphones ? Existe-t-il une version du site web pour les t\u00e9l\u00e9phones portables ou les tablettes ? De nos jours, personne ne veut se sentir attach\u00e9 au bureau &#8211; la vie est trop mouvement\u00e9e.<br>La banque. Quels sont les modes de paiement propos\u00e9s aux clients ? Les modes de paiement propos\u00e9s sont-ils pratiques ? Les d\u00e9p\u00f4ts et les retraits doivent \u00eatre pratiques, rapides et garantis en toute s\u00e9curit\u00e9, sinon l&rsquo;exp\u00e9rience de jeu risque d&rsquo;\u00eatre g\u00e2ch\u00e9e.<br>Un autre crit\u00e8re important est la licence officielle d\u00e9livr\u00e9e par une autorit\u00e9 digne de confiance, telle que l&rsquo;Autorit\u00e9 maltaise des jeux. La licence est la meilleure garantie que les logiciels pr\u00e9sent\u00e9s ont \u00e9t\u00e9 test\u00e9s.<\/p>\n\n\n\n<h2>Comment tester les casinos en ligne pour les Suisses ?<\/h2>\n\n\n\n<p>Vous \u00eates-vous d\u00e9j\u00e0 pos\u00e9 la question de savoir comment sont exactement collect\u00e9es les informations, que nous r\u00e9sumons ici ? Avez-vous une id\u00e9e de la mani\u00e8re dont les notations sont cr\u00e9\u00e9es ? La r\u00e9ponse est assez simple. Les membres de notre \u00e9quipe s&rsquo;inscrivent personnellement dans les casinos en ligne pour se convaincre qu&rsquo;ils sont effectivement s\u00e9rieux, fiables et \u00e9quitables.<\/p>\n\n\n\n<p>Vous avez envie de jouer ? Vous ressentez une forte envie de tenter votre chance ? Oubliez une fois pour toutes ce qu&rsquo;est vraiment l&rsquo;ennui. \u00c9tudiez nos articles sur le casino en ligne et les jeux de hasard en g\u00e9n\u00e9ral, prenez le temps de vous entra\u00eener, acqu\u00e9rez suffisamment d&rsquo;exp\u00e9rience, apprenez-en plus sur les strat\u00e9gies et commencez &#8211; les prix en argent vous attendent.<\/p>\n","protected":false},"excerpt":{"rendered":"<p>Pas de panique. Nous savons exactement \u00e0 quel point il est difficile de distinguer les d\u00e9veloppeurs de bonne r\u00e9putation des fabricants de qualit\u00e9 inf\u00e9rieure, de choisir un jeu ou de trouver un casino en ligne dont la fiabilit\u00e9 est garantie. L&rsquo;objectif de notre \u00e9quipe est de r\u00e9sumer notre exp\u00e9rience sp\u00e9cialement pour vous, afin de vous [&hellip;]<\/p>\n","protected":false},"author":12,"featured_media":0,"parent":0,"menu_order":0,"comment_status":"closed","ping_status":"closed","template":"","meta":{"inline_featured_image":false},"yoast_head":"<!-- This site is optimized with the Yoast SEO plugin v18.2 - https:\/\/yoast.com\/wordpress\/plugins\/seo\/ -->\n<title>En savoir plus sur les casinos en ligne et les jeux de hasard en g\u00e9n\u00e9ral<\/title>\n<meta name=\"description\" content=\"Notre \u00e9quipe s&#039;engage \u00e0 partager avec les joueurs notre exp\u00e9rience des jeux des casinos en ligne suisses. Pour en savoir plus sur les fournisseurs, les produits logiciels et autres.\" \/>\n<meta name=\"robots\" content=\"index, follow, max-snippet:-1, max-image-preview:large, max-video-preview:-1\" \/>\n<link rel=\"canonical\" href=\"https:\/\/schweizercasinoclub.com\/fr\/a-propos-de-nous\/\" \/>\n<meta property=\"og:locale\" content=\"fr_FR\" \/>\n<meta property=\"og:type\" content=\"article\" \/>\n<meta property=\"og:title\" content=\"En savoir plus sur les casinos en ligne et les jeux de hasard en g\u00e9n\u00e9ral\" \/>\n<meta property=\"og:description\" content=\"Notre \u00e9quipe s&#039;engage \u00e0 partager avec les joueurs notre exp\u00e9rience des jeux des casinos en ligne suisses. Pour en savoir plus sur les fournisseurs, les produits logiciels et autres.\" \/>\n<meta property=\"og:url\" content=\"https:\/\/schweizercasinoclub.com\/fr\/a-propos-de-nous\/\" \/>\n<meta property=\"og:site_name\" content=\"SchweizerCasinoClub\" \/>\n<meta property=\"article:modified_time\" content=\"2022-10-26T07:58:20+00:00\" \/>\n<meta name=\"twitter:card\" content=\"summary_large_image\" \/>\n<meta name=\"twitter:label1\" content=\"Est. reading time\" \/>\n\t<meta name=\"twitter:data1\" content=\"3 minutes\" \/>\n<script type=\"application\/ld+json\" class=\"yoast-schema-graph\">{\"@context\":\"https:\/\/schema.org\",\"@graph\":[{\"@type\":\"WebSite\",\"@id\":\"https:\/\/schweizercasinoclub.com\/#website\",\"url\":\"https:\/\/schweizercasinoclub.com\/\",\"name\":\"SchweizerCasinoClub\",\"description\":\"\",\"potentialAction\":[{\"@type\":\"SearchAction\",\"target\":{\"@type\":\"EntryPoint\",\"urlTemplate\":\"https:\/\/schweizercasinoclub.com\/?s={search_term_string}\"},\"query-input\":\"required name=search_term_string\"}],\"inLanguage\":\"fr-CA\"},{\"@type\":\"WebPage\",\"@id\":\"https:\/\/schweizercasinoclub.com\/fr\/a-propos-de-nous\/#webpage\",\"url\":\"https:\/\/schweizercasinoclub.com\/fr\/a-propos-de-nous\/\",\"name\":\"En savoir plus sur les casinos en ligne et les jeux de hasard en g\u00e9n\u00e9ral\",\"isPartOf\":{\"@id\":\"https:\/\/schweizercasinoclub.com\/#website\"},\"datePublished\":\"2022-10-26T07:57:53+00:00\",\"dateModified\":\"2022-10-26T07:58:20+00:00\",\"description\":\"Notre \u00e9quipe s'engage \u00e0 partager avec les joueurs notre exp\u00e9rience des jeux des casinos en ligne suisses. Pour en savoir plus sur les fournisseurs, les produits logiciels et autres.\",\"breadcrumb\":{\"@id\":\"https:\/\/schweizercasinoclub.com\/fr\/a-propos-de-nous\/#breadcrumb\"},\"inLanguage\":\"fr-CA\",\"potentialAction\":[{\"@type\":\"ReadAction\",\"target\":[\"https:\/\/schweizercasinoclub.com\/fr\/a-propos-de-nous\/\"]}]},{\"@type\":\"BreadcrumbList\",\"@id\":\"https:\/\/schweizercasinoclub.com\/fr\/a-propos-de-nous\/#breadcrumb\",\"itemListElement\":[{\"@type\":\"ListItem\",\"position\":1,\"name\":\"Online Casinos\",\"item\":\"https:\/\/schweizercasinoclub.com\/fr\/\"},{\"@type\":\"ListItem\",\"position\":2,\"name\":\"\u00c0 propos du SchweizerCasinoClub\"}]}]}<\/script>\n<!-- \/ Yoast SEO plugin. -->","yoast_head_json":{"title":"En savoir plus sur les casinos en ligne et les jeux de hasard en g\u00e9n\u00e9ral","description":"Notre \u00e9quipe s'engage \u00e0 partager avec les joueurs notre exp\u00e9rience des jeux des casinos en ligne suisses. Pour en savoir plus sur les fournisseurs, les produits logiciels et autres.","robots":{"index":"index","follow":"follow","max-snippet":"max-snippet:-1","max-image-preview":"max-image-preview:large","max-video-preview":"max-video-preview:-1"},"canonical":"https:\/\/schweizercasinoclub.com\/fr\/a-propos-de-nous\/","og_locale":"fr_FR","og_type":"article","og_title":"En savoir plus sur les casinos en ligne et les jeux de hasard en g\u00e9n\u00e9ral","og_description":"Notre \u00e9quipe s'engage \u00e0 partager avec les joueurs notre exp\u00e9rience des jeux des casinos en ligne suisses. Pour en savoir plus sur les fournisseurs, les produits logiciels et autres.","og_url":"https:\/\/schweizercasinoclub.com\/fr\/a-propos-de-nous\/","og_site_name":"SchweizerCasinoClub","article_modified_time":"2022-10-26T07:58:20+00:00","twitter_card":"summary_large_image","twitter_misc":{"Est. reading time":"3 minutes"},"schema":{"@context":"https:\/\/schema.org","@graph":[{"@type":"WebSite","@id":"https:\/\/schweizercasinoclub.com\/#website","url":"https:\/\/schweizercasinoclub.com\/","name":"SchweizerCasinoClub","description":"","potentialAction":[{"@type":"SearchAction","target":{"@type":"EntryPoint","urlTemplate":"https:\/\/schweizercasinoclub.com\/?s={search_term_string}"},"query-input":"required name=search_term_string"}],"inLanguage":"fr-CA"},{"@type":"WebPage","@id":"https:\/\/schweizercasinoclub.com\/fr\/a-propos-de-nous\/#webpage","url":"https:\/\/schweizercasinoclub.com\/fr\/a-propos-de-nous\/","name":"En savoir plus sur les casinos en ligne et les jeux de hasard en g\u00e9n\u00e9ral","isPartOf":{"@id":"https:\/\/schweizercasinoclub.com\/#website"},"datePublished":"2022-10-26T07:57:53+00:00","dateModified":"2022-10-26T07:58:20+00:00","description":"Notre \u00e9quipe s'engage \u00e0 partager avec les joueurs notre exp\u00e9rience des jeux des casinos en ligne suisses. Pour en savoir plus sur les fournisseurs, les produits logiciels et autres.","breadcrumb":{"@id":"https:\/\/schweizercasinoclub.com\/fr\/a-propos-de-nous\/#breadcrumb"},"inLanguage":"fr-CA","potentialAction":[{"@type":"ReadAction","target":["https:\/\/schweizercasinoclub.com\/fr\/a-propos-de-nous\/"]}]},{"@type":"BreadcrumbList","@id":"https:\/\/schweizercasinoclub.com\/fr\/a-propos-de-nous\/#breadcrumb","itemListElement":[{"@type":"ListItem","position":1,"name":"Online Casinos","item":"https:\/\/schweizercasinoclub.com\/fr\/"},{"@type":"ListItem","position":2,"name":"\u00c0 propos du SchweizerCasinoClub"}]}]}},"_links":{"self":[{"href":"https:\/\/schweizercasinoclub.com\/fr\/wp-json\/wp\/v2\/pages\/16693"}],"collection":[{"href":"https:\/\/schweizercasinoclub.com\/fr\/wp-json\/wp\/v2\/pages"}],"about":[{"href":"https:\/\/schweizercasinoclub.com\/fr\/wp-json\/wp\/v2\/types\/page"}],"author":[{"embeddable":true,"href":"https:\/\/schweizercasinoclub.com\/fr\/wp-json\/wp\/v2\/users\/12"}],"replies":[{"embeddable":true,"href":"https:\/\/schweizercasinoclub.com\/fr\/wp-json\/wp\/v2\/comments?post=16693"}],"version-history":[{"count":4,"href":"https:\/\/schweizercasinoclub.com\/fr\/wp-json\/wp\/v2\/pages\/16693\/revisions"}],"predecessor-version":[{"id":16697,"href":"https:\/\/schweizercasinoclub.com\/fr\/wp-json\/wp\/v2\/pages\/16693\/revisions\/16697"}],"wp:attachment":[{"href":"https:\/\/schweizercasinoclub.com\/fr\/wp-json\/wp\/v2\/media?parent=16693"}],"curies":[{"name":"wp","href":"https:\/\/api.w.org\/{rel}","templated":true}]}}