{"id":16058,"date":"2022-09-15T09:30:34","date_gmt":"2022-09-15T09:30:34","guid":{"rendered":"https:\/\/schweizercasinoclub-com.prokit.me\/?page_id=16058"},"modified":"2022-11-04T07:34:22","modified_gmt":"2022-11-04T07:34:22","slug":"10-euro-deposit","status":"publish","type":"page","link":"https:\/\/schweizercasinoclub.com\/fr\/10-euro-deposit\/","title":{"rendered":"Casino en ligne avec un d\u00e9p\u00f4t de 10 euros"},"content":{"rendered":"\n<p>Il y a encore plus de raisons de penser que c&rsquo;est un monde pour l\u2019amusement prot\u00e9g\u00e9 et en toute s\u00e9curit\u00e9. L&rsquo;une des offres du casino en ligne est le \u00ab\u00a0bonus gratuit\u00a0\u00bb ou \u00ab\u00a0bonus de bienvenue\u00a0\u00bb. C&rsquo;est l&rsquo;une des promotions r\u00e9guli\u00e8res qui finissent par convaincre les nouveaux utilisateurs d&rsquo;effectuer leurs premiers d\u00e9p\u00f4ts.<\/p>\n\n\n\n<div id=\"toc_container\" class=\"toc_wrap_right no_bullets\"><p class=\"toc_title\">Inhaltsverzeichnis<\/p><ol class=\"toc_list\"><li><a href=\"#Les_modes_de_paiementnbsppour_les_investissements_de_presque_toutes_les_dimensions\">Les modes de paiement&nbsp;pour les investissements de presque toutes les dimensions<\/a><\/li><li><a href=\"#La_version_mobile_du_casino_avec_une_caution_de_10_euros\">La version mobile du casino avec une caution de 10 euros<\/a><\/li><li><a href=\"#Quelle_est_la_meilleure_chose_a_propos_du_casino_avec_un_depot_de_10Enbsp\">Quelle est la meilleure chose \u00e0 propos du casino avec un d\u00e9p\u00f4t de 10\u20ac&nbsp;?<\/a><\/li><li><a href=\"#Pour_les_joueurs_experimentees_et_pour_les_debutants_casino_deposit_minimum_10_euros\">Pour les joueurs exp\u00e9riment\u00e9es et pour les d\u00e9butants : casino deposit minimum 10 euros<\/a><\/li><\/ol><\/div>\n\n\n\n\n<p>La meilleure publicit\u00e9 pour tout site de jeux de hasard est la rentabilit\u00e9. Le plaisir est important, mais \u00eatre s\u00fbr de pouvoir gagner de gros paris est probablement le plus attrayant pour les internautes. Outre la prime de bienvenue, il existe d&rsquo;autres motivations avant et apr\u00e8s avoir effectu\u00e9 le casino minimum deposit 10 euros :<\/p>\n\n\n\n<ul><li>Le programme de fid\u00e9lit\u00e9&nbsp;;<\/li><li>Promotions r\u00e9guli\u00e8res<\/li><li>Les taux de redistribution&nbsp;;<\/li><li>Des bonus \u00e9ventuels et d\u2019horaires sp\u00e9ciaux&nbsp;;<\/li><li>Jackpots progressifs&nbsp;;<\/li><li>Centaines de jeux.<\/li><\/ul>\n\n\n\n<p>Avec un investissement minimum de 10 euros, vous pouvez avoir acc\u00e8s \u00e0 tout cela. Vous n&rsquo;avez qu&rsquo;\u00e0 choisir parmi la vaste s\u00e9lection de casinos op\u00e9rant en ligne aujourd&rsquo;hui. Le bonus de bienvenue vous aidera \u00e0 essayer n&rsquo;importe quel casino jusqu&rsquo;\u00e0 ce que vous trouviez celui qui vous convient le mieux.<\/p>\n\n\n\n<h2><span id=\"Les_modes_de_paiementnbsppour_les_investissements_de_presque_toutes_les_dimensions\">Les modes de paiement&nbsp;pour les investissements de presque toutes les dimensions<\/span><\/h2>\n\n\n\n<div class=\"wp-block-image\"><figure class=\"alignright size-large is-resized\"><img loading=\"lazy\" src=\"https:\/\/schweizercasinoclub.com\/wp-content\/uploads\/2022\/09\/payments-icon-1.png\" alt=\"\" class=\"wp-image-16059\" width=\"128\" height=\"128\" srcset=\"https:\/\/schweizercasinoclub.com\/wp-content\/uploads\/2022\/09\/payments-icon-1.png 512w, https:\/\/schweizercasinoclub.com\/wp-content\/uploads\/2022\/09\/payments-icon-1-300x300.png 300w, https:\/\/schweizercasinoclub.com\/wp-content\/uploads\/2022\/09\/payments-icon-1-150x150.png 150w, https:\/\/schweizercasinoclub.com\/wp-content\/uploads\/2022\/09\/payments-icon-1-40x40.png 40w, https:\/\/schweizercasinoclub.com\/wp-content\/uploads\/2022\/09\/payments-icon-1-50x50.png 50w, https:\/\/schweizercasinoclub.com\/wp-content\/uploads\/2022\/09\/payments-icon-1-100x100.png 100w, https:\/\/schweizercasinoclub.com\/wp-content\/uploads\/2022\/09\/payments-icon-1-120x120.png 120w, https:\/\/schweizercasinoclub.com\/wp-content\/uploads\/2022\/09\/payments-icon-1-135x135.png 135w, https:\/\/schweizercasinoclub.com\/wp-content\/uploads\/2022\/09\/payments-icon-1-270x270.png 270w, https:\/\/schweizercasinoclub.com\/wp-content\/uploads\/2022\/09\/payments-icon-1-450x450.png 450w, https:\/\/schweizercasinoclub.com\/wp-content\/uploads\/2022\/09\/payments-icon-1-479x479.png 479w, https:\/\/schweizercasinoclub.com\/wp-content\/uploads\/2022\/09\/payments-icon-1-32x32.png 32w, https:\/\/schweizercasinoclub.com\/wp-content\/uploads\/2022\/09\/payments-icon-1-80x80.png 80w, https:\/\/schweizercasinoclub.com\/wp-content\/uploads\/2022\/09\/payments-icon-1-20x20.png 20w\" sizes=\"(max-width: 128px) 100vw, 128px\" \/><\/figure><\/div>\n\n\n\n<p>Les meilleurs casinos en ligne ont tendance \u00e0 accepter toutes les m\u00e9thodes de paiement possibles. La plupart des m\u00e9thodes fonctionnent avec des limites similaires : d\u00e9p\u00f4t minimum de 10 euros et transactions maximales pouvant aller jusqu&rsquo;\u00e0 plusieurs milliers.<\/p>\n\n\n\n<p>Les transactions des utilisateurs sont d\u00fbment assur\u00e9es par chaque plate-forme de jeux et par leurs banques et portefeuilles. Les m\u00e9thodes de paiement les plus utilis\u00e9es par les joueurs en ligne d&rsquo;aujourd&rsquo;hui sont&nbsp;:<\/p>\n\n\n\n<ul><li>Visa<\/li><li>MasterCard<\/li><li>Neteller<\/li><li>Skrill<\/li><li>Paysafecard<\/li><li>Bank Transfer<\/li><\/ul>\n\n\n\n<p>Les noms de ces banques se trouvent dans 90% des casinos virtuels. Ils permettent g\u00e9n\u00e9ralement d&rsquo;effectuer votre depot en euros, en dollars et dans d&rsquo;autres devises (online casino 10 euro deposit, 20 dollars au minimum, le plus souvent).<\/p>\n\n\n\n<figure class=\"wp-block-table is-style-stripes\"><table><tbody><tr><th>&nbsp;<\/th><th><img loading=\"lazy\" src=\"https:\/\/schweizercasinoclub.com\/wp-content\/uploads\/2020\/05\/paysafe-1.png\" alt=\"\" width=\"114\" height=\"52\"><\/th><th><img loading=\"lazy\" src=\"https:\/\/schweizercasinoclub.com\/wp-content\/uploads\/2020\/08\/ecoPayz-logo.png\" alt=\"ecoPayz\" width=\"88\" height=\"21\"><\/th><th><img loading=\"lazy\" src=\"https:\/\/schweizercasinoclub.com\/wp-content\/uploads\/2020\/08\/Giropay-logo.png\" alt=\"Giropay-logo\" width=\"60\" height=\"28\"><\/th><th><img loading=\"lazy\" src=\"https:\/\/schweizercasinoclub.com\/wp-content\/uploads\/2018\/08\/neteller.png\" alt=\"neteller\" width=\"88\" height=\"16\"><\/th><th><img loading=\"lazy\" src=\"https:\/\/schweizercasinoclub.com\/wp-content\/uploads\/2018\/08\/mastercard.png\" alt=\"\" width=\"39\" height=\"23\"><img loading=\"lazy\" src=\"https:\/\/schweizercasinoclub.com\/wp-content\/uploads\/2020\/05\/visa-1.png\" alt=\"\" width=\"53\" height=\"25\"><\/th><th><img loading=\"lazy\" src=\"https:\/\/schweizercasinoclub.com\/wp-content\/uploads\/2020\/05\/btc-1.png\" alt=\"bitcoin\" width=\"106\" height=\"49\"><\/th><th><img loading=\"lazy\" src=\"https:\/\/schweizercasinoclub.com\/wp-content\/uploads\/2020\/08\/neosurf.png\" alt=\"neosurf\" width=\"80\" height=\"27\"><\/th><\/tr><tr><td><strong>Reteait<\/strong><\/td><td>\u274c<\/td><td>\u2714\ufe0f<\/td><td>\u274c<\/td><td>\u2714\ufe0f<\/td><td>\u274c<\/td><td>\u2714\ufe0f<\/td><td>\u2714\ufe0f<\/td><\/tr><tr><td><strong>Fraise<\/strong><\/td><td>15% ou 1,5% + 3\u20ac<\/td><td>Libre<\/td><td>0,60% \u2013 1,20%<\/td><td>2,5%<\/td><td>&lt;3%<\/td><td>Libre<\/td><td>Libre<\/td><\/tr><tr><td><strong>Temps de retrait<\/strong><\/td><td>&nbsp;<\/td><td>&lt; 24 heures<\/td><td>&nbsp;<\/td><td>&lt; 24 heures<\/td><td>&nbsp;<\/td><td>&lt; 24 heures<\/td><td>&lt; 24 heures<\/td><\/tr><tr><td><strong>Limites des transaktions (Min-Max)<\/strong><\/td><td>\u20ac5 \u2013 \u20ac2500<\/td><td>\u20ac10 \u2013 \u20ac4000<\/td><td>\u20ac10 \u2013 \u20ac50000<\/td><td>\u20ac1 \u2013 \u20ac2500<\/td><td>\u20ac10 \u2013 \u20ac50000<\/td><td>min 0.0001 BTC<\/td><td>\u20ac1 \u2013 \u20ac10000<\/td><\/tr><tr><td><strong>Le mode de paiement<\/strong><\/td><td>Bon pr\u00e9pay\u00e9<\/td><td>Portefeuille \u00e9lectronique<\/td><td>Virement bancaire<\/td><td>Portefeuille \u00e9lectronique<\/td><td>Carte de cr\u00e9dit<\/td><td>Monnaie en ligne<\/td><td>Portefeuille \u00e9lectronique<\/td><\/tr><tr><td>&nbsp;<\/td><td><a href=\"https:\/\/schweizercasinoclub.com\/fr\/payments\/paysafecard\/\">Afficher les casinos<\/a><\/td><td><a href=\"https:\/\/schweizercasinoclub.com\/fr\/payments\/ecopayz\/\">Afficher les casinos<\/a><\/td><td>&nbsp;<\/td><td><a href=\"https:\/\/schweizercasinoclub.com\/fr\/payments\/neteller\/\">Afficher les casinos<\/a><\/td><td>&nbsp;<\/td><td><a href=\"https:\/\/schweizercasinoclub.com\/fr\/payments\/bitcoin\/\">Afficher les casinos<\/a><\/td><td><a href=\"https:\/\/schweizercasinoclub.com\/fr\/payments\/neosurf\/\">Afficher les casinos<\/a><\/td><\/tr><\/tbody><\/table><\/figure>\n\n\n\n<h2><span id=\"La_version_mobile_du_casino_avec_une_caution_de_10_euros\">La version mobile du casino avec une caution de 10 euros<\/span><\/h2>\n\n\n\n<div class=\"wp-block-image\"><figure class=\"alignleft size-large is-resized\"><img loading=\"lazy\" src=\"https:\/\/schweizercasinoclub.com\/wp-content\/uploads\/2022\/09\/mobile-icon-3.png\" alt=\"\" class=\"wp-image-16061\" width=\"128\" height=\"128\" srcset=\"https:\/\/schweizercasinoclub.com\/wp-content\/uploads\/2022\/09\/mobile-icon-3.png 512w, https:\/\/schweizercasinoclub.com\/wp-content\/uploads\/2022\/09\/mobile-icon-3-300x300.png 300w, https:\/\/schweizercasinoclub.com\/wp-content\/uploads\/2022\/09\/mobile-icon-3-150x150.png 150w, https:\/\/schweizercasinoclub.com\/wp-content\/uploads\/2022\/09\/mobile-icon-3-40x40.png 40w, https:\/\/schweizercasinoclub.com\/wp-content\/uploads\/2022\/09\/mobile-icon-3-50x50.png 50w, https:\/\/schweizercasinoclub.com\/wp-content\/uploads\/2022\/09\/mobile-icon-3-100x100.png 100w, https:\/\/schweizercasinoclub.com\/wp-content\/uploads\/2022\/09\/mobile-icon-3-120x120.png 120w, https:\/\/schweizercasinoclub.com\/wp-content\/uploads\/2022\/09\/mobile-icon-3-135x135.png 135w, https:\/\/schweizercasinoclub.com\/wp-content\/uploads\/2022\/09\/mobile-icon-3-270x270.png 270w, https:\/\/schweizercasinoclub.com\/wp-content\/uploads\/2022\/09\/mobile-icon-3-450x450.png 450w, https:\/\/schweizercasinoclub.com\/wp-content\/uploads\/2022\/09\/mobile-icon-3-479x479.png 479w, https:\/\/schweizercasinoclub.com\/wp-content\/uploads\/2022\/09\/mobile-icon-3-32x32.png 32w, https:\/\/schweizercasinoclub.com\/wp-content\/uploads\/2022\/09\/mobile-icon-3-80x80.png 80w, https:\/\/schweizercasinoclub.com\/wp-content\/uploads\/2022\/09\/mobile-icon-3-20x20.png 20w\" sizes=\"(max-width: 128px) 100vw, 128px\" \/><\/figure><\/div>\n\n\n\n<p>La modernisation contribue \u00e0 la croissance des casinos en ligne. Depuis plusieurs ann\u00e9es, les smartphones et les tablettes sont devenus des appareils aussi populaires que les ordinateurs pour les jeux de hasard en ligne. Les avantages et le plaisir sont les m\u00eames ! Le mode de fonctionnement des casinos est le m\u00eame quel que soit l&rsquo;appareil utilis\u00e9.<\/p>\n\n\n\n<p>Chaque utilisateur peut b\u00e9n\u00e9ficier des m\u00eames promotions (par exemple, bonus de bienvenue) en utilisant son t\u00e9l\u00e9phone portable. Les paris virtuels sont aussi adapt\u00e9s au t\u00e9l\u00e9phone mobile qu&rsquo;\u00e0 l&rsquo;ordinateur. Les versions mobiles des casinos sont \u00e9galement aussi populaires que les versions traditionnelles desktop.<\/p>\n\n\n\n<h2><span id=\"Quelle_est_la_meilleure_chose_a_propos_du_casino_avec_un_depot_de_10Enbsp\">Quelle est la meilleure chose \u00e0 propos du casino avec un d\u00e9p\u00f4t de 10\u20ac&nbsp;?<\/span><\/h2>\n\n\n\n<p>10 euros est un montant assez raisonnable pour les utilisateurs, consid\u00e9rant les nombreuses possibilit\u00e9s qu&rsquo;ils ont sur un casino en ligne. C&rsquo;est aussi une quantit\u00e9 assez r\u00e9aliste. Certains sites de jeu acceptent un <a href=\"https:\/\/schweizercasinoclub.com\/fr\/1-euro-deposit\/\">depot minimum de 1<\/a> ou de 5 euros, mais 10 euro deposit para\u00eet \u00eatre un investissement initial plus pratique pour gagner gros.<\/p>\n\n\n\n<div class=\"wp-block-image\"><figure class=\"alignright size-large is-resized\"><img loading=\"lazy\" src=\"https:\/\/schweizercasinoclub.com\/wp-content\/uploads\/2022\/09\/cards-icon-1.png\" alt=\"\" class=\"wp-image-16063\" width=\"128\" height=\"128\" srcset=\"https:\/\/schweizercasinoclub.com\/wp-content\/uploads\/2022\/09\/cards-icon-1.png 512w, https:\/\/schweizercasinoclub.com\/wp-content\/uploads\/2022\/09\/cards-icon-1-300x300.png 300w, https:\/\/schweizercasinoclub.com\/wp-content\/uploads\/2022\/09\/cards-icon-1-150x150.png 150w, https:\/\/schweizercasinoclub.com\/wp-content\/uploads\/2022\/09\/cards-icon-1-40x40.png 40w, https:\/\/schweizercasinoclub.com\/wp-content\/uploads\/2022\/09\/cards-icon-1-50x50.png 50w, https:\/\/schweizercasinoclub.com\/wp-content\/uploads\/2022\/09\/cards-icon-1-100x100.png 100w, https:\/\/schweizercasinoclub.com\/wp-content\/uploads\/2022\/09\/cards-icon-1-120x120.png 120w, https:\/\/schweizercasinoclub.com\/wp-content\/uploads\/2022\/09\/cards-icon-1-135x135.png 135w, https:\/\/schweizercasinoclub.com\/wp-content\/uploads\/2022\/09\/cards-icon-1-270x270.png 270w, https:\/\/schweizercasinoclub.com\/wp-content\/uploads\/2022\/09\/cards-icon-1-450x450.png 450w, https:\/\/schweizercasinoclub.com\/wp-content\/uploads\/2022\/09\/cards-icon-1-479x479.png 479w, https:\/\/schweizercasinoclub.com\/wp-content\/uploads\/2022\/09\/cards-icon-1-32x32.png 32w, https:\/\/schweizercasinoclub.com\/wp-content\/uploads\/2022\/09\/cards-icon-1-80x80.png 80w, https:\/\/schweizercasinoclub.com\/wp-content\/uploads\/2022\/09\/cards-icon-1-20x20.png 20w\" sizes=\"(max-width: 128px) 100vw, 128px\" \/><\/figure><\/div>\n\n\n\n<p>Un autre avantage de faire des d\u00e9p\u00f4ts avec 10 euros est que des utilisateurs comme vous peuvent b\u00e9n\u00e9ficier de bonus \u00e9ventuels et ceux d&rsquo;horaires sp\u00e9ciaux. De nombreuses promotions sur les casinos en ligne sont lib\u00e9r\u00e9es \u00e0 partir de ce montant. Beaucoup participent \u00e9galement \u00e0 des jackpots progressifs avec des investissements minimums comme celui-ci.<\/p>\n\n\n\n<p>Autrement dit, vous avez acc\u00e8s \u00e0 pratiquement tous les avantages des sites de paris sans risquer de gros. Cela inclut \u00e9galement les programmes VIP qui sont si courants dans l\u2019actualit\u00e9.<\/p>\n\n\n\n<h2><span id=\"Pour_les_joueurs_experimentees_et_pour_les_debutants_casino_deposit_minimum_10_euros\">Pour les joueurs exp\u00e9riment\u00e9es et pour les d\u00e9butants : casino deposit minimum 10 euros<\/span><\/h2>\n\n\n\n<p>Le meilleur joueur n&rsquo;est pas celui qui parie avec des gros billets, mais celui qui fait de la magie avec peu. Jouer \u00e0 partir de 10 euro deposit peut \u00eatre strat\u00e9gique. Il est courant de voir des joueurs avanc\u00e9s commencer une journ\u00e9e de paris avec ce petit investissement. C&rsquo;est un bon entra\u00eenement pour s&rsquo;habituer \u00e0 gagner gros \u00e0 partir de rien.<\/p>\n\n\n\n<p>Le bonus de bienvenue est un excellent point de d\u00e9part pour les nouveaux inscrits. Ils peuvent ainsi s&rsquo;entra\u00eener sans d\u00e9penser leur propre argent. Mais lorsqu&rsquo;on joue avec de l&rsquo;argent r\u00e9el, 10 euros suffisent pour continuer \u00e0 s&rsquo;entra\u00eener, \u00e0 vivre l&rsquo;exp\u00e9rience d&rsquo;un vrai casino en prenant des risques mod\u00e9r\u00e9s.<\/p>\n\n\n\n<p>En conclusion, le casino deposit minimum 10 euros peut avoir le m\u00eame usage que les d\u00e9p\u00f4ts plus luxueux. Ce montant est d\u00e9j\u00e0 une bonne entr\u00e9e aux jeux de hasard. Elle ne comporte pas de risques majeurs, donne acc\u00e8s \u00e0 la plupart des avantages de tout casino en ligne et vous permet \u00e9galement de vous entra\u00eener comme un v\u00e9ritable joueur.<\/p>\n","protected":false},"excerpt":{"rendered":"<p>Il y a encore plus de raisons de penser que c&rsquo;est un monde pour l\u2019amusement prot\u00e9g\u00e9 et en toute s\u00e9curit\u00e9. L&rsquo;une des offres du casino en ligne est le \u00ab\u00a0bonus gratuit\u00a0\u00bb ou \u00ab\u00a0bonus de bienvenue\u00a0\u00bb. C&rsquo;est l&rsquo;une des promotions r\u00e9guli\u00e8res qui finissent par convaincre les nouveaux utilisateurs d&rsquo;effectuer leurs premiers d\u00e9p\u00f4ts. La meilleure publicit\u00e9 pour [&hellip;]<\/p>\n","protected":false},"author":12,"featured_media":0,"parent":0,"menu_order":0,"comment_status":"closed","ping_status":"closed","template":"","meta":{"inline_featured_image":false},"yoast_head":"<!-- This site is optimized with the Yoast SEO plugin v18.2 - https:\/\/yoast.com\/wordpress\/plugins\/seo\/ -->\n<title>Casino en ligne avec d\u00e9p\u00f4t minimum 10 euros en Suisse<\/title>\n<meta name=\"description\" content=\"Meilleur casino deposit minimum 10 euros! \u2705 Liste compl\u00e8te des casinos suisses avec 10 euros sans d\u00e9p\u00f4t \u2705 Faites un premier casino minimum deposit 10\u20ac + obtenez un BONUS! \u2705\" \/>\n<meta name=\"robots\" content=\"index, follow, max-snippet:-1, max-image-preview:large, max-video-preview:-1\" \/>\n<link rel=\"canonical\" href=\"https:\/\/schweizercasinoclub.com\/fr\/10-euro-deposit\/\" \/>\n<meta property=\"og:locale\" content=\"fr_FR\" \/>\n<meta property=\"og:type\" content=\"article\" \/>\n<meta property=\"og:title\" content=\"Casino en ligne avec d\u00e9p\u00f4t minimum 10 euros en Suisse\" \/>\n<meta property=\"og:description\" content=\"Meilleur casino deposit minimum 10 euros! \u2705 Liste compl\u00e8te des casinos suisses avec 10 euros sans d\u00e9p\u00f4t \u2705 Faites un premier casino minimum deposit 10\u20ac + obtenez un BONUS! \u2705\" \/>\n<meta property=\"og:url\" content=\"https:\/\/schweizercasinoclub.com\/fr\/10-euro-deposit\/\" \/>\n<meta property=\"og:site_name\" content=\"SchweizerCasinoClub\" \/>\n<meta property=\"article:modified_time\" content=\"2022-11-04T07:34:22+00:00\" \/>\n<meta property=\"og:image\" content=\"https:\/\/schweizercasinoclub.com\/wp-content\/uploads\/2022\/09\/payments-icon-1.png\" \/>\n<meta name=\"twitter:card\" content=\"summary_large_image\" \/>\n<meta name=\"twitter:label1\" content=\"Est. reading time\" \/>\n\t<meta name=\"twitter:data1\" content=\"6 minutes\" \/>\n<script type=\"application\/ld+json\" class=\"yoast-schema-graph\">{\"@context\":\"https:\/\/schema.org\",\"@graph\":[{\"@type\":\"WebSite\",\"@id\":\"https:\/\/schweizercasinoclub.com\/#website\",\"url\":\"https:\/\/schweizercasinoclub.com\/\",\"name\":\"SchweizerCasinoClub\",\"description\":\"\",\"potentialAction\":[{\"@type\":\"SearchAction\",\"target\":{\"@type\":\"EntryPoint\",\"urlTemplate\":\"https:\/\/schweizercasinoclub.com\/?s={search_term_string}\"},\"query-input\":\"required name=search_term_string\"}],\"inLanguage\":\"fr-CA\"},{\"@type\":\"ImageObject\",\"@id\":\"https:\/\/schweizercasinoclub.com\/fr\/10-euro-deposit\/#primaryimage\",\"inLanguage\":\"fr-CA\",\"url\":\"https:\/\/schweizercasinoclub.com\/wp-content\/uploads\/2022\/09\/payments-icon-1.png\",\"contentUrl\":\"https:\/\/schweizercasinoclub.com\/wp-content\/uploads\/2022\/09\/payments-icon-1.png\",\"width\":512,\"height\":512},{\"@type\":\"WebPage\",\"@id\":\"https:\/\/schweizercasinoclub.com\/fr\/10-euro-deposit\/#webpage\",\"url\":\"https:\/\/schweizercasinoclub.com\/fr\/10-euro-deposit\/\",\"name\":\"Casino en ligne avec d\u00e9p\u00f4t minimum 10 euros en Suisse\",\"isPartOf\":{\"@id\":\"https:\/\/schweizercasinoclub.com\/#website\"},\"primaryImageOfPage\":{\"@id\":\"https:\/\/schweizercasinoclub.com\/fr\/10-euro-deposit\/#primaryimage\"},\"datePublished\":\"2022-09-15T09:30:34+00:00\",\"dateModified\":\"2022-11-04T07:34:22+00:00\",\"description\":\"Meilleur casino deposit minimum 10 euros! \u2705 Liste compl\u00e8te des casinos suisses avec 10 euros sans d\u00e9p\u00f4t \u2705 Faites un premier casino minimum deposit 10\u20ac + obtenez un BONUS! \u2705\",\"breadcrumb\":{\"@id\":\"https:\/\/schweizercasinoclub.com\/fr\/10-euro-deposit\/#breadcrumb\"},\"inLanguage\":\"fr-CA\",\"potentialAction\":[{\"@type\":\"ReadAction\",\"target\":[\"https:\/\/schweizercasinoclub.com\/fr\/10-euro-deposit\/\"]}]},{\"@type\":\"BreadcrumbList\",\"@id\":\"https:\/\/schweizercasinoclub.com\/fr\/10-euro-deposit\/#breadcrumb\",\"itemListElement\":[{\"@type\":\"ListItem\",\"position\":1,\"name\":\"Online Casinos\",\"item\":\"https:\/\/schweizercasinoclub.com\/fr\/\"},{\"@type\":\"ListItem\",\"position\":2,\"name\":\"Casino en ligne avec un d\u00e9p\u00f4t de 10 euros\"}]}]}<\/script>\n<!-- \/ Yoast SEO plugin. -->","yoast_head_json":{"title":"Casino en ligne avec d\u00e9p\u00f4t minimum 10 euros en Suisse","description":"Meilleur casino deposit minimum 10 euros! \u2705 Liste compl\u00e8te des casinos suisses avec 10 euros sans d\u00e9p\u00f4t \u2705 Faites un premier casino minimum deposit 10\u20ac + obtenez un BONUS! \u2705","robots":{"index":"index","follow":"follow","max-snippet":"max-snippet:-1","max-image-preview":"max-image-preview:large","max-video-preview":"max-video-preview:-1"},"canonical":"https:\/\/schweizercasinoclub.com\/fr\/10-euro-deposit\/","og_locale":"fr_FR","og_type":"article","og_title":"Casino en ligne avec d\u00e9p\u00f4t minimum 10 euros en Suisse","og_description":"Meilleur casino deposit minimum 10 euros! \u2705 Liste compl\u00e8te des casinos suisses avec 10 euros sans d\u00e9p\u00f4t \u2705 Faites un premier casino minimum deposit 10\u20ac + obtenez un BONUS! \u2705","og_url":"https:\/\/schweizercasinoclub.com\/fr\/10-euro-deposit\/","og_site_name":"SchweizerCasinoClub","article_modified_time":"2022-11-04T07:34:22+00:00","og_image":[{"url":"https:\/\/schweizercasinoclub.com\/wp-content\/uploads\/2022\/09\/payments-icon-1.png"}],"twitter_card":"summary_large_image","twitter_misc":{"Est. reading time":"6 minutes"},"schema":{"@context":"https:\/\/schema.org","@graph":[{"@type":"WebSite","@id":"https:\/\/schweizercasinoclub.com\/#website","url":"https:\/\/schweizercasinoclub.com\/","name":"SchweizerCasinoClub","description":"","potentialAction":[{"@type":"SearchAction","target":{"@type":"EntryPoint","urlTemplate":"https:\/\/schweizercasinoclub.com\/?s={search_term_string}"},"query-input":"required name=search_term_string"}],"inLanguage":"fr-CA"},{"@type":"ImageObject","@id":"https:\/\/schweizercasinoclub.com\/fr\/10-euro-deposit\/#primaryimage","inLanguage":"fr-CA","url":"https:\/\/schweizercasinoclub.com\/wp-content\/uploads\/2022\/09\/payments-icon-1.png","contentUrl":"https:\/\/schweizercasinoclub.com\/wp-content\/uploads\/2022\/09\/payments-icon-1.png","width":512,"height":512},{"@type":"WebPage","@id":"https:\/\/schweizercasinoclub.com\/fr\/10-euro-deposit\/#webpage","url":"https:\/\/schweizercasinoclub.com\/fr\/10-euro-deposit\/","name":"Casino en ligne avec d\u00e9p\u00f4t minimum 10 euros en Suisse","isPartOf":{"@id":"https:\/\/schweizercasinoclub.com\/#website"},"primaryImageOfPage":{"@id":"https:\/\/schweizercasinoclub.com\/fr\/10-euro-deposit\/#primaryimage"},"datePublished":"2022-09-15T09:30:34+00:00","dateModified":"2022-11-04T07:34:22+00:00","description":"Meilleur casino deposit minimum 10 euros! \u2705 Liste compl\u00e8te des casinos suisses avec 10 euros sans d\u00e9p\u00f4t \u2705 Faites un premier casino minimum deposit 10\u20ac + obtenez un BONUS! \u2705","breadcrumb":{"@id":"https:\/\/schweizercasinoclub.com\/fr\/10-euro-deposit\/#breadcrumb"},"inLanguage":"fr-CA","potentialAction":[{"@type":"ReadAction","target":["https:\/\/schweizercasinoclub.com\/fr\/10-euro-deposit\/"]}]},{"@type":"BreadcrumbList","@id":"https:\/\/schweizercasinoclub.com\/fr\/10-euro-deposit\/#breadcrumb","itemListElement":[{"@type":"ListItem","position":1,"name":"Online Casinos","item":"https:\/\/schweizercasinoclub.com\/fr\/"},{"@type":"ListItem","position":2,"name":"Casino en ligne avec un d\u00e9p\u00f4t de 10 euros"}]}]}},"_links":{"self":[{"href":"https:\/\/schweizercasinoclub.com\/fr\/wp-json\/wp\/v2\/pages\/16058"}],"collection":[{"href":"https:\/\/schweizercasinoclub.com\/fr\/wp-json\/wp\/v2\/pages"}],"about":[{"href":"https:\/\/schweizercasinoclub.com\/fr\/wp-json\/wp\/v2\/types\/page"}],"author":[{"embeddable":true,"href":"https:\/\/schweizercasinoclub.com\/fr\/wp-json\/wp\/v2\/users\/12"}],"replies":[{"embeddable":true,"href":"https:\/\/schweizercasinoclub.com\/fr\/wp-json\/wp\/v2\/comments?post=16058"}],"version-history":[{"count":6,"href":"https:\/\/schweizercasinoclub.com\/fr\/wp-json\/wp\/v2\/pages\/16058\/revisions"}],"predecessor-version":[{"id":16980,"href":"https:\/\/schweizercasinoclub.com\/fr\/wp-json\/wp\/v2\/pages\/16058\/revisions\/16980"}],"wp:attachment":[{"href":"https:\/\/schweizercasinoclub.com\/fr\/wp-json\/wp\/v2\/media?parent=16058"}],"curies":[{"name":"wp","href":"https:\/\/api.w.org\/{rel}","templated":true}]}}