{"id":15211,"date":"2022-08-22T17:03:48","date_gmt":"2022-08-22T17:03:48","guid":{"rendered":"https:\/\/schweizercasinoclub-com.prokit.me\/?page_id=15211"},"modified":"2022-12-22T09:22:13","modified_gmt":"2022-12-22T09:22:13","slug":"casino-en-ligne-legal","status":"publish","type":"page","link":"https:\/\/schweizercasinoclub.com\/fr\/casino-en-ligne-legal\/","title":{"rendered":"Jouez sur un Casino en Ligne L\u00e9gal en Suisse"},"content":{"rendered":"\n<h2><span id=\"_Classement_de_Casino_en_ligne_legal_Suisse_2022\">\ud83c\udde8\ud83c\udded Classement de Casino en ligne l\u00e9gal Suisse 2022<\/span><\/h2>\n<p><div id=\"toc_container\" class=\"toc_wrap_right no_bullets\"><p class=\"toc_title\">Inhaltsverzeichnis<\/p><ol class=\"toc_list\"><li><a href=\"#_Classement_de_Casino_en_ligne_legal_Suisse_2022\">\ud83c\udde8\ud83c\udded Classement de Casino en ligne l\u00e9gal Suisse 2022<\/a><\/li><li><a href=\"#_Pourquoi_choisir_un_casino_sous_licence_Suisse\">\ud83c\udfb0 Pourquoi choisir un casino sous licence Suisse?<\/a><\/li><li><a href=\"#_Jouez_en_toute_confiance_au_meilleur_casino_online_avec_une_licence_Suisse\">\ud83d\udd79\ufe0f Jouez en toute confiance au meilleur casino online avec une licence Suisse<\/a><\/li><li><a href=\"#_Bonne_nouvelles_pour_les_joueurs_de_casino_en_ligne_Suissenbsplegal\">\ud83d\udcf0 Bonne nouvelles pour les joueurs de casino en ligne Suisse&nbsp;l\u00e9gal<\/a><\/li><li><a href=\"#FAQ\">FAQ<\/a><\/li><\/ol><\/div>\n<br \/>\nNous sommes conscients de l&rsquo;importance de faire confiance \u00e0 un casino avant de d\u00e9poser des fonds et de commencer \u00e0 jouer. Avec notre liste de casinos l\u00e9gaux en Suisse nous souhaitons vous orienter vers un casino l\u00e9gal et de vous offrir l&rsquo;opportunit\u00e9 de jouer en toute s\u00e9curit\u00e9 et tranquillit\u00e9 d&rsquo;esprit. Ce classement est bas\u00e9 sur plusieurs crit\u00e8res de choix de casinos. Un casino l\u00e9gal en Suisse doit r\u00e9pondre \u00e0 plusieurs conditions comme la transparence des licences et certificats. En plus des restrictions l\u00e9gales des casinos, nous nous basons sur les avis des utilisateurs de casino en Suisse. Un \u00e9l\u00e9ment qui repr\u00e9sente une mine d&rsquo;or gr\u00e2ce \u00e0 la fiabilit\u00e9 des notes attribu\u00e9es par les fans de casinos.<\/p>\n<h2><span id=\"_Pourquoi_choisir_un_casino_sous_licence_Suisse\">\ud83c\udfb0 Pourquoi choisir un casino sous licence Suisse?<\/span><\/h2>\n<p><img loading=\"lazy\" class=\"size-full wp-image-7171 alignright\" src=\"https:\/\/schweizercasinoclub.com\/wp-content\/uploads\/2020\/09\/legal-casino-icon-e1599655431653.png\" alt=\"legal-casino\" width=\"100\" height=\"100\" srcset=\"https:\/\/schweizercasinoclub.com\/wp-content\/uploads\/2020\/09\/legal-casino-icon-e1599655431653.png 100w, https:\/\/schweizercasinoclub.com\/wp-content\/uploads\/2020\/09\/legal-casino-icon-e1599655431653-40x40.png 40w, https:\/\/schweizercasinoclub.com\/wp-content\/uploads\/2020\/09\/legal-casino-icon-e1599655431653-50x50.png 50w, https:\/\/schweizercasinoclub.com\/wp-content\/uploads\/2020\/09\/legal-casino-icon-e1599655431653-32x32.png 32w, https:\/\/schweizercasinoclub.com\/wp-content\/uploads\/2020\/09\/legal-casino-icon-e1599655431653-80x80.png 80w, https:\/\/schweizercasinoclub.com\/wp-content\/uploads\/2020\/09\/legal-casino-icon-e1599655431653-20x20.png 20w\" sizes=\"(max-width: 100px) 100vw, 100px\" \/>En Suisse, le domaine de casino en ligne suisse l\u00e9gal est en pleine croissance. Il existe de plus en plus de lois des casinos qui s&rsquo;ajoutent dans la l\u00e9gislation. Une chose qui permettra de prot\u00e9ger les joueurs de casinos en ligne et de leur permettre de jouer dans un cadre l\u00e9gal. Plusieurs raisons peuvent justifier notre orientation et celle des joueurs de casinos. Nous mettons tout notre savoir-faire afin de filtrer et ne lister que les meilleurs casinos Suisse en ligne l\u00e9gaux. Tel que d\u00e9j\u00e0 mentionn\u00e9, notre s\u00e9lection de casinos se base principalement sur des crit\u00e8res stricts et v\u00e9rifi\u00e9s. Voici quelques exemples d&rsquo;exigences dans notre choix de classement de&nbsp;casino en ligne suisse l\u00e9gal. D&rsquo;o\u00f9 l&rsquo;importance de choisir un casino sous licence Suisse.<\/p>\n<h3>Licences et certificats des casinos agr\u00e9\u00e9s<\/h3>\n<p>Nos sites de <a href=\"https:\/\/schweizercasinoclub.com\/fr\/\">casinos en ligne Suisse<\/a> r\u00e9pondent tous aux exigences gouvernementales qui r\u00e8glent le domaine de jeux de casinos en Suisse. Tous les sites sont donc licenci\u00e9s et l\u00e9gaux. Nous exigeons aussi la possession de certificat d&rsquo;honn\u00eatet\u00e9 pour apparaitre dans notre comparateur de casinos en ligne.<\/p>\n<h3>\ud83d\udee0\ufe0f D\u00e9veloppeurs de jeux r\u00e9put\u00e9s<\/h3>\n<p>Les d\u00e9veloppeurs de jeux r\u00e9put\u00e9s ne collaborent g\u00e9n\u00e9ralement que dans un cadre l\u00e9gal. La r\u00e9putation des jeux connus ne laisse pas trop r\u00e9fl\u00e9chir un joueur pour admettre le cadre l\u00e9gal. Nos \u00e9quipes veillent \u00e9galement \u00e0 la meilleure s\u00e9lection de jeux de casinos, par cons\u00e9quent les meilleurs casinos l\u00e9gaux Suisse.<\/p>\n<h3>\ud83d\udcb3 M\u00e9thodes de paiement des casinos<\/h3>\n<p><img loading=\"lazy\" class=\"size-full wp-image-6960 alignright\" src=\"https:\/\/schweizercasinoclub.com\/wp-content\/uploads\/2020\/09\/payments-icon-e1599655463563.png\" alt=\"payments_icon\" width=\"100\" height=\"100\"><br \/>\nLes m\u00e9thodes de paiement sont v\u00e9rifi\u00e9es et fiables. Il s&rsquo;agit d&rsquo;un argument important dans le choix d&rsquo;un casino sous licence Suisse. Les casinos en ligne Suisse passent par une s\u00e9lection tr\u00e8s rigoureuse avant de recevoir les autorisations n\u00e9cessaires pour exercer dans le domaine de jeux de casinos en Suisse. Plusieurs <a href=\"https:\/\/schweizercasinoclub.com\/fr\/payments\/bitcoin\/\">casino bitcoin<\/a>&nbsp;sont \u00e9galement agr\u00e9\u00e9 par la r\u00e9glementation Suisse.<\/p>\n<h3>\ud83d\udcac Avis des joueurs de casinos Suisses<\/h3>\n<p>L&rsquo;avis d&rsquo;un joueur de casino est d&rsquo;une importance in\u00e9gale dans le choix d&rsquo;un casino l\u00e9gal. Nous nous basons sur cet \u00e9l\u00e9ment afin d&rsquo;ajouter une touche de confiance \u00e0 notre s\u00e9lection de casinos l\u00e9gaux Suisses.<\/p>\n<h2><span id=\"_Jouez_en_toute_confiance_au_meilleur_casino_online_avec_une_licence_Suisse\">\ud83d\udd79\ufe0f Jouez en toute confiance au meilleur casino online avec une licence Suisse<\/span><\/h2>\n<p>Il est important de savoir que plusieurs sites de casinos en ligne peuvent tricher et afficher des fausses \u00e9valuations. Notre r\u00f4le est de vous \u00e9clairer et vous lister non seulement les casinos en ligne Suisse l\u00e9gaux mais aussi nous classons pour vous les meilleurs en fonctions de vos envies de jeux. En faisant vos recherches, il faut faire tr\u00e8s attention pour ne pas tomber sur des casinos ill\u00e9gaux. Avec notre expertise dans le domaine des casinos, nous nous tenons responsables de vous offrir les meilleurs terrains de jeux dans un cadre l\u00e9gal.<\/p>\n<h2><span id=\"_Bonne_nouvelles_pour_les_joueurs_de_casino_en_ligne_Suissenbsplegal\">\ud83d\udcf0 Bonne nouvelles pour les joueurs de casino en ligne Suisse&nbsp;l\u00e9gal<\/span><\/h2>\n<p><img loading=\"lazy\" class=\"size-full wp-image-6942 alignleft\" src=\"https:\/\/schweizercasinoclub.com\/wp-content\/uploads\/2020\/09\/slots-icon-e1599655503874.png\" alt=\"slots-icon\" width=\"100\" height=\"100\">La r\u00e9glementation des casinos en ligne en Suisse ne date pas de tr\u00e8s longtemps. La Suisse a autoris\u00e9 les jeux de casinos en ligne depuis juin 2019. Il est devenu donc possible pour un casino de recevoir une licence Suisse et d&rsquo;exercer en toute l\u00e9galit\u00e9. Un changement qui rendra l&rsquo;exp\u00e9rience du joueur de casinos en ligne en Suisse plus agr\u00e9able et amusante.<\/p>\n<p>Notre site comparateur de casinos en ligne Suisse demeure votre support afin de choisir le meilleur casino l\u00e9gal. Nos experts veillent \u00e0 rassembler toutes les informations qui peuvent vous \u00eatre utiles dans le choix de casino. Ils tiennent \u00e9galement \u00e0 vous offrir la chance de profiter de vos jeux de casinos favoris tout en \u00e9tant dans un cadre l\u00e9gal.<\/p>\n\t<div itemscope itemtype=\"https:\/\/schema.org\/FAQPage\" class=\"faq\">\n\t\t<meta itemprop=\"mainEntityOfPage\" content=\"https:\/\/schweizercasinoclub.com\"><h2 itemprop=\"name\"><span id=\"FAQ\">FAQ<\/span><\/h2>\t\t<div class=\"faq-items\">\n\t\t\t\n<div data-iterator=\"1\" class=\"faq-item js-faq-block active \">\n\t<div itemscope itemprop=\"mainEntity\" itemtype=\"https:\/\/schema.org\/Question\" class=\"js-faq-question\">\n\t\t<h3 itemprop=\"name\" class=\"faq-item__question\">1\ufe0f\u20e3 Le casino en ligne est-il l\u00e9gal en Suisse?<\/h3>\n\t\t<div itemscope itemprop=\"acceptedAnswer\" itemtype=\"https:\/\/schema.org\/Answer\">\n\t\t\t<div itemprop=\"text\" class=\"faq-item__answer js-faq-answer active \">\n\t\t\t\t<p>D\u2019apr\u00e8s la loi vot\u00e9e en 2019 les jeux d\u2019argent r\u00e9el sont officiellement l\u00e9gaux sur le territoire de la Suisse. Pourtant, ce ne sont que d\u2019op\u00e9rateurs locaux licenci\u00e9s par la Commission f\u00e9d\u00e9rale des Maisons de jeu qui ont le permis de proposer ces divertissements, tandis que les op\u00e9rateurs \u00e9trangers sont d\u00e9sormais interdits.<\/p>\n\t\t\t<\/div>\n\t\t<\/div>\n\t<\/div>\n<\/div>\n\n<div data-iterator=\"2\" class=\"faq-item js-faq-block \">\n\t<div itemscope itemprop=\"mainEntity\" itemtype=\"https:\/\/schema.org\/Question\" class=\"js-faq-question\">\n\t\t<h3 itemprop=\"name\" class=\"faq-item__question\">2\ufe0f\u20e3 Quelle est la popularit\u00e9 du casino en ligne l\u00e9gal Suisse?<\/h3>\n\t\t<div itemscope itemprop=\"acceptedAnswer\" itemtype=\"https:\/\/schema.org\/Answer\">\n\t\t\t<div itemprop=\"text\" class=\"faq-item__answer js-faq-answer \">\n\t\t\t\t<p>Le casino en ligne devient de plus en plus populaire en Suisse. Les op\u00e9rateurs locaux am\u00e9liorent les services propos\u00e9s, les jeux sont d\u00e9sormais l\u00e9gaux, de nouvelles technologies sont mises en place lors de la cr\u00e9ation des logiciels. De plus, les casinos en ligne suisses sont connus par leurs bonus et promotions g\u00e9n\u00e9reux.<\/p>\n\t\t\t<\/div>\n\t\t<\/div>\n\t<\/div>\n<\/div>\n\n<div data-iterator=\"3\" class=\"faq-item js-faq-block \">\n\t<div itemscope itemprop=\"mainEntity\" itemtype=\"https:\/\/schema.org\/Question\" class=\"js-faq-question\">\n\t\t<h3 itemprop=\"name\" class=\"faq-item__question\">3\ufe0f\u20e3 Le jeu est-il imposable en Suisse?<\/h3>\n\t\t<div itemscope itemprop=\"acceptedAnswer\" itemtype=\"https:\/\/schema.org\/Answer\">\n\t\t\t<div itemprop=\"text\" class=\"faq-item__answer js-faq-answer \">\n\t\t\t\t<p>Non, les joueurs ne sont pas oblig\u00e9s de payer des imp\u00f4ts de leurs gains sur le casino en ligne. La seule exception sont les joueurs professionnels qui gagnent leurs vies des jeux de hasard. Il faut dire que les imp\u00f4ts sont pay\u00e9s par les op\u00e9rateurs qui veulent fonctionner l\u00e9galement en Suisse.<\/p>\n\t\t\t<\/div>\n\t\t<\/div>\n\t<\/div>\n<\/div>\n\t\t<\/div>\n\t<\/div>\n\n","protected":false},"excerpt":{"rendered":"<p>\ud83c\udde8\ud83c\udded Classement de Casino en ligne l\u00e9gal Suisse 2022 Nous sommes conscients de l&rsquo;importance de faire confiance \u00e0 un casino avant de d\u00e9poser des fonds et de commencer \u00e0 jouer. Avec notre liste de casinos l\u00e9gaux en Suisse nous souhaitons vous orienter vers un casino l\u00e9gal et de vous offrir l&rsquo;opportunit\u00e9 de jouer en toute [&hellip;]<\/p>\n","protected":false},"author":12,"featured_media":0,"parent":0,"menu_order":0,"comment_status":"closed","ping_status":"closed","template":"","meta":{"inline_featured_image":false},"yoast_head":"<!-- This site is optimized with the Yoast SEO plugin v18.2 - https:\/\/yoast.com\/wordpress\/plugins\/seo\/ -->\n<title>Casino en ligne l\u00e9gal en Suisse \u2192 Meilleurs casinos l\u00e9gaux 2026<\/title>\n<meta name=\"description\" content=\"Guide du casino en ligne l\u00e9gal l Comment choisir ? Loi, conseils et avis \u279c Liste compl\u00e8te de casino en ligne autoris\u00e9 en Suisse avec bonus \u2705 2026 !\" \/>\n<meta name=\"robots\" content=\"index, follow, max-snippet:-1, max-image-preview:large, max-video-preview:-1\" \/>\n<link rel=\"canonical\" href=\"https:\/\/schweizercasinoclub.com\/fr\/casino-en-ligne-legal\/\" \/>\n<meta property=\"og:locale\" content=\"fr_FR\" \/>\n<meta property=\"og:type\" content=\"article\" \/>\n<meta property=\"og:title\" content=\"Casino en ligne l\u00e9gal en Suisse \u2192 Meilleurs casinos l\u00e9gaux 2026\" \/>\n<meta property=\"og:description\" content=\"Guide du casino en ligne l\u00e9gal l Comment choisir ? Loi, conseils et avis \u279c Liste compl\u00e8te de casino en ligne autoris\u00e9 en Suisse avec bonus \u2705 2026 !\" \/>\n<meta property=\"og:url\" content=\"https:\/\/schweizercasinoclub.com\/fr\/casino-en-ligne-legal\/\" \/>\n<meta property=\"og:site_name\" content=\"SchweizerCasinoClub\" \/>\n<meta property=\"article:modified_time\" content=\"2022-12-22T09:22:13+00:00\" \/>\n<meta property=\"og:image\" content=\"https:\/\/schweizercasinoclub.com\/wp-content\/uploads\/2020\/09\/legal-casino-icon-e1599655431653.png\" \/>\n<meta name=\"twitter:card\" content=\"summary_large_image\" \/>\n<meta name=\"twitter:label1\" content=\"Est. reading time\" \/>\n\t<meta name=\"twitter:data1\" content=\"4 minutes\" \/>\n<script type=\"application\/ld+json\" class=\"yoast-schema-graph\">{\"@context\":\"https:\/\/schema.org\",\"@graph\":[{\"@type\":\"WebSite\",\"@id\":\"https:\/\/schweizercasinoclub.com\/#website\",\"url\":\"https:\/\/schweizercasinoclub.com\/\",\"name\":\"SchweizerCasinoClub\",\"description\":\"\",\"potentialAction\":[{\"@type\":\"SearchAction\",\"target\":{\"@type\":\"EntryPoint\",\"urlTemplate\":\"https:\/\/schweizercasinoclub.com\/?s={search_term_string}\"},\"query-input\":\"required name=search_term_string\"}],\"inLanguage\":\"fr-CA\"},{\"@type\":\"ImageObject\",\"@id\":\"https:\/\/schweizercasinoclub.com\/fr\/casino-en-ligne-legal\/#primaryimage\",\"inLanguage\":\"fr-CA\",\"url\":\"https:\/\/schweizercasinoclub.com\/wp-content\/uploads\/2020\/09\/legal-casino-icon-e1599655431653.png\",\"contentUrl\":\"https:\/\/schweizercasinoclub.com\/wp-content\/uploads\/2020\/09\/legal-casino-icon-e1599655431653.png\",\"width\":100,\"height\":100,\"caption\":\"legal-casino\"},{\"@type\":\"WebPage\",\"@id\":\"https:\/\/schweizercasinoclub.com\/fr\/casino-en-ligne-legal\/#webpage\",\"url\":\"https:\/\/schweizercasinoclub.com\/fr\/casino-en-ligne-legal\/\",\"name\":\"Casino en ligne l\u00e9gal en Suisse \u2192 Meilleurs casinos l\u00e9gaux 2026\",\"isPartOf\":{\"@id\":\"https:\/\/schweizercasinoclub.com\/#website\"},\"primaryImageOfPage\":{\"@id\":\"https:\/\/schweizercasinoclub.com\/fr\/casino-en-ligne-legal\/#primaryimage\"},\"datePublished\":\"2022-08-22T17:03:48+00:00\",\"dateModified\":\"2022-12-22T09:22:13+00:00\",\"description\":\"Guide du casino en ligne l\u00e9gal l Comment choisir ? Loi, conseils et avis \u279c Liste compl\u00e8te de casino en ligne autoris\u00e9 en Suisse avec bonus \u2705 2026 !\",\"breadcrumb\":{\"@id\":\"https:\/\/schweizercasinoclub.com\/fr\/casino-en-ligne-legal\/#breadcrumb\"},\"inLanguage\":\"fr-CA\",\"potentialAction\":[{\"@type\":\"ReadAction\",\"target\":[\"https:\/\/schweizercasinoclub.com\/fr\/casino-en-ligne-legal\/\"]}]},{\"@type\":\"BreadcrumbList\",\"@id\":\"https:\/\/schweizercasinoclub.com\/fr\/casino-en-ligne-legal\/#breadcrumb\",\"itemListElement\":[{\"@type\":\"ListItem\",\"position\":1,\"name\":\"Online Casinos\",\"item\":\"https:\/\/schweizercasinoclub.com\/fr\/\"},{\"@type\":\"ListItem\",\"position\":2,\"name\":\"L\u00e9gal\"}]}]}<\/script>\n<!-- \/ Yoast SEO plugin. -->","yoast_head_json":{"title":"Casino en ligne l\u00e9gal en Suisse \u2192 Meilleurs casinos l\u00e9gaux 2026","description":"Guide du casino en ligne l\u00e9gal l Comment choisir ? Loi, conseils et avis \u279c Liste compl\u00e8te de casino en ligne autoris\u00e9 en Suisse avec bonus \u2705 2026 !","robots":{"index":"index","follow":"follow","max-snippet":"max-snippet:-1","max-image-preview":"max-image-preview:large","max-video-preview":"max-video-preview:-1"},"canonical":"https:\/\/schweizercasinoclub.com\/fr\/casino-en-ligne-legal\/","og_locale":"fr_FR","og_type":"article","og_title":"Casino en ligne l\u00e9gal en Suisse \u2192 Meilleurs casinos l\u00e9gaux 2026","og_description":"Guide du casino en ligne l\u00e9gal l Comment choisir ? Loi, conseils et avis \u279c Liste compl\u00e8te de casino en ligne autoris\u00e9 en Suisse avec bonus \u2705 2026 !","og_url":"https:\/\/schweizercasinoclub.com\/fr\/casino-en-ligne-legal\/","og_site_name":"SchweizerCasinoClub","article_modified_time":"2022-12-22T09:22:13+00:00","og_image":[{"url":"https:\/\/schweizercasinoclub.com\/wp-content\/uploads\/2020\/09\/legal-casino-icon-e1599655431653.png"}],"twitter_card":"summary_large_image","twitter_misc":{"Est. reading time":"4 minutes"},"schema":{"@context":"https:\/\/schema.org","@graph":[{"@type":"WebSite","@id":"https:\/\/schweizercasinoclub.com\/#website","url":"https:\/\/schweizercasinoclub.com\/","name":"SchweizerCasinoClub","description":"","potentialAction":[{"@type":"SearchAction","target":{"@type":"EntryPoint","urlTemplate":"https:\/\/schweizercasinoclub.com\/?s={search_term_string}"},"query-input":"required name=search_term_string"}],"inLanguage":"fr-CA"},{"@type":"ImageObject","@id":"https:\/\/schweizercasinoclub.com\/fr\/casino-en-ligne-legal\/#primaryimage","inLanguage":"fr-CA","url":"https:\/\/schweizercasinoclub.com\/wp-content\/uploads\/2020\/09\/legal-casino-icon-e1599655431653.png","contentUrl":"https:\/\/schweizercasinoclub.com\/wp-content\/uploads\/2020\/09\/legal-casino-icon-e1599655431653.png","width":100,"height":100,"caption":"legal-casino"},{"@type":"WebPage","@id":"https:\/\/schweizercasinoclub.com\/fr\/casino-en-ligne-legal\/#webpage","url":"https:\/\/schweizercasinoclub.com\/fr\/casino-en-ligne-legal\/","name":"Casino en ligne l\u00e9gal en Suisse \u2192 Meilleurs casinos l\u00e9gaux 2026","isPartOf":{"@id":"https:\/\/schweizercasinoclub.com\/#website"},"primaryImageOfPage":{"@id":"https:\/\/schweizercasinoclub.com\/fr\/casino-en-ligne-legal\/#primaryimage"},"datePublished":"2022-08-22T17:03:48+00:00","dateModified":"2022-12-22T09:22:13+00:00","description":"Guide du casino en ligne l\u00e9gal l Comment choisir ? Loi, conseils et avis \u279c Liste compl\u00e8te de casino en ligne autoris\u00e9 en Suisse avec bonus \u2705 2026 !","breadcrumb":{"@id":"https:\/\/schweizercasinoclub.com\/fr\/casino-en-ligne-legal\/#breadcrumb"},"inLanguage":"fr-CA","potentialAction":[{"@type":"ReadAction","target":["https:\/\/schweizercasinoclub.com\/fr\/casino-en-ligne-legal\/"]}]},{"@type":"BreadcrumbList","@id":"https:\/\/schweizercasinoclub.com\/fr\/casino-en-ligne-legal\/#breadcrumb","itemListElement":[{"@type":"ListItem","position":1,"name":"Online Casinos","item":"https:\/\/schweizercasinoclub.com\/fr\/"},{"@type":"ListItem","position":2,"name":"L\u00e9gal"}]}]}},"_links":{"self":[{"href":"https:\/\/schweizercasinoclub.com\/fr\/wp-json\/wp\/v2\/pages\/15211"}],"collection":[{"href":"https:\/\/schweizercasinoclub.com\/fr\/wp-json\/wp\/v2\/pages"}],"about":[{"href":"https:\/\/schweizercasinoclub.com\/fr\/wp-json\/wp\/v2\/types\/page"}],"author":[{"embeddable":true,"href":"https:\/\/schweizercasinoclub.com\/fr\/wp-json\/wp\/v2\/users\/12"}],"replies":[{"embeddable":true,"href":"https:\/\/schweizercasinoclub.com\/fr\/wp-json\/wp\/v2\/comments?post=15211"}],"version-history":[{"count":10,"href":"https:\/\/schweizercasinoclub.com\/fr\/wp-json\/wp\/v2\/pages\/15211\/revisions"}],"predecessor-version":[{"id":17838,"href":"https:\/\/schweizercasinoclub.com\/fr\/wp-json\/wp\/v2\/pages\/15211\/revisions\/17838"}],"wp:attachment":[{"href":"https:\/\/schweizercasinoclub.com\/fr\/wp-json\/wp\/v2\/media?parent=15211"}],"curies":[{"name":"wp","href":"https:\/\/api.w.org\/{rel}","templated":true}]}}