{"id":14920,"date":"2022-08-17T13:31:21","date_gmt":"2022-08-17T13:31:21","guid":{"rendered":"https:\/\/schweizercasinoclub-com.prokit.me\/?page_id=14920"},"modified":"2022-11-04T08:31:03","modified_gmt":"2022-11-04T08:31:03","slug":"poker","status":"publish","type":"page","link":"https:\/\/schweizercasinoclub.com\/fr\/poker\/","title":{"rendered":"Meilleurs Casinos de Poker en Argent R\u00e9el de Suisse"},"content":{"rendered":"<p>Le\u00a0poker en ligne Suisse fait partie de la famille des jeux de cartes les plus populaires en Suisse, qu\u2019ils soient terrestres ou en ligne. Ce jeu n\u00e9cessite la mise en place d\u2019une strat\u00e9gie si on veut gagner. Il est important de trouver un casino en ligne de qualit\u00e9 pour pratiquer ce jeu. Cet article a pour but de vous donner des d\u00e9tails sur le choix des meilleurs jeux de poker, les variantes de poker Suisse en ligne, et les r\u00e8gles de ce jeu.<\/p>\n\n<h2><span id=\"_Lhistoire_du_poker\">\ud83d\udcdc L\u2019histoire du poker<\/span><\/h2>\n<div id=\"toc_container\" class=\"toc_wrap_right no_bullets\"><p class=\"toc_title\">Inhaltsverzeichnis<\/p><ol class=\"toc_list\"><li><a href=\"#_Lhistoire_du_poker\">\ud83d\udcdc L\u2019histoire du poker<\/a><\/li><li><a href=\"#_Comment_nous_notons_les_sites_pour_poker\">\u2b07\ufe0f Comment nous notons les sites pour poker\u00a0?<\/a><\/li><li><a href=\"#_Les_regles_du_jeu_de_poker\">\ud83d\udccb Les r\u00e8gles du jeu de poker<\/a><\/li><li><a href=\"#_Obtenez_les_meilleurs_bonus_de_poker_en_ligne\">\ud83c\udfc6 Obtenez les meilleurs bonus de poker en ligne<\/a><\/li><li><a href=\"#_Pret_a_gagner_au_poker\">\ud83e\udd47 Pr\u00eat \u00e0 gagner au poker\u00a0?<\/a><\/li><li><a href=\"#FAQ\">FAQ<\/a><\/li><\/ol><\/div>\n\n<p><img loading=\"lazy\" class=\"size-full wp-image-6946 alignleft\" src=\"https:\/\/schweizercasinoclub.com\/wp-content\/uploads\/2020\/11\/012-card.png\" alt=\"poker\" width=\"100\" height=\"100\" \/><br \/>\nIl est vrai que l\u2019origine du poker n\u2019est pas tout \u00e0 fait claire, mais une chose est certaine, ce titre date d\u2019au moins 3 si\u00e8cles. Certaines sources parlent de sa ressemblance avec l\u2019as nas, un jeu iranien qui, plus tard a \u00e9t\u00e9 emmen\u00e9 aux Etats-Unis par des Fran\u00e7ais. D\u2019autres sources le comparent plut\u00f4t au brelan, qui \u00e9tait populaire en Europe entre le 16<sup>\u00e8me<\/sup>\u00a0et le 17<sup>\u00e8me<\/sup>\u00a0si\u00e8cle. En consid\u00e9rant les r\u00e8gles du brelan, il est plus facile de le rapprocher au poker Suisse. Le nom poker aurait pour \u00e9tymologie l\u2019allemand pochen, qui signifie frapper. Pochen est aussi un jeu de cartes, d\u2019ailleurs consid\u00e9r\u00e9 comme un anc\u00eatre du jeu de poker.<\/p>\n<p>La version moderne du jeu\u00a0s\u2019est d\u00e9velopp\u00e9e aux Etats-Unis. L\u2019acteur Joseph Crowell a eu \u00e0 \u00e9crire un livre dans lequel il d\u00e9crivait parfaitement une forme de poker. Dans cette forme, il y avait 4 joueurs qui se partagent 20 cartes. Chacun d\u2019eux misait sur celui qui aura la main la plus forte. Par suite, il y aura l\u2019\u00e9mergence de plusieurs vari\u00e9t\u00e9s du poker. C\u2019\u00e9tait lors de guerre de S\u00e9cession entre 1861 et 1865. Les deux principales variantes qui ont pris du poids pendant cette p\u00e9riode sont les Poker ferm\u00e9 et le Stud \u00e0 5 cartes.<\/p>\n<p>L\u2019\u00e9mergence des casinos en ligne a donn\u00e9 naissance aux sites de poker. Partout dans le monde, vous avez la possibilit\u00e9 de jouer aujourd\u2019hui au poker gratuit et en argent r\u00e9el. En tant que joueur Suisse, vous n\u2019aurez aucun mal \u00e0 trouver un site de poker Suisse sur lequel faire vos jeux.<\/p>\n<h2><span id=\"_Comment_nous_notons_les_sites_pour_poker\">\u2b07\ufe0f Comment nous notons les sites pour poker\u00a0?<\/span><\/h2>\n<p><img loading=\"lazy\" class=\"size-full wp-image-6946 alignright\" src=\"https:\/\/schweizercasinoclub.com\/wp-content\/uploads\/2020\/11\/card-icon.png\" alt=\"poker sites\" width=\"100\" height=\"100\" \/><\/p>\n<p>Afin de vous proposer les meilleurs sites de poker Suisse en ligne, nous consid\u00e9rons un certain nombre de crit\u00e8res que nous vous d\u00e9veloppons dans cette partie.<\/p>\n<h3>\ud83c\udf81 Bonus et promotions<\/h3>\n<p>Dans nos choix, les promotions comptent pour beaucoup. Nous nous assurons que le meilleur site de poker en ligne Suisse propose plusieurs types de remise. D\u00e9j\u00e0, \u00e0 votre inscription, vous devez pouvoir obtenir une gratification de bienvenue. Il doit s\u2019agir d\u2019une offre classique valable sur plusieurs jeux, afin de vous permettre de\u00a0jouer\u00a0au poker gratuitement. En plus de cette prime de bienvenue, nous nous assurons qu\u2019en choisissant ce casino,\u00a0vous puissiez profiter de fa\u00e7on r\u00e9guli\u00e8re des promotions. Il s\u2019agit entre autres des offres de recharge, sans d\u00e9p\u00f4t, des cashback, etc.<\/p>\n<p>Bien entendu, nous nous assurons que les exigences de mise sont correctes et vous avantages. Pour chaque offre, nous proc\u00e9dons donc \u00e0 cette v\u00e9rification.<\/p>\n<h3>\ud83d\udd12 Equit\u00e9 et s\u00e9curit\u00e9<\/h3>\n<p>Plus qu\u2019un d\u00e9tail, l\u2019\u00e9quit\u00e9 compte pour beaucoup. Nous nous assurons de choisir pour vous les meilleurs sites de jeu, en consid\u00e9rant l\u2019\u00e9quit\u00e9. Pour cela, le sceau d\u2019approbation de certains organismes ind\u00e9pendant sp\u00e9cialis\u00e9s dans la v\u00e9rification de l\u2019\u00e9quit\u00e9 est important. Parmi eux, il y a eCOGRA. Nous v\u00e9rifions le RTP du casino, et nous consid\u00e9rons \u00e9galement les diff\u00e9rents avis des joueurs.<\/p>\n<p>Vous aurez \u00e0 renseigner vos informations personnelles et bancaires sur le site\u00a0en ligne. Il est donc important qu\u2019il soit s\u00e9curis\u00e9 avec un cryptage.<\/p>\n<h3>\ud83d\udcb0 Argent r\u00e9el et options gratuites<\/h3>\n<p>En choisissant une plateforme qui vous permet de profiter \u00e0 la fois de la version payante du jeu et le poker en ligne gratuit, vous pouvez jouer pour du ludique et du lucratif. Dans le cas o\u00f9 vous avez envie d\u2019essayer le casino, de nouvelles variantes, ou apprendre \u00e0 jouer \u00e0 l\u2019online poker, la version gratuite est id\u00e9ale avant que vous ne passiez aux choses s\u00e9rieuses.<\/p>\n<h3>\ud83e\udd33 Options de jeu mobile<\/h3>\n<p><img loading=\"lazy\" class=\"size-full wp-image-6946 alignright\" src=\"https:\/\/schweizercasinoclub.com\/wp-content\/uploads\/2022\/04\/smartphone-e1651224144930-1.png\" alt=\"poker mobile\" width=\"80\" height=\"80\" \/><\/p>\n<p>Nous nous assurons que vous aurez la capacit\u00e9 de jouer sur votre mobile. Une telle option vous permet de profiter des jeux de poker en ligne argent reel Suisse o\u00f9 que vous soyez. Vous devez pouvoir opter pour des <a href=\"https:\/\/schweizercasinoclub.com\/fr\/mobile-casino\/\">casinos sous forme d\u2019application mobile<\/a> ou de site compatible avec votre mobile.<\/p>\n<h3>\ud83d\udcb5 Cashouts rapides<\/h3>\n<p>Le site de poker en Suisse\u00a0pour lequel vous optez doit vous permettre d&rsquo;\u00e9mettre vos paiements en un temps record. Nous v\u00e9rifions si plusieurs moyens sont disponibles. Nous testons ces moyens pour voir par nous-m\u00eame le temps de traitement de votre demande de d\u00e9p\u00f4t et de retrait.<\/p>\n<h3>\ud83c\udfb0 Vari\u00e9t\u00e9 de jeux<\/h3>\n<p>Vous devez disposer d\u2019une vari\u00e9t\u00e9 de jeux de poker sur le site pour lequel vous optez. Il existe aujourd\u2019hui, plusieurs variantes de ce jeu. On distingue entre autres\u00a0:<\/p>\n<ul>\n<li>le Texas Hold\u2019em<\/li>\n<li>le Stud<\/li>\n<li>le Razz<\/li>\n<li>5 Card Draw<\/li>\n<li>Omaha Hi-Low<\/li>\n<li>Le Pot Limit Omaha<\/li>\n<\/ul>\n<p>Le <strong><b>Texas <\/b><\/strong>Hold\u2019em est la variante la plus populaire\u00a0; les casinos Suisses doivent le proposer obligatoirement.<\/p>\n<h2><span id=\"_Les_regles_du_jeu_de_poker\">\ud83d\udccb Les r\u00e8gles du jeu de poker<\/span><\/h2>\n<p>Vous vous demandez comment jouer au poker en ligne en Suisse ? Ces r\u00e8gles vous aideront.<\/p>\n<h3>\u2705 D\u00e9but de partie<\/h3>\n<p>Pour les <a href=\"https:\/\/schweizercasinoclub.com\/fr\/jeux-de-casino\/\">diff\u00e9rents jeux<\/a>, on joue avec des jetons. Pour un cash games, Vous commencerez donc par \u00e9changer vos billets et pi\u00e8ces contre des jetons, nomm\u00e9s la cave. Pour entrer \u00e0 une table de poker online, il vous faudra une somme minimale de la cave. Les places sont tir\u00e9es au sort. Une fois que tous les participants connaissent leurs places, la partie peut commencer. Quelle que soit la variante, elle se d\u00e9roule en respectant le sens des aiguilles d\u2019une montre.<\/p>\n<h3>\u2705 Distribution des cartes<\/h3>\n<p>Les r\u00e8gles du poker sont claires, c\u2019est la carte se trouvant en dessus du paquet qui est distribu\u00e9e en premier. La toute premi\u00e8re carte au niveau du paquet est appel\u00e9e carte \u00e0 br\u00fbler dans le texas hold\u2019em et dans les autres variantes. Si une carte est retourn\u00e9e ou tombe pendant la distribution, elle est chang\u00e9e. Pour deux cartes retourn\u00e9es ou tomb\u00e9es, la distribution recommence puisqu\u2019il s\u2019agit d\u2019une maldonne.<\/p>\n<h3>\u2705 Mise et relance durant la s\u00e9ance<\/h3>\n<p>Si un joueur se retrouve face \u00e0 une mise d\u00e9passant son tapis, il devra miser tous ses jetons. On parle alors de tapis. Les relances quant \u00e0 elles, font r\u00e9f\u00e9rence aux tours de paroles.<\/p>\n<h3>\u2705 La partie de poker<\/h3>\n<p>Un joueur qui se couche dans une partie n\u2019est pas oblig\u00e9 de montrer ses cartes, \u00e0 moins qu\u2019il veuille le faire par courtoisie. On parle d\u2019abattage de cartes pour nommer le gagnant du pot.<\/p>\n<p>Dans toutes les vari\u00e9t\u00e9s, une main se constitue de 5 cartes.<\/p>\n<h2><span id=\"_Obtenez_les_meilleurs_bonus_de_poker_en_ligne\">\ud83c\udfc6 Obtenez les meilleurs bonus de poker en ligne<\/span><\/h2>\n<p><img loading=\"lazy\" class=\"size-full wp-image-6946 alignleft\" src=\"https:\/\/schweizercasinoclub.com\/wp-content\/uploads\/2020\/11\/bonus-icon-2-1.png\" alt=\"poker sites bonuses\" width=\"80\" height=\"80\" \/><\/p>\n<p>En choisissant une plateforme de qualit\u00e9 pour jouer au poker en ligne Suisse, vous pourrez obtenir les meilleurs bonus, dont\u00a0les bonus de d\u00e9p\u00f4t, <a href=\"https:\/\/schweizercasinoclub.com\/fr\/bonus-casino\/sans-depot\/\">sans d\u00e9p\u00f4t<\/a>, de recharge, cadeaux de fid\u00e9lit\u00e9, offres de parrainage pendant les tournois, etc.<\/p>\n<p>Chaque offre peut varier selon votre statut sur le casino. Sachez tout de m\u00eame que les joueurs r\u00e9guliers ont plus d\u2019opportunit\u00e9 de promotions que les autres.<\/p>\n<h2><span id=\"_Pret_a_gagner_au_poker\">\ud83e\udd47 Pr\u00eat \u00e0 gagner au poker\u00a0?<\/span><\/h2>\n<p>Vous savez maintenant comment jouer au poker et vous voulez gagner pendant vos parties. Il vous faut mettre en place une ou plusieurs strat\u00e9gies qui vous permettront de venir \u00e0 bout de vos adversaires.<\/p>\n<p>Avant les parties, vous devez \u00eatre pr\u00eat et vous fixer des objectifs raisonnables, car le poker est un jeu assez psychologique. Il ne faudra pas surtout jouer toutes les mains d\u00e8s le d\u00e9but. Vous devez miser sur la patience. S\u2019il le faut, couchez-vous pour en ressortir plus fort, ou limiter les d\u00e9g\u00e2ts.<\/p>\n<p>Par ailleurs, vous pouvez miser sur un jeu de position. Cela vous avantage si vous \u00eates le dernier joueur parmi le grand nombre, pendant la partie. Vous pourrez observer les autres joueurs et maitriser votre derni\u00e8re mise. S\u2019il le faut, nous vous recommandons de vous exercer sur les jeux de poker gratuits. Peut-\u00eatre r\u00e9ussiriez-vous \u00e0 devenir un grand joueur au cash games et participer aux World Series.<\/p>\n\t<div itemscope itemtype=\"https:\/\/schema.org\/FAQPage\" class=\"faq\">\n\t\t<meta itemprop=\"mainEntityOfPage\" content=\"https:\/\/schweizercasinoclub.com\"><h2 itemprop=\"name\"><span id=\"FAQ\">FAQ<\/span><\/h2>\t\t<div class=\"faq-items\">\n\t\t\t\n<div data-iterator=\"1\" class=\"faq-item js-faq-block active \">\n\t<div itemscope itemprop=\"mainEntity\" itemtype=\"https:\/\/schema.org\/Question\" class=\"js-faq-question\">\n\t\t<h3 itemprop=\"name\" class=\"faq-item__question\">1\ufe0f\u20e3 Puis-je faire confiance aux sites de poker avec mon argent ?<\/h3>\n\t\t<div itemscope itemprop=\"acceptedAnswer\" itemtype=\"https:\/\/schema.org\/Answer\">\n\t\t\t<div itemprop=\"text\" class=\"faq-item__answer js-faq-answer active \">\n\t\t\t\t<p>Oui, les sites de poker ont int\u00e9r\u00eat \u00e0 ce que les joueurs gagnent r\u00e9guli\u00e8rement. Autrement, leur cr\u00e9dibilit\u00e9 serait entach\u00e9e et les joueurs ne reviendront pas. Et pour vous rassurer, sachez que les sites de jeux font l&rsquo;objet de contr\u00f4le r\u00e9gulier par les organismes de r\u00e9gulation.<\/p>\n\t\t\t<\/div>\n\t\t<\/div>\n\t<\/div>\n<\/div>\n\n<div data-iterator=\"2\" class=\"faq-item js-faq-block \">\n\t<div itemscope itemprop=\"mainEntity\" itemtype=\"https:\/\/schema.org\/Question\" class=\"js-faq-question\">\n\t\t<h3 itemprop=\"name\" class=\"faq-item__question\">2\ufe0f\u20e3 Le poker en ligne est-il l\u00e9gal en Suisse ?<\/h3>\n\t\t<div itemscope itemprop=\"acceptedAnswer\" itemtype=\"https:\/\/schema.org\/Answer\">\n\t\t\t<div itemprop=\"text\" class=\"faq-item__answer js-faq-answer \">\n\t\t\t\t<p>Les autorit\u00e9s suisses consid\u00e8rent le poker comme un jeu d&rsquo;adresse. Il est donc tout \u00e0 fait l\u00e9gal de jouer au poker en ligne en Suisse. Mieux, les gains issus des jeux sont exempt\u00e9s de taxes en Suisse.<\/p>\n\t\t\t<\/div>\n\t\t<\/div>\n\t<\/div>\n<\/div>\n\n<div data-iterator=\"3\" class=\"faq-item js-faq-block \">\n\t<div itemscope itemprop=\"mainEntity\" itemtype=\"https:\/\/schema.org\/Question\" class=\"js-faq-question\">\n\t\t<h3 itemprop=\"name\" class=\"faq-item__question\">3\ufe0f\u20e3 Est-il possible de jouer gratuitement au poker en ligne ?<\/h3>\n\t\t<div itemscope itemprop=\"acceptedAnswer\" itemtype=\"https:\/\/schema.org\/Answer\">\n\t\t\t<div itemprop=\"text\" class=\"faq-item__answer js-faq-answer \">\n\t\t\t\t<p>Il est tout \u00e0 fait possible de jouer au poker en ligne gratuitement avec de l\u2019argent virtuel. Le seul b\u00e9mol est que les gains seront eux aussi virtuels ! Vous ne pouvez donc pas les retirer. Toutefois sur certains sites, il est possible de jouer au poker gratuit pour apprendre et pour le plaisir du jeu.<\/p>\n\t\t\t<\/div>\n\t\t<\/div>\n\t<\/div>\n<\/div>\n\n<div data-iterator=\"4\" class=\"faq-item js-faq-block \">\n\t<div itemscope itemprop=\"mainEntity\" itemtype=\"https:\/\/schema.org\/Question\" class=\"js-faq-question\">\n\t\t<h3 itemprop=\"name\" class=\"faq-item__question\">4\ufe0f\u20e3 Quel est le meilleur site de poker suisse en ligne ?<\/h3>\n\t\t<div itemscope itemprop=\"acceptedAnswer\" itemtype=\"https:\/\/schema.org\/Answer\">\n\t\t\t<div itemprop=\"text\" class=\"faq-item__answer js-faq-answer \">\n\t\t\t\t<p>Chaque ann\u00e9e, le nombre de sites de poker en ligne augmente en Suisse. Sur ce march\u00e9 de plus en plus concurrentiel, il est difficile de garder une position de meilleur site pendant longtemps. Toutefois, Casino777.ch demeure un site de r\u00e9f\u00e9rence pour jouer au poker en ligne en Suisse.<\/p>\n\t\t\t<\/div>\n\t\t<\/div>\n\t<\/div>\n<\/div>\n\t\t<\/div>\n\t<\/div>\n\n","protected":false},"excerpt":{"rendered":"<p>Le\u00a0poker en ligne Suisse fait partie de la famille des jeux de cartes les plus populaires en Suisse, qu\u2019ils soient terrestres ou en ligne. Ce jeu n\u00e9cessite la mise en place d\u2019une strat\u00e9gie si on veut gagner. Il est important de trouver un casino en ligne de qualit\u00e9 pour pratiquer ce jeu. Cet article a [&hellip;]<\/p>\n","protected":false},"author":12,"featured_media":0,"parent":0,"menu_order":0,"comment_status":"closed","ping_status":"closed","template":"","meta":{"inline_featured_image":false},"yoast_head":"<!-- This site is optimized with the Yoast SEO plugin v18.2 - https:\/\/yoast.com\/wordpress\/plugins\/seo\/ -->\n<title>Poker en Ligne - TOP Sites de Poker en Ligne Suisse<\/title>\n<meta name=\"description\" content=\"D\u00e9couvrez les meilleurs casinos de poker en ligne Suisse de 2026. Les sites l\u00e9gaux et fiables offrant les meilleurs bonus poker &amp; diff\u00e9rentes variantes du jeu.\" \/>\n<meta name=\"robots\" content=\"index, follow, max-snippet:-1, max-image-preview:large, max-video-preview:-1\" \/>\n<link rel=\"canonical\" href=\"https:\/\/schweizercasinoclub.com\/fr\/poker\/\" \/>\n<meta property=\"og:locale\" content=\"fr_FR\" \/>\n<meta property=\"og:type\" content=\"article\" \/>\n<meta property=\"og:title\" content=\"Poker en Ligne - TOP Sites de Poker en Ligne Suisse\" \/>\n<meta property=\"og:description\" content=\"D\u00e9couvrez les meilleurs casinos de poker en ligne Suisse de 2026. Les sites l\u00e9gaux et fiables offrant les meilleurs bonus poker &amp; diff\u00e9rentes variantes du jeu.\" \/>\n<meta property=\"og:url\" content=\"https:\/\/schweizercasinoclub.com\/fr\/poker\/\" \/>\n<meta property=\"og:site_name\" content=\"SchweizerCasinoClub\" \/>\n<meta property=\"article:modified_time\" content=\"2022-11-04T08:31:03+00:00\" \/>\n<meta property=\"og:image\" content=\"https:\/\/schweizercasinoclub.com\/wp-content\/uploads\/2020\/11\/012-card.png\" \/>\n<meta name=\"twitter:card\" content=\"summary_large_image\" \/>\n<meta name=\"twitter:label1\" content=\"Est. reading time\" \/>\n\t<meta name=\"twitter:data1\" content=\"7 minutes\" \/>\n<script type=\"application\/ld+json\" class=\"yoast-schema-graph\">{\"@context\":\"https:\/\/schema.org\",\"@graph\":[{\"@type\":\"WebSite\",\"@id\":\"https:\/\/schweizercasinoclub.com\/#website\",\"url\":\"https:\/\/schweizercasinoclub.com\/\",\"name\":\"SchweizerCasinoClub\",\"description\":\"\",\"potentialAction\":[{\"@type\":\"SearchAction\",\"target\":{\"@type\":\"EntryPoint\",\"urlTemplate\":\"https:\/\/schweizercasinoclub.com\/?s={search_term_string}\"},\"query-input\":\"required name=search_term_string\"}],\"inLanguage\":\"fr-CA\"},{\"@type\":\"ImageObject\",\"@id\":\"https:\/\/schweizercasinoclub.com\/fr\/poker\/#primaryimage\",\"inLanguage\":\"fr-CA\",\"url\":\"https:\/\/schweizercasinoclub.com\/wp-content\/uploads\/2020\/11\/012-card.png\",\"contentUrl\":\"https:\/\/schweizercasinoclub.com\/wp-content\/uploads\/2020\/11\/012-card.png\",\"width\":512,\"height\":512,\"caption\":\"casino-card-icon\"},{\"@type\":\"WebPage\",\"@id\":\"https:\/\/schweizercasinoclub.com\/fr\/poker\/#webpage\",\"url\":\"https:\/\/schweizercasinoclub.com\/fr\/poker\/\",\"name\":\"Poker en Ligne - TOP Sites de Poker en Ligne Suisse\",\"isPartOf\":{\"@id\":\"https:\/\/schweizercasinoclub.com\/#website\"},\"primaryImageOfPage\":{\"@id\":\"https:\/\/schweizercasinoclub.com\/fr\/poker\/#primaryimage\"},\"datePublished\":\"2022-08-17T13:31:21+00:00\",\"dateModified\":\"2022-11-04T08:31:03+00:00\",\"description\":\"D\u00e9couvrez les meilleurs casinos de poker en ligne Suisse de 2026. Les sites l\u00e9gaux et fiables offrant les meilleurs bonus poker & diff\u00e9rentes variantes du jeu.\",\"breadcrumb\":{\"@id\":\"https:\/\/schweizercasinoclub.com\/fr\/poker\/#breadcrumb\"},\"inLanguage\":\"fr-CA\",\"potentialAction\":[{\"@type\":\"ReadAction\",\"target\":[\"https:\/\/schweizercasinoclub.com\/fr\/poker\/\"]}]},{\"@type\":\"BreadcrumbList\",\"@id\":\"https:\/\/schweizercasinoclub.com\/fr\/poker\/#breadcrumb\",\"itemListElement\":[{\"@type\":\"ListItem\",\"position\":1,\"name\":\"Online Casinos\",\"item\":\"https:\/\/schweizercasinoclub.com\/fr\/\"},{\"@type\":\"ListItem\",\"position\":2,\"name\":\"Poker\"}]}]}<\/script>\n<!-- \/ Yoast SEO plugin. -->","yoast_head_json":{"title":"Poker en Ligne - TOP Sites de Poker en Ligne Suisse","description":"D\u00e9couvrez les meilleurs casinos de poker en ligne Suisse de 2026. Les sites l\u00e9gaux et fiables offrant les meilleurs bonus poker & diff\u00e9rentes variantes du jeu.","robots":{"index":"index","follow":"follow","max-snippet":"max-snippet:-1","max-image-preview":"max-image-preview:large","max-video-preview":"max-video-preview:-1"},"canonical":"https:\/\/schweizercasinoclub.com\/fr\/poker\/","og_locale":"fr_FR","og_type":"article","og_title":"Poker en Ligne - TOP Sites de Poker en Ligne Suisse","og_description":"D\u00e9couvrez les meilleurs casinos de poker en ligne Suisse de 2026. Les sites l\u00e9gaux et fiables offrant les meilleurs bonus poker & diff\u00e9rentes variantes du jeu.","og_url":"https:\/\/schweizercasinoclub.com\/fr\/poker\/","og_site_name":"SchweizerCasinoClub","article_modified_time":"2022-11-04T08:31:03+00:00","og_image":[{"url":"https:\/\/schweizercasinoclub.com\/wp-content\/uploads\/2020\/11\/012-card.png"}],"twitter_card":"summary_large_image","twitter_misc":{"Est. reading time":"7 minutes"},"schema":{"@context":"https:\/\/schema.org","@graph":[{"@type":"WebSite","@id":"https:\/\/schweizercasinoclub.com\/#website","url":"https:\/\/schweizercasinoclub.com\/","name":"SchweizerCasinoClub","description":"","potentialAction":[{"@type":"SearchAction","target":{"@type":"EntryPoint","urlTemplate":"https:\/\/schweizercasinoclub.com\/?s={search_term_string}"},"query-input":"required name=search_term_string"}],"inLanguage":"fr-CA"},{"@type":"ImageObject","@id":"https:\/\/schweizercasinoclub.com\/fr\/poker\/#primaryimage","inLanguage":"fr-CA","url":"https:\/\/schweizercasinoclub.com\/wp-content\/uploads\/2020\/11\/012-card.png","contentUrl":"https:\/\/schweizercasinoclub.com\/wp-content\/uploads\/2020\/11\/012-card.png","width":512,"height":512,"caption":"casino-card-icon"},{"@type":"WebPage","@id":"https:\/\/schweizercasinoclub.com\/fr\/poker\/#webpage","url":"https:\/\/schweizercasinoclub.com\/fr\/poker\/","name":"Poker en Ligne - TOP Sites de Poker en Ligne Suisse","isPartOf":{"@id":"https:\/\/schweizercasinoclub.com\/#website"},"primaryImageOfPage":{"@id":"https:\/\/schweizercasinoclub.com\/fr\/poker\/#primaryimage"},"datePublished":"2022-08-17T13:31:21+00:00","dateModified":"2022-11-04T08:31:03+00:00","description":"D\u00e9couvrez les meilleurs casinos de poker en ligne Suisse de 2026. Les sites l\u00e9gaux et fiables offrant les meilleurs bonus poker & diff\u00e9rentes variantes du jeu.","breadcrumb":{"@id":"https:\/\/schweizercasinoclub.com\/fr\/poker\/#breadcrumb"},"inLanguage":"fr-CA","potentialAction":[{"@type":"ReadAction","target":["https:\/\/schweizercasinoclub.com\/fr\/poker\/"]}]},{"@type":"BreadcrumbList","@id":"https:\/\/schweizercasinoclub.com\/fr\/poker\/#breadcrumb","itemListElement":[{"@type":"ListItem","position":1,"name":"Online Casinos","item":"https:\/\/schweizercasinoclub.com\/fr\/"},{"@type":"ListItem","position":2,"name":"Poker"}]}]}},"_links":{"self":[{"href":"https:\/\/schweizercasinoclub.com\/fr\/wp-json\/wp\/v2\/pages\/14920"}],"collection":[{"href":"https:\/\/schweizercasinoclub.com\/fr\/wp-json\/wp\/v2\/pages"}],"about":[{"href":"https:\/\/schweizercasinoclub.com\/fr\/wp-json\/wp\/v2\/types\/page"}],"author":[{"embeddable":true,"href":"https:\/\/schweizercasinoclub.com\/fr\/wp-json\/wp\/v2\/users\/12"}],"replies":[{"embeddable":true,"href":"https:\/\/schweizercasinoclub.com\/fr\/wp-json\/wp\/v2\/comments?post=14920"}],"version-history":[{"count":3,"href":"https:\/\/schweizercasinoclub.com\/fr\/wp-json\/wp\/v2\/pages\/14920\/revisions"}],"predecessor-version":[{"id":16996,"href":"https:\/\/schweizercasinoclub.com\/fr\/wp-json\/wp\/v2\/pages\/14920\/revisions\/16996"}],"wp:attachment":[{"href":"https:\/\/schweizercasinoclub.com\/fr\/wp-json\/wp\/v2\/media?parent=14920"}],"curies":[{"name":"wp","href":"https:\/\/api.w.org\/{rel}","templated":true}]}}