{"id":14902,"date":"2022-08-15T12:54:03","date_gmt":"2022-08-15T12:54:03","guid":{"rendered":"https:\/\/schweizercasinoclub-com.prokit.me\/?page_id=14902"},"modified":"2022-12-13T08:14:05","modified_gmt":"2022-12-13T08:14:05","slug":"sans-depot","status":"publish","type":"page","link":"https:\/\/schweizercasinoclub.com\/fr\/bonus-casino\/sans-depot\/","title":{"rendered":"Casino en Ligne Bonus sans Depot"},"content":{"rendered":"<h2><span id=\"_Les_Meilleurs_Casino_avec_Bonus_sans_Depot\">\ud83c\udfc6 Les Meilleurs Casino avec Bonus sans D\u00e9p\u00f4t<\/span><\/h2>\n\n<p>Heureusement, ceux qui sont en charge des casinos en ligne disponibles comprennent ce d\u00e9sir et proposent donc d&rsquo;innombrables offres promotionnelles changeantes. Certaines de ces offres de casino sont si g\u00e9niales que vous les obtenez sans d\u00e9p\u00f4t. Tout le monde aime les choses gratuites et il s&rsquo;av\u00e8re qu&rsquo;il existe plusieurs fa\u00e7ons d&rsquo;obtenir casino en ligne bonus sans depot suisse. Avec cette opportunit\u00e9 offerte par presque tous les casinos que vous rencontrez, vous pouvez gagner des encaissables bonus sans d\u00e9p\u00f4t. Cela signifie que sans avoir \u00e0 d\u00e9penser un sou, vous pouvez commencer \u00e0 participer \u00e0 diff\u00e9rents jeux.<\/p>\n\n<h2><span id=\"_Choisissez_un_Casino_en_ligne_qui_offre_le_Meilleurs_Bonus_Gratuit_sans_depot\"><strong class=\"stop-word-item-pink red lighten-3 editor-badge editor-badge-pink\">\ud83c\udf81 Choisissez un Casino en ligne qui offre le Meilleurs Bonus Gratuit sans d\u00e9p\u00f4t<\/strong><\/span><\/h2>\n<div id=\"toc_container\" class=\"toc_wrap_right no_bullets\"><p class=\"toc_title\">Inhaltsverzeichnis<\/p><ol class=\"toc_list\"><li><a href=\"#_Les_Meilleurs_Casino_avec_Bonus_sans_Depot\">\ud83c\udfc6 Les Meilleurs Casino avec Bonus sans D\u00e9p\u00f4t<\/a><\/li><li><a href=\"#_Choisissez_un_Casino_en_ligne_qui_offre_le_Meilleurs_Bonus_Gratuit_sans_depot\">\ud83c\udf81 Choisissez un Casino en ligne qui offre le Meilleurs Bonus Gratuit sans d\u00e9p\u00f4t<\/a><\/li><li><a href=\"#_Quest-ce_quun_casino_bonus_sans_versement\">\ud83e\udd14 Qu\u2019est-ce qu\u2019un casino bonus sans versement ?<\/a><\/li><li><a href=\"#_Les_Types_Doffres_Sans_Depot_Suisse\">\ud83c\udde8\ud83c\udded Les Types D\u2019offres Sans D\u00e9p\u00f4t Suisse<\/a><\/li><li><a href=\"#_Puis-je_retirer_mon_bonus_sans_depot\">\ud83d\udcb0 Puis-je retirer mon bonus sans d\u00e9p\u00f4t?<\/a><\/li><li><a href=\"#_FAQ\">\u2753 FAQ: <\/a><\/li><\/ol><\/div>\n\n<p class=\"ql-align-justify\"><img loading=\"lazy\" class=\" wp-image-7210 alignleft\" src=\"https:\/\/schweizercasinoclub.com\/wp-content\/uploads\/2020\/09\/coins-icon.png\" alt=\"coins-icon\" width=\"120\" height=\"120\" srcset=\"https:\/\/schweizercasinoclub.com\/wp-content\/uploads\/2020\/09\/coins-icon.png 512w, https:\/\/schweizercasinoclub.com\/wp-content\/uploads\/2020\/09\/coins-icon-300x300.png 300w, https:\/\/schweizercasinoclub.com\/wp-content\/uploads\/2020\/09\/coins-icon-150x150.png 150w, https:\/\/schweizercasinoclub.com\/wp-content\/uploads\/2020\/09\/coins-icon-40x40.png 40w, https:\/\/schweizercasinoclub.com\/wp-content\/uploads\/2020\/09\/coins-icon-50x50.png 50w, https:\/\/schweizercasinoclub.com\/wp-content\/uploads\/2020\/09\/coins-icon-100x100.png 100w, https:\/\/schweizercasinoclub.com\/wp-content\/uploads\/2020\/09\/coins-icon-120x120.png 120w, https:\/\/schweizercasinoclub.com\/wp-content\/uploads\/2020\/09\/coins-icon-135x135.png 135w, https:\/\/schweizercasinoclub.com\/wp-content\/uploads\/2020\/09\/coins-icon-270x270.png 270w, https:\/\/schweizercasinoclub.com\/wp-content\/uploads\/2020\/09\/coins-icon-450x450.png 450w, https:\/\/schweizercasinoclub.com\/wp-content\/uploads\/2020\/09\/coins-icon-479x479.png 479w, https:\/\/schweizercasinoclub.com\/wp-content\/uploads\/2020\/09\/coins-icon-32x32.png 32w, https:\/\/schweizercasinoclub.com\/wp-content\/uploads\/2020\/09\/coins-icon-80x80.png 80w, https:\/\/schweizercasinoclub.com\/wp-content\/uploads\/2020\/09\/coins-icon-20x20.png 20w\" sizes=\"(max-width: 120px) 100vw, 120px\" \/>L&rsquo;id\u00e9e de pouvoir obtenir bonus n&rsquo;est plus nouvelle. Casino bonus sont tellement populaires et seront certainement disponibles sur toutes les plateformes que vous d\u00e9cidez d&rsquo;utiliser. Mais pouvoir obtenir casino bonus sans d\u00e9p\u00f4t est toujours quelque chose que tout le monde n&rsquo;offre pas. Casino en line bonus sans depot vous permet de vous inscrire simplement en tant qu&rsquo;utilisateur, d&rsquo;acc\u00e9der aux jeux disponibles et de commencer \u00e0 jouer. Le concept est g\u00e9nial, cependant, casino bonus sans d\u00e9p\u00f4t peut \u00eatre difficile \u00e0 trouver et nous vous avons aid\u00e9 \u00e0 compiler une liste des meilleurs casinos suisses qui proposent bonus sans d\u00e9p\u00f4t.<\/p>\n<p>\u00catre sans d\u00e9p\u00f4t signifie que vous ne payez rien et que vous ne perdez rien. N\u00e9anmoins, les escroqueries sont partout partout et il est bon de conna\u00eetre le meilleur casino en ligne qui offre des encaissables bonus sans d\u00e9p\u00f4t.<\/p>\n<p>Afin de ne pas perdre votre temps \u00e0 effectuer certaines t\u00e2ches de mise, vous pouvez donc consulter les diff\u00e9rentes offres d&rsquo;un coup d&rsquo;\u0153il, mais \u00e9galement tenir compte du fait qu&rsquo;il existe d&rsquo;autres crit\u00e8res tr\u00e8s importants que vous devez remplir. Certains de ces crit\u00e8res peuvent \u00eatre de relever un certain d\u00e9fi ou peut-\u00eatre d&rsquo;utiliser uniquement une certaine option de retrait.<\/p>\n<h2><span id=\"_Quest-ce_quun_casino_bonus_sans_versement\"><strong>\ud83e\udd14 Qu\u2019est-ce qu\u2019un <strong class=\"stop-word-item-pink red lighten-3 editor-badge editor-badge-pink\">casino<\/strong> bonus sans versement ?<\/strong><\/span><\/h2>\n<p><img loading=\"lazy\" class=\" wp-image-7125 alignright\" src=\"https:\/\/schweizercasinoclub.com\/wp-content\/uploads\/2020\/09\/casino-chips-icon-2.png\" alt=\"casino-chips-2\" width=\"121\" height=\"121\">Nous avons parl\u00e9 de l&rsquo;offre des casinos bonus sans d\u00e9p\u00f4t mais de ce qu&rsquo;est exactement un casino bonus sans d\u00e9p\u00f4t. Dans un sens simple, le casino en ligne bonus sans d\u00e9p\u00f4t vous offre la possibilit\u00e9 de mettre \u00e0 jour votre solde utilisateur avec un montant pr\u00e9d\u00e9fini avant m\u00eame d&rsquo;effectuer un seul d\u00e9p\u00f4t. C&rsquo;est une excellente option pour les utilisateurs et il existe plusieurs s\u00e9lections de casinos suisses qui vous offrent casino bonus sans d\u00e9p\u00f4t.<\/p>\n<h3><strong>\u2705 Y a-t-il des Exigences Attach\u00e9es \u00e0 un Bonus <strong class=\"stop-word-item-pink red lighten-3 editor-badge editor-badge-pink\">Casino<\/strong> Sans D\u00e9p\u00f4t&nbsp;<\/strong><\/h3>\n<p>Il y a certaines choses que vous devez savoir avant de plonger directement casino bonus sans d\u00e9p\u00f4t. c&rsquo;est gratuit mais pas si gratuit. Tout comme pour tout autre type de promotion ou d&rsquo;offre disponible sur divers <a href=\"https:\/\/schweizercasinoclub.com\/fr\/\">casinos en ligne suisses<\/a>, vous \u00eates soumis \u00e0 certaines conditions de mise sur certains jeux afin de rendre le casino bonus sans d\u00e9p\u00f4t encaissable.<\/p>\n<p>La meilleure partie des exigences attribu\u00e9es \u00e0 casino bonus sans d\u00e9p\u00f4t est que les t\u00e2ches de mise que vous devez effectuer sont plus stables que celles de toute autre offre. D&rsquo;autres offres pourraient vous obliger \u00e0 faire tourner la roue aujourd&rsquo;hui, puis \u00e0 frapper un blackjack demain pour le m\u00eame bonus. \u00c9tant donn\u00e9 que les bonus sans d\u00e9p\u00f4t des casinos suisses vous permettent de gagner de l&rsquo;argent sans engager un sou, vous pouvez ignorer les exigences.<\/p>\n<h3><strong>\u2705 Sont <strong class=\"stop-word-item-pink red lighten-3 editor-badge editor-badge-pink\">Casino<\/strong> En Ligne Bonus Sans D\u00e9p\u00f4t Totalement Gratuits<\/strong><\/h3>\n<p>L&rsquo;une des choses que vous ne rencontrez pas quotidiennement est les offres gratuites. Ainsi, lorsque vous en rencontrez un, vous pouvez douter qu&rsquo;il soit r\u00e9ellement gratuit. Les offres de casino en ligne qui ne n\u00e9cessitent pas de d\u00e9p\u00f4ts peuvent \u00eatre appel\u00e9es \u00e0 peu pr\u00e8s n&rsquo;importe quoi. Son nom d\u00e9pend du casino que vous utilisez. N\u00e9anmoins, casino bonus sans d\u00e9p\u00f4t est totalement gratuit. Cela signifie que vous n&rsquo;avez pas \u00e0 vous soucier de perdre de l&rsquo;euro pour encaisser les fonds. Mais comme nous l&rsquo;avons vu ci-dessus, vous devez savoir que la plupart des casinos vous demandent de relever certains d\u00e9fis avec le bonus avant le retrait. Si vous vous demandez quelles peuvent \u00eatre certaines de ces exigences, ne vous inqui\u00e9tez pas car nous en discuterons en d\u00e9tail.<\/p>\n<h2><span id=\"_Les_Types_Doffres_Sans_Depot_Suisse\"><strong>\ud83c\udde8\ud83c\udded Les Types D\u2019offres Sans D\u00e9p\u00f4t Suisse<\/strong><\/span><\/h2>\n<p><img loading=\"lazy\" class=\"wp-image-7117 alignright\" src=\"https:\/\/schweizercasinoclub.com\/wp-content\/uploads\/2020\/09\/casino-bonus-chips-icon-1.png\" alt=\"casino-bonus-icon\" width=\"129\" height=\"129\">Si vous avez suivi notre discussion avec pr\u00e9cision, alors vous devez avoir remarqu\u00e9 que nous continuons \u00e0 insister sur le fait qu&rsquo;il y a certaines conditions de casino \u00e0 remplir pour retirer votre casino en ligne suisse avec bonus sans depot. Mais avant de discuter des exigences, parlons de certaines des offres sans d\u00e9p\u00f4t disponibles.<\/p>\n<p>Les offres sans d\u00e9p\u00f4t \u00e0 votre disposition, en tant qu&rsquo;utilisateur, vous permettent d&rsquo;augmenter soit votre temps de jeu, vos chances de r\u00e9essayer, et g\u00e9n\u00e9ralement, votre solde de joueurs encaissables. cela s&rsquo;appelle peut-\u00eatre un <a href=\"https:\/\/schweizercasinoclub.com\/fr\/casino-live\/\">casino live en ligne<\/a> avec bonus sans depot mais ce ne sera pas toujours de l&rsquo;argent.<\/p>\n<ul>\n<li><strong>Le Free Spins.<\/strong> Tout comme son nom l&rsquo;indique, casino bonus sans d\u00e9p\u00f4t re\u00e7u sous forme de tours gratuits vous permet de participer \u00e0 des jeux li\u00e9s \u00e0 la filature. Vous pouvez jouer \u00e0 la roulette ou \u00e0 la roue de la fortune.<\/li>\n<li><strong>Offres en esp\u00e8ces<\/strong>. Sans d\u00e9p\u00f4t Les offres en esp\u00e8ces peuvent \u00eatre de n&rsquo;importe quel montant. Il n&rsquo;y a pas de r\u00e8gle sp\u00e9cifi\u00e9e qui d\u00e9cide du montant de l&rsquo;offre en esp\u00e8ces que vous recevez. Tout d\u00e9pend de la d\u00e9cision de la soci\u00e9t\u00e9 de casino que vous d\u00e9cidez d&rsquo;utiliser. Les offres en esp\u00e8ces sont cr\u00e9dit\u00e9es sur votre compte joueur et peuvent \u00eatre utilis\u00e9es pour jouer imm\u00e9diatement.<\/li>\n<li><strong>Cash Back.<\/strong> Casino bonus sans d\u00e9p\u00f4t Les remises en argent sont g\u00e9niales car elles vous permettent d&rsquo;\u00eatre cr\u00e9dit\u00e9 sur le solde de votre joueur m\u00eame si vous perdez sur un pari. Le pourcentage re\u00e7u peut commencer aussi bas que 2%, puis monter jusqu&rsquo;\u00e0 20% selon le type de jeu et le montant. Vous devez savoir que m\u00eame si vous recevez des remises en argent sans d\u00e9p\u00f4t, vous devez effectuer un d\u00e9p\u00f4t avant de pouvoir les utiliser.<\/li>\n<li><strong>Temps de jeu suppl\u00e9mentaire.<\/strong> Le concept d&rsquo;un temps de jeu suppl\u00e9mentaire en tant que bonus sans d\u00e9p\u00f4t devrait \u00eatre assez simple. Attention, cela n&rsquo;a rien \u00e0 voir avec la version de d\u00e9monstration car vous pouvez utiliser votre temps de jeu suppl\u00e9mentaire dans les jeux en direct. Si vous cherchez \u00e0 tester de nouveaux jeux disponibles dans un casino, alors sans d\u00e9p\u00f4t est une excellente option.<\/li>\n<\/ul>\n<h2><span id=\"_Puis-je_retirer_mon_bonus_sans_depot\"><strong>\ud83d\udcb0 Puis-je retirer mon bonus sans d\u00e9p\u00f4t?<\/strong><\/span><\/h2>\n<p><img loading=\"lazy\" class=\" wp-image-7112 alignleft\" src=\"https:\/\/schweizercasinoclub.com\/wp-content\/uploads\/2020\/09\/bonus-icon-4.png\" alt=\"bonus-logo-4\" width=\"121\" height=\"121\">Nous comprenons que gagner un casino en ligne bonus sans d\u00e9p\u00f4t 2022 peut \u00eatre amusant pour tout le monde, mais le plus int\u00e9ressant est de savoir si vous pouvez retirer compl\u00e8tement votre bonus. Nous avons effectu\u00e9 plusieurs examens sur divers casinos r\u00e9pertori\u00e9s et \u00e0 en juger par notre exp\u00e9rience, il est s\u00fbr de dire que vous pouvez totalement vous retirer bonus sans d\u00e9p\u00f4t.<\/p>\n<p>Un petit avertissement \u00e0 garder \u00e0 l&rsquo;esprit est que vous n&rsquo;\u00eates pas en mesure de retirer imm\u00e9diatement votre bonus apr\u00e8s l&rsquo;avoir re\u00e7u. Rappelez-vous que nous avons parl\u00e9 des exigences du casino? Eh bien, chaque casino a des exigences diff\u00e9rentes. Vous devez miser votre bonus sans depot dans certains jeux pendant un certain temps. Si vous terminez la mise sans perdre tout votre bonus, vous \u00eates libre de retirer en utilisant n&rsquo;importe quelle option de retrait disponible.<\/p>\n\t<div itemscope itemtype=\"https:\/\/schema.org\/FAQPage\" class=\"faq\">\n\t\t<meta itemprop=\"mainEntityOfPage\" content=\"https:\/\/schweizercasinoclub.com\"><h2 itemprop=\"name\"><span id=\"_FAQ\">\u2753 FAQ: <\/span><\/h2>\t\t<div class=\"faq-items\">\n\t\t\t\n<div data-iterator=\"1\" class=\"faq-item js-faq-block active \">\n\t<div itemscope itemprop=\"mainEntity\" itemtype=\"https:\/\/schema.org\/Question\" class=\"js-faq-question\">\n\t\t<h3 itemprop=\"name\" class=\"faq-item__question\">1\ufe0f\u20e3 Quels types de bonus sans d\u00e9p\u00f4t existe-t-il?<\/h3>\n\t\t<div itemscope itemprop=\"acceptedAnswer\" itemtype=\"https:\/\/schema.org\/Answer\">\n\t\t\t<div itemprop=\"text\" class=\"faq-item__answer js-faq-answer active \">\n\t\t\t\t<p>Les bonus sans d\u00e9p\u00f4t sont de types bien diff\u00e9rents et varient d\u2019un casino en ligne \u00e0 l\u2019autre. Ceux que vous rencontrerez sur la majorit\u00e9 de sites d\u2019argent sont les tours gratuits, les promotions pour certains jeux, les cadeaux pour les anniversaires et les bonus de fid\u00e9lit\u00e9. Il faut mentionner aussi le cashback et le temps de jeu gratuit.<\/p>\n\t\t\t<\/div>\n\t\t<\/div>\n\t<\/div>\n<\/div>\n\n<div data-iterator=\"2\" class=\"faq-item js-faq-block \">\n\t<div itemscope itemprop=\"mainEntity\" itemtype=\"https:\/\/schema.org\/Question\" class=\"js-faq-question\">\n\t\t<h3 itemprop=\"name\" class=\"faq-item__question\">2\ufe0f\u20e3 Dois-je \u00eatre un nouveau joueur pour obtenir un bonus sans d\u00e9p\u00f4t?<\/h3>\n\t\t<div itemscope itemprop=\"acceptedAnswer\" itemtype=\"https:\/\/schema.org\/Answer\">\n\t\t\t<div itemprop=\"text\" class=\"faq-item__answer js-faq-answer \">\n\t\t\t\t<p>Non, ce ne sont pas d\u2019offres r\u00e9serv\u00e9es uniquement aux nouveaux joueurs. Les bonus sans d\u00e9p\u00f4t sont utilis\u00e9s pour b\u00e9n\u00e9ficier les joueurs r\u00e9guliers avec les points de fid\u00e9lit\u00e9 ou le cashback. Les free spins font partie de cadeaux pour les utilisateurs qui jouent r\u00e9guli\u00e8rement sur les machines \u00e0 sous.<\/p>\n\t\t\t<\/div>\n\t\t<\/div>\n\t<\/div>\n<\/div>\n\n<div data-iterator=\"3\" class=\"faq-item js-faq-block \">\n\t<div itemscope itemprop=\"mainEntity\" itemtype=\"https:\/\/schema.org\/Question\" class=\"js-faq-question\">\n\t\t<h3 itemprop=\"name\" class=\"faq-item__question\">3\ufe0f\u20e3 Sur quels jeux puis-je utiliser un bonus sans d\u00e9p\u00f4t?<\/h3>\n\t\t<div itemscope itemprop=\"acceptedAnswer\" itemtype=\"https:\/\/schema.org\/Answer\">\n\t\t\t<div itemprop=\"text\" class=\"faq-item__answer js-faq-answer \">\n\t\t\t\t<p>Tout d\u00e9pend du type de bonus que vous avez re\u00e7u. Si ce sont les tours gratuits, vous pouvez les utiliser uniquement sur les machines \u00e0 sous ou les slots progressifs. Le temps de jeu gratuit convient pour les jeux de table comme la <a href=\"https:\/\/schweizercasinoclub.com\/fr\/roulette\/\">roulette en ligne<\/a> ou le blackjack. Il faut lire les conditions de bonus pour les utiliser correctement.<\/p>\n\t\t\t<\/div>\n\t\t<\/div>\n\t<\/div>\n<\/div>\n\n<div data-iterator=\"4\" class=\"faq-item js-faq-block \">\n\t<div itemscope itemprop=\"mainEntity\" itemtype=\"https:\/\/schema.org\/Question\" class=\"js-faq-question\">\n\t\t<h3 itemprop=\"name\" class=\"faq-item__question\">4\ufe0f\u20e3 Puis-je gagner de l'argent r\u00e9el avec un bonus sans d\u00e9p\u00f4t?<\/h3>\n\t\t<div itemscope itemprop=\"acceptedAnswer\" itemtype=\"https:\/\/schema.org\/Answer\">\n\t\t\t<div itemprop=\"text\" class=\"faq-item__answer js-faq-answer \">\n\t\t\t\t<p>Oui, vous pouvez \u00e9videmment remporter de gros gains en jouant avec les bonus sans d\u00e9p\u00f4t. M\u00eame si c\u2019est un jeu gratuit, les sommes gagn\u00e9es sont r\u00e9elles. Pourtant, vous devez comprendre que le bonus sans d\u00e9p\u00f4t n\u2019est pas tr\u00e8s grand et a ses conditions de mise.<\/p>\n\t\t\t<\/div>\n\t\t<\/div>\n\t<\/div>\n<\/div>\n\t\t<\/div>\n\t<\/div>\n\n","protected":false},"excerpt":{"rendered":"<p>\ud83c\udfc6 Les Meilleurs Casino avec Bonus sans D\u00e9p\u00f4t Heureusement, ceux qui sont en charge des casinos en ligne disponibles comprennent ce d\u00e9sir et proposent donc d&rsquo;innombrables offres promotionnelles changeantes. Certaines de ces offres de casino sont si g\u00e9niales que vous les obtenez sans d\u00e9p\u00f4t. Tout le monde aime les choses gratuites et il s&rsquo;av\u00e8re qu&rsquo;il [&hellip;]<\/p>\n","protected":false},"author":12,"featured_media":0,"parent":14855,"menu_order":0,"comment_status":"closed","ping_status":"closed","template":"","meta":{"inline_featured_image":false},"yoast_head":"<!-- This site is optimized with the Yoast SEO plugin v18.2 - https:\/\/yoast.com\/wordpress\/plugins\/seo\/ -->\n<title>Casino en Ligne Bonus sans Depot en Suisse 2026<\/title>\n<meta name=\"description\" content=\"Pouvez-vous gagner de l&#039;argent r\u00e9el avec un Casino en ligne Bonus sans depot Suisse? \u2705 OUI, VOUS POUVEZ! \u2705 Nous comparons le Meilleur Nouveaux Casinos en ligne Bonus\" \/>\n<meta name=\"robots\" content=\"index, follow, max-snippet:-1, max-image-preview:large, max-video-preview:-1\" \/>\n<link rel=\"canonical\" href=\"https:\/\/schweizercasinoclub.com\/fr\/bonus-casino\/sans-depot\/\" \/>\n<meta property=\"og:locale\" content=\"fr_FR\" \/>\n<meta property=\"og:type\" content=\"article\" \/>\n<meta property=\"og:title\" content=\"Casino en Ligne Bonus sans Depot en Suisse 2026\" \/>\n<meta property=\"og:description\" content=\"Pouvez-vous gagner de l&#039;argent r\u00e9el avec un Casino en ligne Bonus sans depot Suisse? \u2705 OUI, VOUS POUVEZ! \u2705 Nous comparons le Meilleur Nouveaux Casinos en ligne Bonus\" \/>\n<meta property=\"og:url\" content=\"https:\/\/schweizercasinoclub.com\/fr\/bonus-casino\/sans-depot\/\" \/>\n<meta property=\"og:site_name\" content=\"SchweizerCasinoClub\" \/>\n<meta property=\"article:modified_time\" content=\"2022-12-13T08:14:05+00:00\" \/>\n<meta property=\"og:image\" content=\"https:\/\/schweizercasinoclub.com\/wp-content\/uploads\/2020\/09\/coins-icon.png\" \/>\n<meta name=\"twitter:card\" content=\"summary_large_image\" \/>\n<meta name=\"twitter:label1\" content=\"Est. reading time\" \/>\n\t<meta name=\"twitter:data1\" content=\"7 minutes\" \/>\n<script type=\"application\/ld+json\" class=\"yoast-schema-graph\">{\"@context\":\"https:\/\/schema.org\",\"@graph\":[{\"@type\":\"WebSite\",\"@id\":\"https:\/\/schweizercasinoclub.com\/#website\",\"url\":\"https:\/\/schweizercasinoclub.com\/\",\"name\":\"SchweizerCasinoClub\",\"description\":\"\",\"potentialAction\":[{\"@type\":\"SearchAction\",\"target\":{\"@type\":\"EntryPoint\",\"urlTemplate\":\"https:\/\/schweizercasinoclub.com\/?s={search_term_string}\"},\"query-input\":\"required name=search_term_string\"}],\"inLanguage\":\"fr-CA\"},{\"@type\":\"ImageObject\",\"@id\":\"https:\/\/schweizercasinoclub.com\/fr\/bonus-casino\/sans-depot\/#primaryimage\",\"inLanguage\":\"fr-CA\",\"url\":\"https:\/\/schweizercasinoclub.com\/wp-content\/uploads\/2020\/09\/coins-icon.png\",\"contentUrl\":\"https:\/\/schweizercasinoclub.com\/wp-content\/uploads\/2020\/09\/coins-icon.png\",\"width\":512,\"height\":512,\"caption\":\"coins-icon\"},{\"@type\":\"WebPage\",\"@id\":\"https:\/\/schweizercasinoclub.com\/fr\/bonus-casino\/sans-depot\/#webpage\",\"url\":\"https:\/\/schweizercasinoclub.com\/fr\/bonus-casino\/sans-depot\/\",\"name\":\"Casino en Ligne Bonus sans Depot en Suisse 2026\",\"isPartOf\":{\"@id\":\"https:\/\/schweizercasinoclub.com\/#website\"},\"primaryImageOfPage\":{\"@id\":\"https:\/\/schweizercasinoclub.com\/fr\/bonus-casino\/sans-depot\/#primaryimage\"},\"datePublished\":\"2022-08-15T12:54:03+00:00\",\"dateModified\":\"2022-12-13T08:14:05+00:00\",\"description\":\"Pouvez-vous gagner de l'argent r\u00e9el avec un Casino en ligne Bonus sans depot Suisse? \u2705 OUI, VOUS POUVEZ! \u2705 Nous comparons le Meilleur Nouveaux Casinos en ligne Bonus\",\"breadcrumb\":{\"@id\":\"https:\/\/schweizercasinoclub.com\/fr\/bonus-casino\/sans-depot\/#breadcrumb\"},\"inLanguage\":\"fr-CA\",\"potentialAction\":[{\"@type\":\"ReadAction\",\"target\":[\"https:\/\/schweizercasinoclub.com\/fr\/bonus-casino\/sans-depot\/\"]}]},{\"@type\":\"BreadcrumbList\",\"@id\":\"https:\/\/schweizercasinoclub.com\/fr\/bonus-casino\/sans-depot\/#breadcrumb\",\"itemListElement\":[{\"@type\":\"ListItem\",\"position\":1,\"name\":\"Online Casinos\",\"item\":\"https:\/\/schweizercasinoclub.com\/fr\/\"},{\"@type\":\"ListItem\",\"position\":2,\"name\":\"Bonus\",\"item\":\"https:\/\/schweizercasinoclub.com\/fr\/bonus-casino\/\"},{\"@type\":\"ListItem\",\"position\":3,\"name\":\"Sans D\u00e9p\u00f4t\"}]}]}<\/script>\n<!-- \/ Yoast SEO plugin. -->","yoast_head_json":{"title":"Casino en Ligne Bonus sans Depot en Suisse 2026","description":"Pouvez-vous gagner de l'argent r\u00e9el avec un Casino en ligne Bonus sans depot Suisse? \u2705 OUI, VOUS POUVEZ! \u2705 Nous comparons le Meilleur Nouveaux Casinos en ligne Bonus","robots":{"index":"index","follow":"follow","max-snippet":"max-snippet:-1","max-image-preview":"max-image-preview:large","max-video-preview":"max-video-preview:-1"},"canonical":"https:\/\/schweizercasinoclub.com\/fr\/bonus-casino\/sans-depot\/","og_locale":"fr_FR","og_type":"article","og_title":"Casino en Ligne Bonus sans Depot en Suisse 2026","og_description":"Pouvez-vous gagner de l'argent r\u00e9el avec un Casino en ligne Bonus sans depot Suisse? \u2705 OUI, VOUS POUVEZ! \u2705 Nous comparons le Meilleur Nouveaux Casinos en ligne Bonus","og_url":"https:\/\/schweizercasinoclub.com\/fr\/bonus-casino\/sans-depot\/","og_site_name":"SchweizerCasinoClub","article_modified_time":"2022-12-13T08:14:05+00:00","og_image":[{"url":"https:\/\/schweizercasinoclub.com\/wp-content\/uploads\/2020\/09\/coins-icon.png"}],"twitter_card":"summary_large_image","twitter_misc":{"Est. reading time":"7 minutes"},"schema":{"@context":"https:\/\/schema.org","@graph":[{"@type":"WebSite","@id":"https:\/\/schweizercasinoclub.com\/#website","url":"https:\/\/schweizercasinoclub.com\/","name":"SchweizerCasinoClub","description":"","potentialAction":[{"@type":"SearchAction","target":{"@type":"EntryPoint","urlTemplate":"https:\/\/schweizercasinoclub.com\/?s={search_term_string}"},"query-input":"required name=search_term_string"}],"inLanguage":"fr-CA"},{"@type":"ImageObject","@id":"https:\/\/schweizercasinoclub.com\/fr\/bonus-casino\/sans-depot\/#primaryimage","inLanguage":"fr-CA","url":"https:\/\/schweizercasinoclub.com\/wp-content\/uploads\/2020\/09\/coins-icon.png","contentUrl":"https:\/\/schweizercasinoclub.com\/wp-content\/uploads\/2020\/09\/coins-icon.png","width":512,"height":512,"caption":"coins-icon"},{"@type":"WebPage","@id":"https:\/\/schweizercasinoclub.com\/fr\/bonus-casino\/sans-depot\/#webpage","url":"https:\/\/schweizercasinoclub.com\/fr\/bonus-casino\/sans-depot\/","name":"Casino en Ligne Bonus sans Depot en Suisse 2026","isPartOf":{"@id":"https:\/\/schweizercasinoclub.com\/#website"},"primaryImageOfPage":{"@id":"https:\/\/schweizercasinoclub.com\/fr\/bonus-casino\/sans-depot\/#primaryimage"},"datePublished":"2022-08-15T12:54:03+00:00","dateModified":"2022-12-13T08:14:05+00:00","description":"Pouvez-vous gagner de l'argent r\u00e9el avec un Casino en ligne Bonus sans depot Suisse? \u2705 OUI, VOUS POUVEZ! \u2705 Nous comparons le Meilleur Nouveaux Casinos en ligne Bonus","breadcrumb":{"@id":"https:\/\/schweizercasinoclub.com\/fr\/bonus-casino\/sans-depot\/#breadcrumb"},"inLanguage":"fr-CA","potentialAction":[{"@type":"ReadAction","target":["https:\/\/schweizercasinoclub.com\/fr\/bonus-casino\/sans-depot\/"]}]},{"@type":"BreadcrumbList","@id":"https:\/\/schweizercasinoclub.com\/fr\/bonus-casino\/sans-depot\/#breadcrumb","itemListElement":[{"@type":"ListItem","position":1,"name":"Online Casinos","item":"https:\/\/schweizercasinoclub.com\/fr\/"},{"@type":"ListItem","position":2,"name":"Bonus","item":"https:\/\/schweizercasinoclub.com\/fr\/bonus-casino\/"},{"@type":"ListItem","position":3,"name":"Sans D\u00e9p\u00f4t"}]}]}},"_links":{"self":[{"href":"https:\/\/schweizercasinoclub.com\/fr\/wp-json\/wp\/v2\/pages\/14902"}],"collection":[{"href":"https:\/\/schweizercasinoclub.com\/fr\/wp-json\/wp\/v2\/pages"}],"about":[{"href":"https:\/\/schweizercasinoclub.com\/fr\/wp-json\/wp\/v2\/types\/page"}],"author":[{"embeddable":true,"href":"https:\/\/schweizercasinoclub.com\/fr\/wp-json\/wp\/v2\/users\/12"}],"replies":[{"embeddable":true,"href":"https:\/\/schweizercasinoclub.com\/fr\/wp-json\/wp\/v2\/comments?post=14902"}],"version-history":[{"count":18,"href":"https:\/\/schweizercasinoclub.com\/fr\/wp-json\/wp\/v2\/pages\/14902\/revisions"}],"predecessor-version":[{"id":17729,"href":"https:\/\/schweizercasinoclub.com\/fr\/wp-json\/wp\/v2\/pages\/14902\/revisions\/17729"}],"up":[{"embeddable":true,"href":"https:\/\/schweizercasinoclub.com\/fr\/wp-json\/wp\/v2\/pages\/14855"}],"wp:attachment":[{"href":"https:\/\/schweizercasinoclub.com\/fr\/wp-json\/wp\/v2\/media?parent=14902"}],"curies":[{"name":"wp","href":"https:\/\/api.w.org\/{rel}","templated":true}]}}