{"id":14869,"date":"2022-08-15T12:05:37","date_gmt":"2022-08-15T12:05:37","guid":{"rendered":"https:\/\/schweizercasinoclub-com.prokit.me\/?page_id=14869"},"modified":"2023-01-03T15:09:15","modified_gmt":"2023-01-03T15:09:15","slug":"mobile-casino","status":"publish","type":"page","link":"https:\/\/schweizercasinoclub.com\/fr\/mobile-casino\/","title":{"rendered":"Casino Mobile Suisse"},"content":{"rendered":"<h2><span id=\"_Liste_des_TOP_Casinos_en_Ligne_sur_Mobile_en_2023\"><span class=\"ash2\">\ud83c\udfc6 Liste des TOP Casinos en Ligne sur Mobile en 2023<br \/>\n<\/span><\/span><\/h2>\n\n<p>Faciles \u00e0 t\u00e9l\u00e9charger, les mobile casinos\u00a0repr\u00e9sentent une mani\u00e8re plus pratique d\u2019acc\u00e9der aux plateformes on-line des jeux de cette nature, vous offrant la possibilit\u00e9 de parier et de rester actifs dans ce monde depuis la commodit\u00e9\u00a0de vos appareils. L\u2019interaction depuis l\u2019ordinateur ou en pr\u00e9sentiel est peut-\u00eatre quelque chose du pass\u00e9, de plus en plus substitu\u00e9e\u00a0par l\u2019Android ou par l\u2019IOS.<\/p>\n<h2><span id=\"_Quelles_sont_vos_options_etant_vous_utilisateur_de_differents_systemes_operatifs\">\u2699\ufe0f Quelles sont vos options \u00e9tant vous utilisateur de diff\u00e9rents syst\u00e8mes op\u00e9ratifs ?<\/span><\/h2>\n<div id=\"toc_container\" class=\"toc_wrap_right no_bullets\"><p class=\"toc_title\">Inhaltsverzeichnis<\/p><ol class=\"toc_list\"><li><a href=\"#_Liste_des_TOP_Casinos_en_Ligne_sur_Mobile_en_2023\">\ud83c\udfc6 Liste des TOP Casinos en Ligne sur Mobile en 2023\n<\/a><\/li><li><a href=\"#_Quelles_sont_vos_options_etant_vous_utilisateur_de_differents_systemes_operatifs\">\u2699\ufe0f Quelles sont vos options \u00e9tant vous utilisateur de diff\u00e9rents syst\u00e8mes op\u00e9ratifs ?<\/a><\/li><li><a href=\"#_Quels_criteres_suivre_pour_choisir_vos_jeux_de_casino_sur_mobile_portable\">\ud83e\udd33 Quels crit\u00e8res suivre pour choisir vos jeux de casino sur mobile portable ?<\/a><\/li><li><a href=\"#_Le_systeme_operatif_ou_drsquoexploitation_a_partir_duquel_vous_travaillez_est-il_vraiment_important\">\ud83e\udd14 Le syst\u00e8me op\u00e9ratif (ou d&rsquo;exploitation) \u00e0 partir duquel vous travaillez est-il vraiment important ?<\/a><\/li><li><a href=\"#_Quels_sont_les_jeux_mobile_casino_Suisse_contenus_dans_la_plupart_des_applications_de_ce_type\">\ud83c\udfb0 Quels sont les jeux mobile casino Suisse contenus dans la plupart des applications de ce type ?<\/a><\/li><li><a href=\"#Conclusion\">Conclusion<\/a><\/li><\/ol><\/div>\n\n<p>On pourrait citer plusieurs types de syst\u00e8mes d&rsquo;exploitation permettant de jouer avec les\u00a0mobile\u00a0<a href=\"https:\/\/schweizercasinoclub.com\/fr\/\">casinos en ligne\u00a0de Suisse<\/a>\u00a0:<\/p>\n<ul>\n<li><strong>Android<\/strong> (syst\u00e8me d\u2019exploitation le plus commun);<\/li>\n<li><strong>iOS<\/strong> (sp\u00e9cifique aux portables IPhones);<\/li>\n<li><strong>Windows Phone<\/strong> (moins populaires dans l\u2019actualit\u00e9).<\/li>\n<\/ul>\n<p><img loading=\"lazy\" class=\"wp-image-7180 alignleft\" src=\"https:\/\/schweizercasinoclub.com\/wp-content\/uploads\/2020\/09\/lottery-icon.png\" alt=\"lottery\" width=\"130\" height=\"130\" srcset=\"https:\/\/schweizercasinoclub.com\/wp-content\/uploads\/2020\/09\/lottery-icon.png 512w, https:\/\/schweizercasinoclub.com\/wp-content\/uploads\/2020\/09\/lottery-icon-300x300.png 300w, https:\/\/schweizercasinoclub.com\/wp-content\/uploads\/2020\/09\/lottery-icon-150x150.png 150w, https:\/\/schweizercasinoclub.com\/wp-content\/uploads\/2020\/09\/lottery-icon-40x40.png 40w, https:\/\/schweizercasinoclub.com\/wp-content\/uploads\/2020\/09\/lottery-icon-50x50.png 50w, https:\/\/schweizercasinoclub.com\/wp-content\/uploads\/2020\/09\/lottery-icon-100x100.png 100w, https:\/\/schweizercasinoclub.com\/wp-content\/uploads\/2020\/09\/lottery-icon-120x120.png 120w, https:\/\/schweizercasinoclub.com\/wp-content\/uploads\/2020\/09\/lottery-icon-135x135.png 135w, https:\/\/schweizercasinoclub.com\/wp-content\/uploads\/2020\/09\/lottery-icon-270x270.png 270w, https:\/\/schweizercasinoclub.com\/wp-content\/uploads\/2020\/09\/lottery-icon-450x450.png 450w, https:\/\/schweizercasinoclub.com\/wp-content\/uploads\/2020\/09\/lottery-icon-479x479.png 479w, https:\/\/schweizercasinoclub.com\/wp-content\/uploads\/2020\/09\/lottery-icon-32x32.png 32w, https:\/\/schweizercasinoclub.com\/wp-content\/uploads\/2020\/09\/lottery-icon-80x80.png 80w, https:\/\/schweizercasinoclub.com\/wp-content\/uploads\/2020\/09\/lottery-icon-20x20.png 20w\" sizes=\"(max-width: 130px) 100vw, 130px\" \/>Certaines applications sont compatibles avec diff\u00e9rents syst\u00e8mes op\u00e9ratifs, il est normal, par exemple, de voir des applications t\u00e9l\u00e9chargeables\u00a0\u00e0 la fois sur IOS\u00a0et Android\u00a0sans diff\u00e9rences d&rsquo;utilisation apparentes. Cependant, il existe des applications de casino mobile Suisse qui sont sp\u00e9cifiques \u00e0 un syst\u00e8me et \u00e0 un autre.<\/p>\n<p>Android (syst\u00e8me op\u00e9ratif fonctionnant avec App Store). \u00c9tant celui-ci le syst\u00e8me le plus commercialis\u00e9 (ceci en partenariat avec Google Play), les options sont beaucoup plus nombreuses. Des listes avec des jeux de casinos mobile compatibles avec ce syst\u00e8me en question sont tr\u00e8s faciles \u00e0 trouver sur Internet.<\/p>\n<h2><span id=\"_Quels_criteres_suivre_pour_choisir_vos_jeux_de_casino_sur_mobile_portable\">\ud83e\udd33 Quels crit\u00e8res suivre pour choisir vos jeux de casino sur mobile portable ?<\/span><\/h2>\n<p><img loading=\"lazy\" class=\"alignright wp-image-7102\" src=\"https:\/\/schweizercasinoclub.com\/wp-content\/uploads\/2020\/09\/spades-icon.png\" alt=\"hand with card\" width=\"140\" height=\"140\" \/>La vari\u00e9t\u00e9 de modes de paiement\u00a0accept\u00e9s par le site est peut-\u00eatre l\u2019aspect le plus important \u00e0 consid\u00e9rer avant de faire votre choix. Normalement, les sites travaillant en partenariat avec beaucoup de portefeuilles bancaires sont plus attirants que ceux qui ne travaillent qu\u2019avec les deux ou trois portefeuilles conventionnels.<\/p>\n<p>Le design du site web\u00a0est aussi important que son m\u00e9canisme de fonctionnement. Le casino pour mobile de votre pr\u00e9f\u00e9rence devrait \u00eatre caract\u00e9ris\u00e9 par une sorte d\u2019\u00a0\u00ab\u00a0\u00e9l\u00e9gance\u00a0\u00bb et par une vaste offre de jeux. Le d\u00e9cor des onglets doit \u00eatre original, ceci \u00e9tant un aspect touch\u00e9 dans des commentaires dans des forums en ligne.<\/p>\n<p>La r\u00e9putation du casino en ligne sur mobile est \u00e9videmment une indication de sa qualit\u00e9, qui est souvent li\u00e9e \u00e0 sa long\u00e9vit\u00e9 sur le march\u00e9. Il est donc n\u00e9cessaire pour des potentiels utilisateurs comme vous\u00a0de savoir depuis quand le site se trouve en ligne. D\u2019autres crit\u00e8res seraient secondaires, genre langues ou traductions du contenu textuel du site, ainsi que le m\u00e9canisme d\u2019 \u00ab\u00a0encouragements\u00a0\u00bb mon\u00e9taires, d\u00e9livres jour \u00e0 jour ou hebdomadairement.<\/p>\n<p>Sachant que les\u00a0mobile jeux de casino les plus notoires sont ceux qui offrent les casino mobile bonus les plus g\u00e9n\u00e9reux, cela pourrait \u00eatre quelque chose d\u2019important pour votre choix. Votre <a href=\"https:\/\/schweizercasinoclub.com\/fr\/jeux-de-casino\/\">jeux casino<\/a> en ligne mobile doit \u00e9galement \u00eatre une application effectuant des actualisations\u00a0constamment, de sorte qu\u2019elle refl\u00e8te vouloir s\u2019am\u00e9liorer en fonction des propositions des clients.<\/p>\n<h2><span id=\"_Le_systeme_operatif_ou_drsquoexploitation_a_partir_duquel_vous_travaillez_est-il_vraiment_important\">\ud83e\udd14 Le syst\u00e8me op\u00e9ratif (ou d&rsquo;exploitation) \u00e0 partir duquel vous travaillez est-il vraiment important ?<\/span><\/h2>\n<p>Les diff\u00e9rences fondamentales entre le syst\u00e8me Android et IOS sont bien connues aujourd&rsquo;hui. \u00c0 cet \u00e9gard, on pourrait dire que le plus important est que certains\u00a0jeux de casino ne sont pas t\u00e9l\u00e9chargeables\u00a0pour l&rsquo;un ou l&rsquo;autre syst\u00e8me.<\/p>\n<p>Cela implique donc qu&rsquo;avant de se lancer dans le monde des jeux\u00a0d&rsquo;argent en ligne, il est n\u00e9cessaire de conna\u00eetre la liste des jeux pr\u00e9sents dans les App Stores\u00a0de chaque syst\u00e8me d&rsquo;exploitation, un peu comme ce que vous avez lu ci-dessus.<\/p>\n<h2><span id=\"_Quels_sont_les_jeux_mobile_casino_Suisse_contenus_dans_la_plupart_des_applications_de_ce_type\">\ud83c\udfb0 Quels sont les jeux mobile casino Suisse contenus dans la plupart des applications de ce type ?<\/span><\/h2>\n<p>Ceux qui participent activement \u00e0 ces pages et applications connaissent de premi\u00e8re main six m\u00e9canismes de jeu que tout jeu de hasard en ligne devrait avoir afin d&rsquo;attirer plus d&rsquo;utilisateurs. Les jeux les plus traditionnels, pour ne citer que ces six-l\u00e0, seraient\u00a0:<\/p>\n<ul>\n<li>Roulette<img loading=\"lazy\" class=\"alignright wp-image-6973\" src=\"https:\/\/schweizercasinoclub.com\/wp-content\/uploads\/2020\/09\/casino-roulette-icon.png\" alt=\"casino roulette\" width=\"141\" height=\"141\" srcset=\"https:\/\/schweizercasinoclub.com\/wp-content\/uploads\/2020\/09\/casino-roulette-icon.png 512w, https:\/\/schweizercasinoclub.com\/wp-content\/uploads\/2020\/09\/casino-roulette-icon-300x300.png 300w, https:\/\/schweizercasinoclub.com\/wp-content\/uploads\/2020\/09\/casino-roulette-icon-150x150.png 150w, https:\/\/schweizercasinoclub.com\/wp-content\/uploads\/2020\/09\/casino-roulette-icon-40x40.png 40w, https:\/\/schweizercasinoclub.com\/wp-content\/uploads\/2020\/09\/casino-roulette-icon-50x50.png 50w, https:\/\/schweizercasinoclub.com\/wp-content\/uploads\/2020\/09\/casino-roulette-icon-100x100.png 100w, https:\/\/schweizercasinoclub.com\/wp-content\/uploads\/2020\/09\/casino-roulette-icon-120x120.png 120w, https:\/\/schweizercasinoclub.com\/wp-content\/uploads\/2020\/09\/casino-roulette-icon-135x135.png 135w, https:\/\/schweizercasinoclub.com\/wp-content\/uploads\/2020\/09\/casino-roulette-icon-270x270.png 270w, https:\/\/schweizercasinoclub.com\/wp-content\/uploads\/2020\/09\/casino-roulette-icon-450x450.png 450w, https:\/\/schweizercasinoclub.com\/wp-content\/uploads\/2020\/09\/casino-roulette-icon-479x479.png 479w, https:\/\/schweizercasinoclub.com\/wp-content\/uploads\/2020\/09\/casino-roulette-icon-32x32.png 32w, https:\/\/schweizercasinoclub.com\/wp-content\/uploads\/2020\/09\/casino-roulette-icon-80x80.png 80w, https:\/\/schweizercasinoclub.com\/wp-content\/uploads\/2020\/09\/casino-roulette-icon-20x20.png 20w\" sizes=\"(max-width: 141px) 100vw, 141px\" \/><\/li>\n<li>Keno<\/li>\n<li>Baccara<\/li>\n<li>Black Jack<\/li>\n<li>Vid\u00e9o Poker<\/li>\n<li>Machines \u00e0 sous<\/li>\n<\/ul>\n<p>Chacun de ces jeux, sous sa forme virtuelle, est une repr\u00e9sentation de la m\u00eame m\u00e9canique, avec les m\u00eames r\u00e8gles et conditions g\u00e9n\u00e9rales qui entourent les m\u00eames jeux dans un\u00a0casino r\u00e9el. L&rsquo;exp\u00e9rience virtuelle qu&rsquo;implique chacun de ces jeux est donc un moyen id\u00e9al d&rsquo;entrer dans le monde r\u00e9el des casinos.<\/p>\n<p>De l&rsquo;argent r\u00e9el\u00a0cr\u00e9dit\u00e9 en quelques jours, parfois en quelques heures, une interaction en temps r\u00e9el et une s\u00e9curit\u00e9\u00a0garantie par les programmes\u00a0de chaque application, le terrain virtuel et le terrain r\u00e9el se rapprochent de plus en plus avec les jeux de casino mobile.<\/p>\n<p>La Suisse\u00a0est aujourd&rsquo;hui un pionnier dans la cr\u00e9ation de ces jeux, se situant au m\u00eame niveau d&rsquo;innovation que les \u00c9tats-Unis en mati\u00e8re de logiciels ou jeux de hasard. Ce pays est une r\u00e9f\u00e9rence claire de qualit\u00e9\u00a0: des programmes s\u00e9curis\u00e9s, r\u00e9solution graphique de premier niveau, id\u00e9al pour une premi\u00e8re exp\u00e9rience avec les mobile casino en ligne Suisse.<\/p>\n<h2><span id=\"Conclusion\">Conclusion<\/span><\/h2>\n<p>En plus de l&rsquo;offre de jeux et des bonus, le choix du meilleur mobile casino en ligne suisse tient \u00e9galement \u00e0 la s\u00e9curit\u00e9. C&rsquo;est pour cette raison que nous avons r\u00e9pertori\u00e9 plus haut des casinos en ligne mobile en possession d&rsquo;une licence r\u00e9guli\u00e8re afin de vous garantir une bonne exp\u00e9rience de jeux. Qu&rsquo;ils fonctionnent avec une application mobile ou en mode jeu instantan\u00e9, ils op\u00e8rent l\u00e9galement sur le territoire Suisse. Nous pouvons vous rassurer encore une fois : si vous d\u00e9cidez de parier sur ces plateformes vous serez \u00e0 l&rsquo;abri des risques de fraude et vous pourrez jouer en toute s\u00e9r\u00e9nit\u00e9.<\/p>\n\t<div itemscope itemtype=\"https:\/\/schema.org\/FAQPage\" class=\"faq\">\n\t\t<meta itemprop=\"mainEntityOfPage\" content=\"https:\/\/schweizercasinoclub.com\">\t\t<div class=\"faq-items\">\n\t\t\t\n<div data-iterator=\"1\" class=\"faq-item js-faq-block active \">\n\t<div itemscope itemprop=\"mainEntity\" itemtype=\"https:\/\/schema.org\/Question\" class=\"js-faq-question\">\n\t\t<h3 itemprop=\"name\" class=\"faq-item__question\">1\ufe0f\u20e3 Comment jouer sur un casino en ligne sur mobile ?<\/h3>\n\t\t<div itemscope itemprop=\"acceptedAnswer\" itemtype=\"https:\/\/schema.org\/Answer\">\n\t\t\t<div itemprop=\"text\" class=\"faq-item__answer js-faq-answer active \">\n\t\t\t\t<p>Pour commencer, vous devez vous inscrire sur le site du casino ou t\u00e9l\u00e9charger son application s\u2019il en existe un. Ensuite vous faites un premier d\u00e9p\u00f4t pour commencer \u00e0 profiter du jeu !<\/p>\n\t\t\t<\/div>\n\t\t<\/div>\n\t<\/div>\n<\/div>\n\n<div data-iterator=\"2\" class=\"faq-item js-faq-block \">\n\t<div itemscope itemprop=\"mainEntity\" itemtype=\"https:\/\/schema.org\/Question\" class=\"js-faq-question\">\n\t\t<h3 itemprop=\"name\" class=\"faq-item__question\">2\ufe0f\u20e3 Quel est le meilleur casino mobile Suisse ?<\/h3>\n\t\t<div itemscope itemprop=\"acceptedAnswer\" itemtype=\"https:\/\/schema.org\/Answer\">\n\t\t\t<div itemprop=\"text\" class=\"faq-item__answer js-faq-answer \">\n\t\t\t\t<p>Qu&rsquo;il dispose d&rsquo;une application mobile ou fonctionne en instantan\u00e9, le meilleur casino mobile Suisse est celui qui vous garantit un gameplay fluide, des offres de bonus attrayantes et une garantie de s\u00e9curit\u00e9.<\/p>\n\t\t\t<\/div>\n\t\t<\/div>\n\t<\/div>\n<\/div>\n\n<div data-iterator=\"3\" class=\"faq-item js-faq-block \">\n\t<div itemscope itemprop=\"mainEntity\" itemtype=\"https:\/\/schema.org\/Question\" class=\"js-faq-question\">\n\t\t<h3 itemprop=\"name\" class=\"faq-item__question\">3\ufe0f\u20e3 Est-il prudent de jouer en argent r\u00e9el sur un casino pour mobile ?<\/h3>\n\t\t<div itemscope itemprop=\"acceptedAnswer\" itemtype=\"https:\/\/schema.org\/Answer\">\n\t\t\t<div itemprop=\"text\" class=\"faq-item__answer js-faq-answer \">\n\t\t\t\t<p>Oui, vous pouvez jouer et retirer vos gains en toute s\u00e9r\u00e9nit\u00e9 dans un casino en ligne mobile. Tout ce dont vous avez besoin est de choisir l&rsquo;un des casinos s\u00e9curis\u00e9s mentionn\u00e9s ci-dessus.<\/p>\n\t\t\t<\/div>\n\t\t<\/div>\n\t<\/div>\n<\/div>\n\n<div data-iterator=\"4\" class=\"faq-item js-faq-block \">\n\t<div itemscope itemprop=\"mainEntity\" itemtype=\"https:\/\/schema.org\/Question\" class=\"js-faq-question\">\n\t\t<h3 itemprop=\"name\" class=\"faq-item__question\">4\ufe0f\u20e3 Puis-je toujours utiliser des bonus sur mobile?<\/h3>\n\t\t<div itemscope itemprop=\"acceptedAnswer\" itemtype=\"https:\/\/schema.org\/Answer\">\n\t\t\t<div itemprop=\"text\" class=\"faq-item__answer js-faq-answer \">\n\t\t\t\t<p>Oui, comme dans les casinos en ligne classique, vous pouvez utiliser vos bonus pour jouer aussi bien sur PC que sur mobile. Il n&rsquo;y a aucune diff\u00e9rence.<\/p>\n\t\t\t<\/div>\n\t\t<\/div>\n\t<\/div>\n<\/div>\n\t\t<\/div>\n\t<\/div>\n\n","protected":false},"excerpt":{"rendered":"<p>\ud83c\udfc6 Liste des TOP Casinos en Ligne sur Mobile en 2023 Faciles \u00e0 t\u00e9l\u00e9charger, les mobile casinos\u00a0repr\u00e9sentent une mani\u00e8re plus pratique d\u2019acc\u00e9der aux plateformes on-line des jeux de cette nature, vous offrant la possibilit\u00e9 de parier et de rester actifs dans ce monde depuis la commodit\u00e9\u00a0de vos appareils. L\u2019interaction depuis l\u2019ordinateur ou en pr\u00e9sentiel est [&hellip;]<\/p>\n","protected":false},"author":12,"featured_media":0,"parent":0,"menu_order":0,"comment_status":"closed","ping_status":"closed","template":"","meta":{"inline_featured_image":false},"yoast_head":"<!-- This site is optimized with the Yoast SEO plugin v18.2 - https:\/\/yoast.com\/wordpress\/plugins\/seo\/ -->\n<title>Casino en ligne sur mobile Suisse \u2192 Liste TOP Actuelle 2026<\/title>\n<meta name=\"description\" content=\"Des mobile casinos suisses s\u00e9rieux dans le classement! \u27a4 Choisissez un casino mobile en ligne fiable pour les joueurs suisses en argent r\u00e9el.\" \/>\n<meta name=\"robots\" content=\"index, follow, max-snippet:-1, max-image-preview:large, max-video-preview:-1\" \/>\n<link rel=\"canonical\" href=\"https:\/\/schweizercasinoclub.com\/fr\/mobile-casino\/\" \/>\n<meta property=\"og:locale\" content=\"fr_FR\" \/>\n<meta property=\"og:type\" content=\"article\" \/>\n<meta property=\"og:title\" content=\"Casino en ligne sur mobile Suisse \u2192 Liste TOP Actuelle 2026\" \/>\n<meta property=\"og:description\" content=\"Des mobile casinos suisses s\u00e9rieux dans le classement! \u27a4 Choisissez un casino mobile en ligne fiable pour les joueurs suisses en argent r\u00e9el.\" \/>\n<meta property=\"og:url\" content=\"https:\/\/schweizercasinoclub.com\/fr\/mobile-casino\/\" \/>\n<meta property=\"og:site_name\" content=\"SchweizerCasinoClub\" \/>\n<meta property=\"article:modified_time\" content=\"2023-01-03T15:09:15+00:00\" \/>\n<meta property=\"og:image\" content=\"https:\/\/schweizercasinoclub.com\/wp-content\/uploads\/2020\/09\/lottery-icon.png\" \/>\n<meta name=\"twitter:card\" content=\"summary_large_image\" \/>\n<meta name=\"twitter:label1\" content=\"Est. reading time\" \/>\n\t<meta name=\"twitter:data1\" content=\"5 minutes\" \/>\n<script type=\"application\/ld+json\" class=\"yoast-schema-graph\">{\"@context\":\"https:\/\/schema.org\",\"@graph\":[{\"@type\":\"WebSite\",\"@id\":\"https:\/\/schweizercasinoclub.com\/#website\",\"url\":\"https:\/\/schweizercasinoclub.com\/\",\"name\":\"SchweizerCasinoClub\",\"description\":\"\",\"potentialAction\":[{\"@type\":\"SearchAction\",\"target\":{\"@type\":\"EntryPoint\",\"urlTemplate\":\"https:\/\/schweizercasinoclub.com\/?s={search_term_string}\"},\"query-input\":\"required name=search_term_string\"}],\"inLanguage\":\"fr-CA\"},{\"@type\":\"ImageObject\",\"@id\":\"https:\/\/schweizercasinoclub.com\/fr\/mobile-casino\/#primaryimage\",\"inLanguage\":\"fr-CA\",\"url\":\"https:\/\/schweizercasinoclub.com\/wp-content\/uploads\/2020\/09\/lottery-icon.png\",\"contentUrl\":\"https:\/\/schweizercasinoclub.com\/wp-content\/uploads\/2020\/09\/lottery-icon.png\",\"width\":512,\"height\":512,\"caption\":\"lottery\"},{\"@type\":\"WebPage\",\"@id\":\"https:\/\/schweizercasinoclub.com\/fr\/mobile-casino\/#webpage\",\"url\":\"https:\/\/schweizercasinoclub.com\/fr\/mobile-casino\/\",\"name\":\"Casino en ligne sur mobile Suisse \u2192 Liste TOP Actuelle 2026\",\"isPartOf\":{\"@id\":\"https:\/\/schweizercasinoclub.com\/#website\"},\"primaryImageOfPage\":{\"@id\":\"https:\/\/schweizercasinoclub.com\/fr\/mobile-casino\/#primaryimage\"},\"datePublished\":\"2022-08-15T12:05:37+00:00\",\"dateModified\":\"2023-01-03T15:09:15+00:00\",\"description\":\"Des mobile casinos suisses s\u00e9rieux dans le classement! \u27a4 Choisissez un casino mobile en ligne fiable pour les joueurs suisses en argent r\u00e9el.\",\"breadcrumb\":{\"@id\":\"https:\/\/schweizercasinoclub.com\/fr\/mobile-casino\/#breadcrumb\"},\"inLanguage\":\"fr-CA\",\"potentialAction\":[{\"@type\":\"ReadAction\",\"target\":[\"https:\/\/schweizercasinoclub.com\/fr\/mobile-casino\/\"]}]},{\"@type\":\"BreadcrumbList\",\"@id\":\"https:\/\/schweizercasinoclub.com\/fr\/mobile-casino\/#breadcrumb\",\"itemListElement\":[{\"@type\":\"ListItem\",\"position\":1,\"name\":\"Online Casinos\",\"item\":\"https:\/\/schweizercasinoclub.com\/fr\/\"},{\"@type\":\"ListItem\",\"position\":2,\"name\":\"Mobile\"}]}]}<\/script>\n<!-- \/ Yoast SEO plugin. -->","yoast_head_json":{"title":"Casino en ligne sur mobile Suisse \u2192 Liste TOP Actuelle 2026","description":"Des mobile casinos suisses s\u00e9rieux dans le classement! \u27a4 Choisissez un casino mobile en ligne fiable pour les joueurs suisses en argent r\u00e9el.","robots":{"index":"index","follow":"follow","max-snippet":"max-snippet:-1","max-image-preview":"max-image-preview:large","max-video-preview":"max-video-preview:-1"},"canonical":"https:\/\/schweizercasinoclub.com\/fr\/mobile-casino\/","og_locale":"fr_FR","og_type":"article","og_title":"Casino en ligne sur mobile Suisse \u2192 Liste TOP Actuelle 2026","og_description":"Des mobile casinos suisses s\u00e9rieux dans le classement! \u27a4 Choisissez un casino mobile en ligne fiable pour les joueurs suisses en argent r\u00e9el.","og_url":"https:\/\/schweizercasinoclub.com\/fr\/mobile-casino\/","og_site_name":"SchweizerCasinoClub","article_modified_time":"2023-01-03T15:09:15+00:00","og_image":[{"url":"https:\/\/schweizercasinoclub.com\/wp-content\/uploads\/2020\/09\/lottery-icon.png"}],"twitter_card":"summary_large_image","twitter_misc":{"Est. reading time":"5 minutes"},"schema":{"@context":"https:\/\/schema.org","@graph":[{"@type":"WebSite","@id":"https:\/\/schweizercasinoclub.com\/#website","url":"https:\/\/schweizercasinoclub.com\/","name":"SchweizerCasinoClub","description":"","potentialAction":[{"@type":"SearchAction","target":{"@type":"EntryPoint","urlTemplate":"https:\/\/schweizercasinoclub.com\/?s={search_term_string}"},"query-input":"required name=search_term_string"}],"inLanguage":"fr-CA"},{"@type":"ImageObject","@id":"https:\/\/schweizercasinoclub.com\/fr\/mobile-casino\/#primaryimage","inLanguage":"fr-CA","url":"https:\/\/schweizercasinoclub.com\/wp-content\/uploads\/2020\/09\/lottery-icon.png","contentUrl":"https:\/\/schweizercasinoclub.com\/wp-content\/uploads\/2020\/09\/lottery-icon.png","width":512,"height":512,"caption":"lottery"},{"@type":"WebPage","@id":"https:\/\/schweizercasinoclub.com\/fr\/mobile-casino\/#webpage","url":"https:\/\/schweizercasinoclub.com\/fr\/mobile-casino\/","name":"Casino en ligne sur mobile Suisse \u2192 Liste TOP Actuelle 2026","isPartOf":{"@id":"https:\/\/schweizercasinoclub.com\/#website"},"primaryImageOfPage":{"@id":"https:\/\/schweizercasinoclub.com\/fr\/mobile-casino\/#primaryimage"},"datePublished":"2022-08-15T12:05:37+00:00","dateModified":"2023-01-03T15:09:15+00:00","description":"Des mobile casinos suisses s\u00e9rieux dans le classement! \u27a4 Choisissez un casino mobile en ligne fiable pour les joueurs suisses en argent r\u00e9el.","breadcrumb":{"@id":"https:\/\/schweizercasinoclub.com\/fr\/mobile-casino\/#breadcrumb"},"inLanguage":"fr-CA","potentialAction":[{"@type":"ReadAction","target":["https:\/\/schweizercasinoclub.com\/fr\/mobile-casino\/"]}]},{"@type":"BreadcrumbList","@id":"https:\/\/schweizercasinoclub.com\/fr\/mobile-casino\/#breadcrumb","itemListElement":[{"@type":"ListItem","position":1,"name":"Online Casinos","item":"https:\/\/schweizercasinoclub.com\/fr\/"},{"@type":"ListItem","position":2,"name":"Mobile"}]}]}},"_links":{"self":[{"href":"https:\/\/schweizercasinoclub.com\/fr\/wp-json\/wp\/v2\/pages\/14869"}],"collection":[{"href":"https:\/\/schweizercasinoclub.com\/fr\/wp-json\/wp\/v2\/pages"}],"about":[{"href":"https:\/\/schweizercasinoclub.com\/fr\/wp-json\/wp\/v2\/types\/page"}],"author":[{"embeddable":true,"href":"https:\/\/schweizercasinoclub.com\/fr\/wp-json\/wp\/v2\/users\/12"}],"replies":[{"embeddable":true,"href":"https:\/\/schweizercasinoclub.com\/fr\/wp-json\/wp\/v2\/comments?post=14869"}],"version-history":[{"count":26,"href":"https:\/\/schweizercasinoclub.com\/fr\/wp-json\/wp\/v2\/pages\/14869\/revisions"}],"predecessor-version":[{"id":17878,"href":"https:\/\/schweizercasinoclub.com\/fr\/wp-json\/wp\/v2\/pages\/14869\/revisions\/17878"}],"wp:attachment":[{"href":"https:\/\/schweizercasinoclub.com\/fr\/wp-json\/wp\/v2\/media?parent=14869"}],"curies":[{"name":"wp","href":"https:\/\/api.w.org\/{rel}","templated":true}]}}