{"id":14862,"date":"2022-08-15T11:42:16","date_gmt":"2022-08-15T11:42:16","guid":{"rendered":"https:\/\/schweizercasinoclub-com.prokit.me\/?page_id=14862"},"modified":"2022-11-04T08:30:23","modified_gmt":"2022-11-04T08:30:23","slug":"casino-live","status":"publish","type":"page","link":"https:\/\/schweizercasinoclub.com\/fr\/casino-live\/","title":{"rendered":"Les Meilleurs Sites de Live Casino en Suisse 2022"},"content":{"rendered":"\n<h2><span id=\"_Qursquoest_ce_que_le_casino_live_en_ligne_Suisse\"><strong><b>\ud83e\udd14 Qu&rsquo;est ce que le casino live en ligne Suisse?<\/b><\/strong><strong><b><br \/>\n<\/b><\/strong><\/span><\/h2>\n<div id=\"toc_container\" class=\"toc_wrap_right no_bullets\"><p class=\"toc_title\">Inhaltsverzeichnis<\/p><ol class=\"toc_list\"><li><a href=\"#_Qursquoest_ce_que_le_casino_live_en_ligne_Suisse\">\ud83e\udd14 Qu&rsquo;est ce que le casino live en ligne Suisse?\n<\/a><\/li><li><a href=\"#_Comment_bien_choisir_son_casino_live_Suisse\">\u2705 Comment bien choisir son casino live Suisse ?\n<\/a><\/li><li><a href=\"#_Pourquoi_opter_pour_le_casino_direct\">\ud83c\udfc6 Pourquoi opter pour le casino direct ?\n<\/a><\/li><li><a href=\"#_Quels_sont_les_jeux_de_casino_en_direct_en_ligne_avec_croupier_en_live\">\ud83e\udd47 Quels sont les jeux de casino en direct en ligne avec croupier en live ? \n<\/a><\/li><li><a href=\"#_Comment_obtenir_un_bonus_de_casino_en_ligne_direct\">\ud83c\udf81 Comment obtenir un bonus de casino en ligne direct ?\n<\/a><\/li><li><a href=\"#_Comment_rendre_agreable_votre_experience_de_jeu\">\ud83d\udc68\u200d\ud83d\udcbc Comment rendre agr\u00e9able votre exp\u00e9rience de jeu ?\n<\/a><\/li><\/ol><\/div>\n\n<p><img loading=\"lazy\" class=\"size-full wp-image-7164 alignleft\" src=\"https:\/\/schweizercasinoclub.com\/wp-content\/uploads\/2020\/09\/croupier-icon-e1599655821629.png\" alt=\"croupier casino live\" width=\"100\" height=\"100\" \/><\/p>\n<p>Les casinos en ligne classiques offrent aux joueurs de jouer aux jeux d&rsquo;un casino simplement en se connectant sur leur plateforme en ligne. Une nouvelle fonctionnalit\u00e9 a \u00e9t\u00e9 ajout\u00e9e dans la plateforme et consiste \u00e0 offrir une exp\u00e9rience exceptionnelle. Le nouveau mode de jeu ajoute aux parties en live un croupier qui joue le m\u00eame r\u00f4le que lors d&rsquo;une session de jeu dans un casino terrestre. Il s&rsquo;agit donc du casino live en ligne. Les croupiers en live sont suivis au moindre geste gr\u00e2ce \u00e0 un syst\u00e8me de vid\u00e9o con\u00e7u \u00e0 rendre le jeu plus r\u00e9el. Vous vous posez certainement la question : comment un croupier va-t-il savoir ce que vous ordonnez? La r\u00e9ponse est que ce mode de jeu prend en compte tous les d\u00e9tails afin de garantir la transparence. Le croupier en live a devant lui des \u00e9crans lui permettant de savoir ces d\u00e9tails. Il s&rsquo;occupera \u00e9galement de tirer une carte \u00a0pour vous et la mettre sur la table si vous jouez au blackjack.<\/p>\n<h2><span id=\"_Comment_bien_choisir_son_casino_live_Suisse\"><strong><b>\u2705 Comment bien choisir son casino live Suisse ?<\/b><\/strong><strong><b><br \/>\n<\/b><\/strong><\/span><\/h2>\n<p><img loading=\"lazy\" class=\"size-full wp-image-7164 alignleft\" src=\"https:\/\/schweizercasinoclub.com\/wp-content\/uploads\/2020\/09\/croupier-icon-2-e1599655016597.png\" alt=\"croupier-2\" width=\"100\" height=\"100\" srcset=\"https:\/\/schweizercasinoclub.com\/wp-content\/uploads\/2020\/09\/croupier-icon-2-e1599655016597.png 100w, https:\/\/schweizercasinoclub.com\/wp-content\/uploads\/2020\/09\/croupier-icon-2-e1599655016597-40x40.png 40w, https:\/\/schweizercasinoclub.com\/wp-content\/uploads\/2020\/09\/croupier-icon-2-e1599655016597-50x50.png 50w, https:\/\/schweizercasinoclub.com\/wp-content\/uploads\/2020\/09\/croupier-icon-2-e1599655016597-32x32.png 32w, https:\/\/schweizercasinoclub.com\/wp-content\/uploads\/2020\/09\/croupier-icon-2-e1599655016597-80x80.png 80w, https:\/\/schweizercasinoclub.com\/wp-content\/uploads\/2020\/09\/croupier-icon-2-e1599655016597-20x20.png 20w\" sizes=\"(max-width: 100px) 100vw, 100px\" \/>Il est important pour un joueur d&rsquo;\u00eatre certain de jouer sur <a href=\"https:\/\/schweizercasinoclub.com\/fr\/\">les meilleur casino<\/a> live. Plusieurs \u00e9l\u00e9ments sont \u00e0 v\u00e9rifier avant de se lancer sur un site de casino live en ligne. Les jeux live sont de plus en plus r\u00e9pandus dans le monde \u00e0 cause de leurs avantages, d&rsquo;o\u00f9 la n\u00e9cessit\u00e9 de v\u00e9rifier en utilisant les moyens que nous vous sugg\u00e9rons. Vous finirez certainement par trouver votre bonheur de jeu en suivant nos conseils pour bien choisir son casino live Suisse. En effet, il faut s&rsquo;assurer que le site en ligne est l\u00e9gal et respecte les meilleures conditions du jeu responsable. Nous vous sugg\u00e9rons \u00e9galement d&rsquo;opter pour les tables de jeu r\u00e9alis\u00e9es par les meilleurs \u00e9diteurs comme evolution gaming. Vous aurez ainsi une meilleure qualit\u00e9 d&rsquo;image et une connexion sans interruption. Tout cela est facile \u00e0 v\u00e9rifier en quelques clics en se connectant sur des sites offrant des revues de casinos en ligne. Il est fortement recommand\u00e9 de suivre leurs conseils si vous souhaitez essayer le live et que vous cherchez des tables ouvertes sans interruption.<\/p>\n<h2><span id=\"_Pourquoi_opter_pour_le_casino_direct\"><strong><b>\ud83c\udfc6 Pourquoi opter pour le casino direct ?<\/b><\/strong><strong><b><br \/>\n<\/b><\/strong><\/span><\/h2>\n<p>Il existe plusieurs raisons qui encouragent \u00e0 tenter le casino direct. Plus vous d\u00e9couvrez ces avantages plus vous vous sentez \u00e0 l&rsquo;aise pour commence un nouveau jeu. Les fournisseurs de jeux offrent des plateformes d\u00e9di\u00e9es au confort des joueurs afin de rendre leurs exp\u00e9riences plus r\u00e9elles et fiables. Ils misent donc sur la transparence en offrant une visibilit\u00e9 du jeu. De plus, les croupiers en direct peuvent vous assister \u00e0 tout moment durant le jeu. D&rsquo;autant plus, le casino direct est consid\u00e9r\u00e9 comme le meilleur entrainement pour les parties de jeux dans les casinos terrestres.<\/p>\n<h2><span id=\"_Quels_sont_les_jeux_de_casino_en_direct_en_ligne_avec_croupier_en_live\"><strong><b>\ud83e\udd47 Quels sont les jeux de casino en direct en ligne avec croupier en live ? <\/b><\/strong><strong><b><br \/>\n<\/b><\/strong><\/span><\/h2>\n<p>Le mode de jeu avec casino en direct croupier est r\u00e9volutionnaire gr\u00e2ce aux conditions identiques aux vraies tables de <a href=\"https:\/\/schweizercasinoclub.com\/fr\/jeux-de-casino\/\">jeux d&rsquo;un casino<\/a>. Ce nouveau mode haut de gamme fera certainement votre bonheur au premier essai. Le choix de votre table avec croupier est devenu facilement r\u00e9alisable afin de vous garantir un plus grand plaisir. Plusieurs choix sont possibles entre:<br \/>\n<img loading=\"lazy\" class=\"size-full wp-image-7166 alignright\" src=\"https:\/\/schweizercasinoclub.com\/wp-content\/uploads\/2020\/09\/poker-logo-e1599655103415.png\" alt=\"casino live\" width=\"100\" height=\"100\" srcset=\"https:\/\/schweizercasinoclub.com\/wp-content\/uploads\/2020\/09\/poker-logo-e1599655103415.png 100w, https:\/\/schweizercasinoclub.com\/wp-content\/uploads\/2020\/09\/poker-logo-e1599655103415-40x40.png 40w, https:\/\/schweizercasinoclub.com\/wp-content\/uploads\/2020\/09\/poker-logo-e1599655103415-50x50.png 50w, https:\/\/schweizercasinoclub.com\/wp-content\/uploads\/2020\/09\/poker-logo-e1599655103415-32x32.png 32w, https:\/\/schweizercasinoclub.com\/wp-content\/uploads\/2020\/09\/poker-logo-e1599655103415-80x80.png 80w, https:\/\/schweizercasinoclub.com\/wp-content\/uploads\/2020\/09\/poker-logo-e1599655103415-20x20.png 20w\" sizes=\"(max-width: 100px) 100vw, 100px\" \/><\/p>\n<p><strong>\u00b7\u00a0Roulette en direct<\/strong><\/p>\n<p><strong>\u00b7\u00a0Poker en direct<\/strong><\/p>\n<p><strong>\u00b7\u00a0Baccarat en direct<\/strong><\/p>\n<p><strong>\u00b7\u00a0Live blackjack <b><br \/>\n<\/b><\/strong><\/p>\n<p>Il faut savoir aussi que l&rsquo;acc\u00e8s \u00e0 ces plateformes est possible sans besoin de vous connecter sur diff\u00e9rents sites de casinos en ligne. En effet, plusieurs casinos en lignes classiques offrent la magnifique exp\u00e9rience de jeu en direct \u00e0 partir de leurs plateformes classiques. Donc, dans la majorit\u00e9 des cas, ce mode jeu qui offre un jeu d&rsquo;argent r\u00e9el est offert sur les sites de casinos en ligne que nous connaissons tous.<\/p>\n<h2><span id=\"_Comment_obtenir_un_bonus_de_casino_en_ligne_direct\"><strong><b>\ud83c\udf81 Comment obtenir un bonus de casino en ligne direct ?<\/b><\/strong><strong><b><br \/>\n<\/b><\/strong><\/span><\/h2>\n<p>Il est vrai que les joueurs s&rsquo;int\u00e9ressent particuli\u00e8rement aux bonus en jouant \u00e0 des casinos en ligne. Le bonus de casino est offert par plusieurs fournisseurs de jeux. Il faut savoir aussi que les jeux en live sont dans la plupart des cas sans bonus. Mais vous serez certainement ravi de savoir qu&rsquo;il existe des casinos en ligne qui rendent un bonus utilisable dans les jeux live. Il faut quand m\u00eame v\u00e9rifier davantage avant de vous lancer dans des jeux de table en live.<\/p>\n<h2><span id=\"_Comment_rendre_agreable_votre_experience_de_jeu\"><strong><b>\ud83d\udc68\u200d\ud83d\udcbc Comment rendre agr\u00e9able votre exp\u00e9rience de jeu ?<\/b><\/strong><strong><b><br \/>\n<\/b><\/strong><\/span><\/h2>\n<p>En se basant sur nos exp\u00e9riences et celles de plusieurs utilisateurs dans le domaine de casinos en ligne, nous avons rassembl\u00e9 pour vous quelques \u00e9l\u00e9ments qui peuvent vous \u00eatre utiles pour rendre agr\u00e9able votre exp\u00e9rience de jeu en direct.<img loading=\"lazy\" class=\"wp-image-6951 alignright\" src=\"https:\/\/schweizercasinoclub.com\/wp-content\/uploads\/2020\/09\/casino-chips-icon.png\" alt=\"casino chips\" width=\"100\" height=\"100\" \/><\/p>\n<ul>\n<li>Une bonne connexion internet pour \u00e9viter les coupures ainsi la perte de votre argent<\/li>\n<li>Communiquez avec le live croupier<\/li>\n<li>Demandez conseil au live dealer<\/li>\n<li>Utilisez votre bonus si possible sur les jeux en live pour commencer<\/li>\n<li>Choisissez des jeux live qui sont en votre langue maitris\u00e9e m\u00eame si cela n&rsquo;est pas important si vous connaissez le d\u00e9roulement d&rsquo;une partie.<\/li>\n<li>Utilisez les applications mobile pour une meilleure accessibilit\u00e9.<\/li>\n<\/ul>\n\n","protected":false},"excerpt":{"rendered":"<p>\ud83e\udd14 Qu&rsquo;est ce que le casino live en ligne Suisse? Les casinos en ligne classiques offrent aux joueurs de jouer aux jeux d&rsquo;un casino simplement en se connectant sur leur plateforme en ligne. Une nouvelle fonctionnalit\u00e9 a \u00e9t\u00e9 ajout\u00e9e dans la plateforme et consiste \u00e0 offrir une exp\u00e9rience exceptionnelle. Le nouveau mode de jeu ajoute [&hellip;]<\/p>\n","protected":false},"author":12,"featured_media":0,"parent":0,"menu_order":0,"comment_status":"closed","ping_status":"closed","template":"","meta":{"inline_featured_image":false},"yoast_head":"<!-- This site is optimized with the Yoast SEO plugin v18.2 - https:\/\/yoast.com\/wordpress\/plugins\/seo\/ -->\n<title>Casino Live Suisse \u25b7 Meilleur Casino en ligne Direct 2026<\/title>\n<meta name=\"description\" content=\"Nos revues d\u00e9taill\u00e9es des casinos en direct vous aideront beaucoup si vous cherchez un casino en direct qui vous convient \u2713 Tout est \u00e0 jour.\" \/>\n<meta name=\"robots\" content=\"index, follow, max-snippet:-1, max-image-preview:large, max-video-preview:-1\" \/>\n<link rel=\"canonical\" href=\"https:\/\/schweizercasinoclub.com\/fr\/casino-live\/\" \/>\n<meta property=\"og:locale\" content=\"fr_FR\" \/>\n<meta property=\"og:type\" content=\"article\" \/>\n<meta property=\"og:title\" content=\"Casino Live Suisse \u25b7 Meilleur Casino en ligne Direct 2026\" \/>\n<meta property=\"og:description\" content=\"Nos revues d\u00e9taill\u00e9es des casinos en direct vous aideront beaucoup si vous cherchez un casino en direct qui vous convient \u2713 Tout est \u00e0 jour.\" \/>\n<meta property=\"og:url\" content=\"https:\/\/schweizercasinoclub.com\/fr\/casino-live\/\" \/>\n<meta property=\"og:site_name\" content=\"SchweizerCasinoClub\" \/>\n<meta property=\"article:modified_time\" content=\"2022-11-04T08:30:23+00:00\" \/>\n<meta property=\"og:image\" content=\"https:\/\/schweizercasinoclub.com\/wp-content\/uploads\/2020\/09\/croupier-icon-e1599655821629.png\" \/>\n<meta name=\"twitter:card\" content=\"summary_large_image\" \/>\n<meta name=\"twitter:label1\" content=\"Est. reading time\" \/>\n\t<meta name=\"twitter:data1\" content=\"5 minutes\" \/>\n<script type=\"application\/ld+json\" class=\"yoast-schema-graph\">{\"@context\":\"https:\/\/schema.org\",\"@graph\":[{\"@type\":\"WebSite\",\"@id\":\"https:\/\/schweizercasinoclub.com\/#website\",\"url\":\"https:\/\/schweizercasinoclub.com\/\",\"name\":\"SchweizerCasinoClub\",\"description\":\"\",\"potentialAction\":[{\"@type\":\"SearchAction\",\"target\":{\"@type\":\"EntryPoint\",\"urlTemplate\":\"https:\/\/schweizercasinoclub.com\/?s={search_term_string}\"},\"query-input\":\"required name=search_term_string\"}],\"inLanguage\":\"fr-CA\"},{\"@type\":\"ImageObject\",\"@id\":\"https:\/\/schweizercasinoclub.com\/fr\/casino-live\/#primaryimage\",\"inLanguage\":\"fr-CA\",\"url\":\"https:\/\/schweizercasinoclub.com\/wp-content\/uploads\/2020\/09\/croupier-icon-e1599655821629.png\",\"contentUrl\":\"https:\/\/schweizercasinoclub.com\/wp-content\/uploads\/2020\/09\/croupier-icon-e1599655821629.png\"},{\"@type\":\"WebPage\",\"@id\":\"https:\/\/schweizercasinoclub.com\/fr\/casino-live\/#webpage\",\"url\":\"https:\/\/schweizercasinoclub.com\/fr\/casino-live\/\",\"name\":\"Casino Live Suisse \u25b7 Meilleur Casino en ligne Direct 2026\",\"isPartOf\":{\"@id\":\"https:\/\/schweizercasinoclub.com\/#website\"},\"primaryImageOfPage\":{\"@id\":\"https:\/\/schweizercasinoclub.com\/fr\/casino-live\/#primaryimage\"},\"datePublished\":\"2022-08-15T11:42:16+00:00\",\"dateModified\":\"2022-11-04T08:30:23+00:00\",\"description\":\"Nos revues d\u00e9taill\u00e9es des casinos en direct vous aideront beaucoup si vous cherchez un casino en direct qui vous convient \u2713 Tout est \u00e0 jour.\",\"breadcrumb\":{\"@id\":\"https:\/\/schweizercasinoclub.com\/fr\/casino-live\/#breadcrumb\"},\"inLanguage\":\"fr-CA\",\"potentialAction\":[{\"@type\":\"ReadAction\",\"target\":[\"https:\/\/schweizercasinoclub.com\/fr\/casino-live\/\"]}]},{\"@type\":\"BreadcrumbList\",\"@id\":\"https:\/\/schweizercasinoclub.com\/fr\/casino-live\/#breadcrumb\",\"itemListElement\":[{\"@type\":\"ListItem\",\"position\":1,\"name\":\"Online Casinos\",\"item\":\"https:\/\/schweizercasinoclub.com\/fr\/\"},{\"@type\":\"ListItem\",\"position\":2,\"name\":\"Les Meilleurs Sites de Live Casino en Suisse 2022\"}]}]}<\/script>\n<!-- \/ Yoast SEO plugin. -->","yoast_head_json":{"title":"Casino Live Suisse \u25b7 Meilleur Casino en ligne Direct 2026","description":"Nos revues d\u00e9taill\u00e9es des casinos en direct vous aideront beaucoup si vous cherchez un casino en direct qui vous convient \u2713 Tout est \u00e0 jour.","robots":{"index":"index","follow":"follow","max-snippet":"max-snippet:-1","max-image-preview":"max-image-preview:large","max-video-preview":"max-video-preview:-1"},"canonical":"https:\/\/schweizercasinoclub.com\/fr\/casino-live\/","og_locale":"fr_FR","og_type":"article","og_title":"Casino Live Suisse \u25b7 Meilleur Casino en ligne Direct 2026","og_description":"Nos revues d\u00e9taill\u00e9es des casinos en direct vous aideront beaucoup si vous cherchez un casino en direct qui vous convient \u2713 Tout est \u00e0 jour.","og_url":"https:\/\/schweizercasinoclub.com\/fr\/casino-live\/","og_site_name":"SchweizerCasinoClub","article_modified_time":"2022-11-04T08:30:23+00:00","og_image":[{"url":"https:\/\/schweizercasinoclub.com\/wp-content\/uploads\/2020\/09\/croupier-icon-e1599655821629.png"}],"twitter_card":"summary_large_image","twitter_misc":{"Est. reading time":"5 minutes"},"schema":{"@context":"https:\/\/schema.org","@graph":[{"@type":"WebSite","@id":"https:\/\/schweizercasinoclub.com\/#website","url":"https:\/\/schweizercasinoclub.com\/","name":"SchweizerCasinoClub","description":"","potentialAction":[{"@type":"SearchAction","target":{"@type":"EntryPoint","urlTemplate":"https:\/\/schweizercasinoclub.com\/?s={search_term_string}"},"query-input":"required name=search_term_string"}],"inLanguage":"fr-CA"},{"@type":"ImageObject","@id":"https:\/\/schweizercasinoclub.com\/fr\/casino-live\/#primaryimage","inLanguage":"fr-CA","url":"https:\/\/schweizercasinoclub.com\/wp-content\/uploads\/2020\/09\/croupier-icon-e1599655821629.png","contentUrl":"https:\/\/schweizercasinoclub.com\/wp-content\/uploads\/2020\/09\/croupier-icon-e1599655821629.png"},{"@type":"WebPage","@id":"https:\/\/schweizercasinoclub.com\/fr\/casino-live\/#webpage","url":"https:\/\/schweizercasinoclub.com\/fr\/casino-live\/","name":"Casino Live Suisse \u25b7 Meilleur Casino en ligne Direct 2026","isPartOf":{"@id":"https:\/\/schweizercasinoclub.com\/#website"},"primaryImageOfPage":{"@id":"https:\/\/schweizercasinoclub.com\/fr\/casino-live\/#primaryimage"},"datePublished":"2022-08-15T11:42:16+00:00","dateModified":"2022-11-04T08:30:23+00:00","description":"Nos revues d\u00e9taill\u00e9es des casinos en direct vous aideront beaucoup si vous cherchez un casino en direct qui vous convient \u2713 Tout est \u00e0 jour.","breadcrumb":{"@id":"https:\/\/schweizercasinoclub.com\/fr\/casino-live\/#breadcrumb"},"inLanguage":"fr-CA","potentialAction":[{"@type":"ReadAction","target":["https:\/\/schweizercasinoclub.com\/fr\/casino-live\/"]}]},{"@type":"BreadcrumbList","@id":"https:\/\/schweizercasinoclub.com\/fr\/casino-live\/#breadcrumb","itemListElement":[{"@type":"ListItem","position":1,"name":"Online Casinos","item":"https:\/\/schweizercasinoclub.com\/fr\/"},{"@type":"ListItem","position":2,"name":"Les Meilleurs Sites de Live Casino en Suisse 2022"}]}]}},"_links":{"self":[{"href":"https:\/\/schweizercasinoclub.com\/fr\/wp-json\/wp\/v2\/pages\/14862"}],"collection":[{"href":"https:\/\/schweizercasinoclub.com\/fr\/wp-json\/wp\/v2\/pages"}],"about":[{"href":"https:\/\/schweizercasinoclub.com\/fr\/wp-json\/wp\/v2\/types\/page"}],"author":[{"embeddable":true,"href":"https:\/\/schweizercasinoclub.com\/fr\/wp-json\/wp\/v2\/users\/12"}],"replies":[{"embeddable":true,"href":"https:\/\/schweizercasinoclub.com\/fr\/wp-json\/wp\/v2\/comments?post=14862"}],"version-history":[{"count":4,"href":"https:\/\/schweizercasinoclub.com\/fr\/wp-json\/wp\/v2\/pages\/14862\/revisions"}],"predecessor-version":[{"id":16993,"href":"https:\/\/schweizercasinoclub.com\/fr\/wp-json\/wp\/v2\/pages\/14862\/revisions\/16993"}],"wp:attachment":[{"href":"https:\/\/schweizercasinoclub.com\/fr\/wp-json\/wp\/v2\/media?parent=14862"}],"curies":[{"name":"wp","href":"https:\/\/api.w.org\/{rel}","templated":true}]}}