{"id":14855,"date":"2022-08-15T11:28:11","date_gmt":"2022-08-15T11:28:11","guid":{"rendered":"https:\/\/schweizercasinoclub-com.prokit.me\/?page_id=14855"},"modified":"2023-01-03T15:05:22","modified_gmt":"2023-01-03T15:05:22","slug":"bonus-casino","status":"publish","type":"page","link":"https:\/\/schweizercasinoclub.com\/fr\/bonus-casino\/","title":{"rendered":"Les meilleurs bonus de casino en ligne en Suisse 2023"},"content":{"rendered":"\n<h2><span id=\"Qursquoest-ce_qursquoune_prime_de_bienvenue\">Qu&rsquo;est-ce qu&rsquo;une prime de bienvenue ?<\/span><\/h2>\n<div id=\"toc_container\" class=\"toc_wrap_right no_bullets\"><p class=\"toc_title\">Inhaltsverzeichnis<\/p><ol class=\"toc_list\"><li><a href=\"#Qursquoest-ce_qursquoune_prime_de_bienvenue\">Qu&rsquo;est-ce qu&rsquo;une prime de bienvenue ?<\/a><\/li><li><a href=\"#Bonus_sans_depot_dans_le_casino_suisse\">Bonus sans d\u00e9p\u00f4t dans le casino suisse<\/a><\/li><li><a href=\"#Pas_de_bonus_de_depot_avec_un_credit_reel\">Pas de bonus de d\u00e9p\u00f4t avec un cr\u00e9dit r\u00e9el<\/a><\/li><li><a href=\"#Bonus_de_casino_avec_depot\">Bonus de casino avec d\u00e9p\u00f4t<\/a><\/li><li><a href=\"#Comment_reclamer_les_codes_bonus_des_casinos\">Comment r\u00e9clamer les codes bonus des casinos<\/a><\/li><li><a href=\"#Conclusion_sur_le_bonus_des_casinos_suisses\">Conclusion sur le bonus des casinos suisses<\/a><\/li><\/ol><\/div>\n\n<p>L&rsquo;un des bonus les plus populaires est le bonus dit de nouveau client ou <a href=\"https:\/\/schweizercasinoclub.com\/fr\/bonus-casino\/bienvenue-bonus\/\">bonus de bienvenue<\/a>, qui peut \u00eatre re\u00e7u dans presque tous les casinos. Cette offre de bonus est particuli\u00e8rement populaire car vous pouvez l&rsquo;obtenir tr\u00e8s facilement. Il vous suffit de vous inscrire. Mais il existe deux types de ce bonus : le <a href=\"https:\/\/schweizercasinoclub.com\/fr\/bonus-casino\/sans-depot\/\">bonus de casino sans d\u00e9p\u00f4t<\/a> ou l&rsquo;avantage pour les premiers d\u00e9p\u00f4ts.<br \/>\nAvec le bonus de casino sans d\u00e9p\u00f4t, c&rsquo;est pour que vous l&rsquo;obteniez imm\u00e9diatement lors de votre inscription. Cela signifie que vous n&rsquo;avez pas besoin de d\u00e9poser de l&rsquo;argent suppl\u00e9mentaire pour b\u00e9n\u00e9ficier de cet avantage. Il vous suffit de vous inscrire, de v\u00e9rifier votre identit\u00e9 et vous \u00eates pr\u00eat \u00e0 jouer. Ce bonus comprend g\u00e9n\u00e9ralement des tours gratuits, un solde de d\u00e9part ou des offres de bonus similaires.<br \/>\n<img loading=\"lazy\" class=\"wp-image-7834 alignright\" src=\"https:\/\/schweizercasinoclub.com\/wp-content\/uploads\/2020\/11\/casino-bonus-chips-icon-1.png\" alt=\"casino-bonus-chips-icon\" width=\"100\" height=\"100\">Le contraire de ce type de bonus est le type o\u00f9 vous devez d\u00e9poser de l&rsquo;argent &#8211; cela signifie que vous devez d\u00e9poser de l&rsquo;argent apr\u00e8s vous \u00eatre inscrit pour b\u00e9n\u00e9ficier des offres. Dans la plupart des cas, le bonus est ensuite appliqu\u00e9 directement sur le solde cr\u00e9diteur d\u00e9pos\u00e9, de sorte que vous recevez un certain pourcentage en plus. Un bonus avec un d\u00e9p\u00f4t maximum de 200 \u20ac et un bonus de 100 % signifie que vous pouvez jouer jusqu&rsquo;\u00e0 400 \u20ac au final.<\/p>\n<h2><span id=\"Bonus_sans_depot_dans_le_casino_suisse\">Bonus sans d\u00e9p\u00f4t dans le casino suisse<\/span><\/h2>\n<p>Le bonus pour les Suisses, qui est cr\u00e9dit\u00e9 au joueur sans d\u00e9p\u00f4t, est g\u00e9n\u00e9ralement accord\u00e9 dans les casinos en ligne directement apr\u00e8s l&rsquo;inscription. Mais avant cela, vous devez proc\u00e9der \u00e0 un contr\u00f4le d&rsquo;identit\u00e9 &#8211; c&rsquo;est particuli\u00e8rement n\u00e9cessaire pour le fournisseur, car l&rsquo;exploitant de casinos en ligne doit savoir si le joueur est une &laquo; vraie &raquo; personne. En g\u00e9n\u00e9ral, il suffit d&rsquo;ins\u00e9rer un document d&rsquo;identification et le compte est imm\u00e9diatement activ\u00e9.<br \/>\nRarement, l&rsquo;activation peut aussi durer un peu plus longtemps ; ici, un peu de patience est n\u00e9cessaire. Avec ce bonus de casino pour les Suisses, vous recevez l&rsquo;argent imm\u00e9diatement apr\u00e8s l&rsquo;enregistrement cr\u00e9dit\u00e9. Il s&rsquo;agit le plus souvent de tours gratuits, que vous pouvez ensuite utiliser sur l&rsquo;une des machines \u00e0 sous du casino. Il est rare que les tours gratuits soient limit\u00e9s \u00e0 quelques cr\u00e9neaux seulement ; il est donc conseill\u00e9 de lire les conditions d&rsquo;utilisation au pr\u00e9alable.<\/p>\n<h2><span id=\"Pas_de_bonus_de_depot_avec_un_credit_reel\">Pas de bonus de d\u00e9p\u00f4t avec un cr\u00e9dit r\u00e9el<\/span><\/h2>\n<p><img loading=\"lazy\" class=\" wp-image-7828 alignleft\" src=\"https:\/\/schweizercasinoclub.com\/wp-content\/uploads\/2020\/11\/bonus-icon-2-1.png\" alt=\"bonus-icon-2\" width=\"100\" height=\"100\">Les nouveaux clients \u00e0 la recherche d&rsquo;un avantage pour l&rsquo;enregistrement sont souvent confront\u00e9s \u00e0 des tours gratuits. Bien que les tours gratuits soient bien s\u00fbr tr\u00e8s int\u00e9ressants et permettent au joueur de tester facilement les diff\u00e9rentes machines \u00e0 sous sans connexion et de gagner quand m\u00eame de l&rsquo;argent, il existe une autre possibilit\u00e9.<br \/>\nCertains casinos en ligne accordent m\u00eame des cr\u00e9dits lors de l&rsquo;inscription de nouveaux clients. Dans certaines salles de jeu, on peut trouver jusqu&rsquo;\u00e0 50 euros, mais le montant est g\u00e9n\u00e9ralement plus \u00e9lev\u00e9, de l&rsquo;ordre de 15 \u00e0 30 euros. N\u00e9anmoins : avoir un cr\u00e9dit de d\u00e9part est une b\u00e9n\u00e9diction pour la plupart des clients et leur permet de mieux conna\u00eetre le casino.<br \/>\nLe choix du meilleur type est laiss\u00e9 \u00e0 la discr\u00e9tion du client. Certains clients pr\u00e9f\u00e8rent les Free Spins, car vous pouvez facilement tester les diff\u00e9rents cr\u00e9neaux. Si vous aimez les jeux en direct ou les jeux de cartes comme le Black Jack ou le poker, un cr\u00e9dit dans les casinos en ligne peut \u00eatre tr\u00e8s utile. Vous devez garder les yeux ouverts avec les prestataires et parcourir les diff\u00e9rentes offres.<\/p>\n<h3>Tours gratuits sans d\u00e9p\u00f4t<\/h3>\n<p><img loading=\"lazy\" class=\"wp-image-7804 alignright\" src=\"https:\/\/schweizercasinoclub.com\/wp-content\/uploads\/2020\/11\/slots-icon-1.png\" alt=\"slots-icon\" width=\"100\" height=\"100\">De nombreux joueurs pr\u00e9f\u00e8rent les <a href=\"https:\/\/schweizercasinoclub.com\/fr\/bonus-casino\/free-spins\/\">Free Spins<\/a> lors de leur inscription, car c&rsquo;est un excellent moyen de jouer et de tester les diff\u00e9rentes machines \u00e0 sous. Dans les casinos suisses, elles sont tr\u00e8s souvent accord\u00e9es sous forme de bonus de casino. Quels sont les avantages de ce type de bonus ?<\/p>\n<p>Test : gr\u00e2ce aux Free Spins, vous pouvez facilement tester de nouvelles machines \u00e0 sous de qualit\u00e9 sans avoir \u00e0 utiliser de l&rsquo;argent r\u00e9el. Avec un peu de chance, vous pouvez m\u00eame trouver votre machine \u00e0 sous suisse pr\u00e9f\u00e9r\u00e9e ou une nouvelle machine de qualit\u00e9. Mieux encore : vous pouvez toujours gagner de l&rsquo;argent qui sera cr\u00e9dit\u00e9 sur votre compte.<br \/>\nEssayez-le : En plus de tester de nouvelles machines \u00e0 sous, vous pouvez \u00e9galement essayer des m\u00e9thodes de jeu que vous n&rsquo;utiliseriez pas sur les machines suisses. Par exemple, vous pouvez parier plus que d&rsquo;habitude, tester diff\u00e9rentes lignes de paiement ou vous informer sur les m\u00e9canismes du jeu.<\/p>\n<h2><span id=\"Bonus_de_casino_avec_depot\">Bonus de casino avec d\u00e9p\u00f4t<\/span><\/h2>\n<p><img loading=\"lazy\" class=\" wp-image-7836 alignleft\" src=\"https:\/\/schweizercasinoclub.com\/wp-content\/uploads\/2020\/11\/008-currencies-1.png\" alt=\"deposit-bonus-icon\" width=\"100\" height=\"100\">Nous avons examin\u00e9 tr\u00e8s attentivement le type de bonus sans d\u00e9poser d&rsquo;argent &#8211; mais qu&rsquo;en est-il du d\u00e9p\u00f4t ? La plupart des meilleurs avantages ne sont disponibles que lorsque vous d\u00e9posez de l&rsquo;argent.<br \/>\nC&rsquo;est g\u00e9n\u00e9ralement ainsi que cela fonctionne : vous chargez votre compte avec de l&rsquo;argent et vous pouvez ensuite participer aux principaux avantages. Ces avantages d\u00e9pendent de chaque casino suisse lui-m\u00eame. Certains fournisseurs offrent des avantages quotidiens, comme un pourcentage de bonus sur les d\u00e9p\u00f4ts effectu\u00e9s certains jours de la semaine, tandis que d&rsquo;autres n&rsquo;accordent un bonus sur les d\u00e9p\u00f4ts que pour les premiers.<br \/>\nQuel que soit l&rsquo;avantage structur\u00e9, le meilleur bonus de d\u00e9p\u00f4t que vous obtenez dans le casino en ligne n&rsquo;est bien s\u00fbr que si vous chargez votre compte avec de l&rsquo;argent r\u00e9el. En outre, l&rsquo;argent suppl\u00e9mentaire n&rsquo;est g\u00e9n\u00e9ralement re\u00e7u que sous certaines conditions ; par exemple, apr\u00e8s avoir re\u00e7u l&rsquo;avantage, vous devez jouer un certain montant pour retirer de l&rsquo;argent.<\/p>\n<h3>Quel est le montant des bonus sur les d\u00e9p\u00f4ts en pourcentage ?<\/h3>\n<p>Le montant de l&rsquo;avantage que vous pouvez tirer des bonus sur d\u00e9p\u00f4t d\u00e9pend du fournisseur ; il n&rsquo;existe souvent pas de meilleur bonus de casino car les conditions changent constamment. En tant que client, il existe diff\u00e9rents pourcentages de bonus pour compl\u00e9ter l&rsquo;argent.<br \/>\nSi le casino ne donne de l&rsquo;argent que pour les premi\u00e8res recharges, le pourcentage de bonus est g\u00e9n\u00e9ralement tr\u00e8s \u00e9lev\u00e9. En g\u00e9n\u00e9ral, elle ne d\u00e9passe pas 100 % et s&rsquo;arr\u00eate g\u00e9n\u00e9ralement \u00e0 250 euros. Dans certains casinos, lors de la derni\u00e8re recharge (g\u00e9n\u00e9ralement la troisi\u00e8me), sur laquelle il y a un avantage, une grande quantit\u00e9 d&rsquo;argent pour l&rsquo;offre est \u00e0 nouveau d\u00e9bloqu\u00e9e : un bonus de 100 % sur un d\u00e9p\u00f4t allant jusqu&rsquo;\u00e0 1000 \u20ac n&rsquo;est pas rare &#8211; c&rsquo;est consid\u00e9r\u00e9 comme le meilleur avantage que vous pouvez probablement obtenir en d\u00e9posant. Dans cet exemple, vous pouvez alors jouer avec 2000 \u20ac.<br \/>\nSi le prestataire suit un mod\u00e8le o\u00f9 il y a un bonus compl\u00e9mentaire certains jours de la semaine, ce bonus est g\u00e9n\u00e9ralement inf\u00e9rieur. Ici, on peut g\u00e9n\u00e9ralement r\u00e9clamer un maximum de 50 % sur une somme relativement faible (jusqu&rsquo;\u00e0 100 \u20ac). Cela d\u00e9pend \u00e9galement du fournisseur.<\/p>\n<h2><span id=\"Comment_reclamer_les_codes_bonus_des_casinos\">Comment r\u00e9clamer les codes bonus des casinos<\/span><\/h2>\n<p>Un dernier type de bonus que la plupart des exploitants de salles de jeux pr\u00e9tendent \u00eatre les codes bonus. Ceux-ci suivent g\u00e9n\u00e9ralement les m\u00eames r\u00e8gles que celles qui s&rsquo;appliquent aux autres types :<\/p>\n<p><img loading=\"lazy\" class=\"wp-image-7838 alignright\" src=\"https:\/\/schweizercasinoclub.com\/wp-content\/uploads\/2020\/11\/055-777-1.png\" alt=\"no-deposit-bonus-icon\" width=\"100\" height=\"100\">D\u00e9p\u00f4t : Certains de ces codes ne peuvent \u00eatre r\u00e9clam\u00e9s qu&rsquo;au moment du d\u00e9p\u00f4t de l&rsquo;argent. Il s&rsquo;agit g\u00e9n\u00e9ralement des codes qui vous permettent d&rsquo;obtenir un pourcentage suppl\u00e9mentaire sur votre d\u00e9p\u00f4t lorsque vous saisissez le code.<br \/>\nCr\u00e9dit gratuit ou tours gratuits : Certains codes bonus permettent \u00e9galement d&rsquo;obtenir des tours ou des cr\u00e9dits gratuits sans avoir \u00e0 d\u00e9poser quoi que ce soit de plus. Ils sont tr\u00e8s rares et sont g\u00e9n\u00e9ralement envoy\u00e9s par le biais de bulletins d&rsquo;information.<\/p>\n<p>L&rsquo;\u00e9change des codes est tr\u00e8s facile : en g\u00e9n\u00e9ral, il y a un champ pour ce bonus de casino sur votre compte sur le site web o\u00f9 vous pouvez entrer le code. Si cela ne concerne que les d\u00e9p\u00f4ts, vous devez g\u00e9n\u00e9ralement l&rsquo;indiquer lorsque vous chargez de l&rsquo;argent. Le processus est tr\u00e8s simple et est bien expliqu\u00e9 sur les sites web.<\/p>\n<h2><span id=\"Conclusion_sur_le_bonus_des_casinos_suisses\">Conclusion sur le bonus des casinos suisses<\/span><\/h2>\n<p>Pour les clients nouveaux et existants, tout avantage \u00e0 jouer et \u00e0 explorer les arcades Internet est le bienvenu. Entre-temps, presque tous les fournisseurs proposent des avantages, des codes ou des offres similaires diff\u00e9rents, avec lesquels vous pouvez vous amuser et tirer le meilleur parti de votre argent. Nous vous souhaitons beaucoup de plaisir \u00e0 explorer et \u00e0 utiliser les nombreux bonus du casino !<\/p>\n","protected":false},"excerpt":{"rendered":"<p>Qu&rsquo;est-ce qu&rsquo;une prime de bienvenue ? L&rsquo;un des bonus les plus populaires est le bonus dit de nouveau client ou bonus de bienvenue, qui peut \u00eatre re\u00e7u dans presque tous les casinos. Cette offre de bonus est particuli\u00e8rement populaire car vous pouvez l&rsquo;obtenir tr\u00e8s facilement. Il vous suffit de vous inscrire. Mais il existe deux [&hellip;]<\/p>\n","protected":false},"author":12,"featured_media":0,"parent":0,"menu_order":0,"comment_status":"closed","ping_status":"closed","template":"","meta":{"inline_featured_image":false},"yoast_head":"<!-- This site is optimized with the Yoast SEO plugin v18.2 - https:\/\/yoast.com\/wordpress\/plugins\/seo\/ -->\n<title>Meilleur Bonus de Casino en ligne \u21d2 TOP Liste des Bonus Casino 2026<\/title>\n<meta name=\"description\" content=\"Meilleur bonus de casino en ligne 2026 Bonus de bienvenue \u2664, bonus sans d\u00e9p\u00f4t \uff04, tours gratuits en ligne \u2728 Voici la liste des offres sp\u00e9ciales que vous pouvez jouer au casino en ligne \u272a. En savoir plus ici \u261d\" \/>\n<meta name=\"robots\" content=\"index, follow, max-snippet:-1, max-image-preview:large, max-video-preview:-1\" \/>\n<link rel=\"canonical\" href=\"https:\/\/schweizercasinoclub.com\/fr\/bonus-casino\/\" \/>\n<meta property=\"og:locale\" content=\"fr_FR\" \/>\n<meta property=\"og:type\" content=\"article\" \/>\n<meta property=\"og:title\" content=\"Meilleur Bonus de Casino en ligne \u21d2 TOP Liste des Bonus Casino 2026\" \/>\n<meta property=\"og:description\" content=\"Meilleur bonus de casino en ligne 2026 Bonus de bienvenue \u2664, bonus sans d\u00e9p\u00f4t \uff04, tours gratuits en ligne \u2728 Voici la liste des offres sp\u00e9ciales que vous pouvez jouer au casino en ligne \u272a. En savoir plus ici \u261d\" \/>\n<meta property=\"og:url\" content=\"https:\/\/schweizercasinoclub.com\/fr\/bonus-casino\/\" \/>\n<meta property=\"og:site_name\" content=\"SchweizerCasinoClub\" \/>\n<meta property=\"article:modified_time\" content=\"2023-01-03T15:05:22+00:00\" \/>\n<meta property=\"og:image\" content=\"https:\/\/schweizercasinoclub.com\/wp-content\/uploads\/2020\/11\/casino-bonus-chips-icon-1.png\" \/>\n<meta name=\"twitter:card\" content=\"summary_large_image\" \/>\n<meta name=\"twitter:label1\" content=\"Est. reading time\" \/>\n\t<meta name=\"twitter:data1\" content=\"7 minutes\" \/>\n<script type=\"application\/ld+json\" class=\"yoast-schema-graph\">{\"@context\":\"https:\/\/schema.org\",\"@graph\":[{\"@type\":\"WebSite\",\"@id\":\"https:\/\/schweizercasinoclub.com\/#website\",\"url\":\"https:\/\/schweizercasinoclub.com\/\",\"name\":\"SchweizerCasinoClub\",\"description\":\"\",\"potentialAction\":[{\"@type\":\"SearchAction\",\"target\":{\"@type\":\"EntryPoint\",\"urlTemplate\":\"https:\/\/schweizercasinoclub.com\/?s={search_term_string}\"},\"query-input\":\"required name=search_term_string\"}],\"inLanguage\":\"fr-CA\"},{\"@type\":\"ImageObject\",\"@id\":\"https:\/\/schweizercasinoclub.com\/fr\/bonus-casino\/#primaryimage\",\"inLanguage\":\"fr-CA\",\"url\":\"https:\/\/schweizercasinoclub.com\/wp-content\/uploads\/2020\/11\/casino-bonus-chips-icon-1.png\",\"contentUrl\":\"https:\/\/schweizercasinoclub.com\/wp-content\/uploads\/2020\/11\/casino-bonus-chips-icon-1.png\",\"width\":512,\"height\":512,\"caption\":\"casino-bonus-chips-icon\"},{\"@type\":\"WebPage\",\"@id\":\"https:\/\/schweizercasinoclub.com\/fr\/bonus-casino\/#webpage\",\"url\":\"https:\/\/schweizercasinoclub.com\/fr\/bonus-casino\/\",\"name\":\"Meilleur Bonus de Casino en ligne \u21d2 TOP Liste des Bonus Casino 2026\",\"isPartOf\":{\"@id\":\"https:\/\/schweizercasinoclub.com\/#website\"},\"primaryImageOfPage\":{\"@id\":\"https:\/\/schweizercasinoclub.com\/fr\/bonus-casino\/#primaryimage\"},\"datePublished\":\"2022-08-15T11:28:11+00:00\",\"dateModified\":\"2023-01-03T15:05:22+00:00\",\"description\":\"Meilleur bonus de casino en ligne 2026 Bonus de bienvenue \u2664, bonus sans d\u00e9p\u00f4t \uff04, tours gratuits en ligne \u2728 Voici la liste des offres sp\u00e9ciales que vous pouvez jouer au casino en ligne \u272a. En savoir plus ici \u261d\",\"breadcrumb\":{\"@id\":\"https:\/\/schweizercasinoclub.com\/fr\/bonus-casino\/#breadcrumb\"},\"inLanguage\":\"fr-CA\",\"potentialAction\":[{\"@type\":\"ReadAction\",\"target\":[\"https:\/\/schweizercasinoclub.com\/fr\/bonus-casino\/\"]}]},{\"@type\":\"BreadcrumbList\",\"@id\":\"https:\/\/schweizercasinoclub.com\/fr\/bonus-casino\/#breadcrumb\",\"itemListElement\":[{\"@type\":\"ListItem\",\"position\":1,\"name\":\"Online Casinos\",\"item\":\"https:\/\/schweizercasinoclub.com\/fr\/\"},{\"@type\":\"ListItem\",\"position\":2,\"name\":\"Bonus\"}]}]}<\/script>\n<!-- \/ Yoast SEO plugin. -->","yoast_head_json":{"title":"Meilleur Bonus de Casino en ligne \u21d2 TOP Liste des Bonus Casino 2026","description":"Meilleur bonus de casino en ligne 2026 Bonus de bienvenue \u2664, bonus sans d\u00e9p\u00f4t \uff04, tours gratuits en ligne \u2728 Voici la liste des offres sp\u00e9ciales que vous pouvez jouer au casino en ligne \u272a. En savoir plus ici \u261d","robots":{"index":"index","follow":"follow","max-snippet":"max-snippet:-1","max-image-preview":"max-image-preview:large","max-video-preview":"max-video-preview:-1"},"canonical":"https:\/\/schweizercasinoclub.com\/fr\/bonus-casino\/","og_locale":"fr_FR","og_type":"article","og_title":"Meilleur Bonus de Casino en ligne \u21d2 TOP Liste des Bonus Casino 2026","og_description":"Meilleur bonus de casino en ligne 2026 Bonus de bienvenue \u2664, bonus sans d\u00e9p\u00f4t \uff04, tours gratuits en ligne \u2728 Voici la liste des offres sp\u00e9ciales que vous pouvez jouer au casino en ligne \u272a. En savoir plus ici \u261d","og_url":"https:\/\/schweizercasinoclub.com\/fr\/bonus-casino\/","og_site_name":"SchweizerCasinoClub","article_modified_time":"2023-01-03T15:05:22+00:00","og_image":[{"url":"https:\/\/schweizercasinoclub.com\/wp-content\/uploads\/2020\/11\/casino-bonus-chips-icon-1.png"}],"twitter_card":"summary_large_image","twitter_misc":{"Est. reading time":"7 minutes"},"schema":{"@context":"https:\/\/schema.org","@graph":[{"@type":"WebSite","@id":"https:\/\/schweizercasinoclub.com\/#website","url":"https:\/\/schweizercasinoclub.com\/","name":"SchweizerCasinoClub","description":"","potentialAction":[{"@type":"SearchAction","target":{"@type":"EntryPoint","urlTemplate":"https:\/\/schweizercasinoclub.com\/?s={search_term_string}"},"query-input":"required name=search_term_string"}],"inLanguage":"fr-CA"},{"@type":"ImageObject","@id":"https:\/\/schweizercasinoclub.com\/fr\/bonus-casino\/#primaryimage","inLanguage":"fr-CA","url":"https:\/\/schweizercasinoclub.com\/wp-content\/uploads\/2020\/11\/casino-bonus-chips-icon-1.png","contentUrl":"https:\/\/schweizercasinoclub.com\/wp-content\/uploads\/2020\/11\/casino-bonus-chips-icon-1.png","width":512,"height":512,"caption":"casino-bonus-chips-icon"},{"@type":"WebPage","@id":"https:\/\/schweizercasinoclub.com\/fr\/bonus-casino\/#webpage","url":"https:\/\/schweizercasinoclub.com\/fr\/bonus-casino\/","name":"Meilleur Bonus de Casino en ligne \u21d2 TOP Liste des Bonus Casino 2026","isPartOf":{"@id":"https:\/\/schweizercasinoclub.com\/#website"},"primaryImageOfPage":{"@id":"https:\/\/schweizercasinoclub.com\/fr\/bonus-casino\/#primaryimage"},"datePublished":"2022-08-15T11:28:11+00:00","dateModified":"2023-01-03T15:05:22+00:00","description":"Meilleur bonus de casino en ligne 2026 Bonus de bienvenue \u2664, bonus sans d\u00e9p\u00f4t \uff04, tours gratuits en ligne \u2728 Voici la liste des offres sp\u00e9ciales que vous pouvez jouer au casino en ligne \u272a. En savoir plus ici \u261d","breadcrumb":{"@id":"https:\/\/schweizercasinoclub.com\/fr\/bonus-casino\/#breadcrumb"},"inLanguage":"fr-CA","potentialAction":[{"@type":"ReadAction","target":["https:\/\/schweizercasinoclub.com\/fr\/bonus-casino\/"]}]},{"@type":"BreadcrumbList","@id":"https:\/\/schweizercasinoclub.com\/fr\/bonus-casino\/#breadcrumb","itemListElement":[{"@type":"ListItem","position":1,"name":"Online Casinos","item":"https:\/\/schweizercasinoclub.com\/fr\/"},{"@type":"ListItem","position":2,"name":"Bonus"}]}]}},"_links":{"self":[{"href":"https:\/\/schweizercasinoclub.com\/fr\/wp-json\/wp\/v2\/pages\/14855"}],"collection":[{"href":"https:\/\/schweizercasinoclub.com\/fr\/wp-json\/wp\/v2\/pages"}],"about":[{"href":"https:\/\/schweizercasinoclub.com\/fr\/wp-json\/wp\/v2\/types\/page"}],"author":[{"embeddable":true,"href":"https:\/\/schweizercasinoclub.com\/fr\/wp-json\/wp\/v2\/users\/12"}],"replies":[{"embeddable":true,"href":"https:\/\/schweizercasinoclub.com\/fr\/wp-json\/wp\/v2\/comments?post=14855"}],"version-history":[{"count":8,"href":"https:\/\/schweizercasinoclub.com\/fr\/wp-json\/wp\/v2\/pages\/14855\/revisions"}],"predecessor-version":[{"id":17868,"href":"https:\/\/schweizercasinoclub.com\/fr\/wp-json\/wp\/v2\/pages\/14855\/revisions\/17868"}],"wp:attachment":[{"href":"https:\/\/schweizercasinoclub.com\/fr\/wp-json\/wp\/v2\/media?parent=14855"}],"curies":[{"name":"wp","href":"https:\/\/api.w.org\/{rel}","templated":true}]}}